{"id":3997,"date":"2023-09-08T13:21:23","date_gmt":"2023-09-08T11:21:23","guid":{"rendered":"https:\/\/www.ipdata.se\/privatumo-politika\/"},"modified":"2025-04-24T16:50:01","modified_gmt":"2025-04-24T14:50:01","slug":"privatumo-politika","status":"publish","type":"page","link":"https:\/\/www.ipdata.se\/lt\/privatumo-politika\/","title":{"rendered":"Privatumo politika"},"content":{"rendered":"<div class=\"wpb-content-wrapper\"><p>[vc_row][vc_column]\t\t<div id=\"wd-64fb130671e2e\" class=\"wd-text-block wd-wpb reset-last-child wd-rs-64fb130671e2e text-left \">\n\t\t\t<h2>IP Datam\u00f6nster AB privatumo politika<\/h2>\n<p>IP Datam\u00f6nster AB valdo ipdata.se svetain\u0119, kurioje teikiama PASLAUGA.<\/p>\n<p>\u0160is puslapis naudojamas informuoti svetain\u0117s lankytojus apie m\u016bs\u0173 politik\u0105, susijusi\u0105 su Asmens informacijos rinkimu, naudojimu ir atskleidimu, jei kas nors nuspr\u0119st\u0173 naudotis m\u016bs\u0173 paslauga, IP Data grup\u0117s svetaine.<\/p>\n<p>Jei pasirenkate naudotis m\u016bs\u0173 Paslauga, sutinkate, kad b\u016bt\u0173 renkama ir naudojama informacija, susijusi su \u0161ia politika. Asmenin\u0117 informacija, kuri\u0105 renkame, naudojama Paslaugai teikti ir tobulinti. J\u016bs\u0173 informacijos nenaudosime ir su niekuo nesidalinsime, i\u0161skyrus atvejus, apra\u0161ytus \u0161ioje privatumo politikoje.  <\/p>\n<p>\u0160ioje privatumo politikoje vartojamos s\u0105vokos turi tokias pa\u010dias reik\u0161mes kaip ir m\u016bs\u0173 taisykl\u0117se ir s\u0105lygose, kurios pasiekiamos adresu ipdata.se, nebent \u0161ioje privatumo politikoje apibr\u0117\u017eta kitaip.<\/p>\n<h2>Informacijos rinkimas ir naudojimas<\/h2>\n<p>Nor\u0117dami gauti geresn\u0119 patirt\u012f naudojantis m\u016bs\u0173 paslauga, galime reikalauti, kad pateiktum\u0117te tam tikr\u0105 asmen\u012f identifikuojan\u010di\u0105 informacij\u0105, \u012fskaitant, bet tuo neapsiribojant, j\u016bs\u0173 vard\u0105, telefono numer\u012f ir pa\u0161to adres\u0105. Informacija, kuri\u0105 mes renkame, bus naudojama susisiekti su jumis arba identifikuoti jus. <\/p>\n<h2>\u017durnalo duomenys<\/h2>\n<p>Norime jus informuoti, kad kiekvien\u0105 kart\u0105, kai lankot\u0117s m\u016bs\u0173 Paslaugoje, renkame informacij\u0105, kuri\u0105 mums siun\u010dia j\u016bs\u0173 nar\u0161ykl\u0117, kuri vadinama \u017eurnalo duomenimis. \u0160ie \u017eurnalo duomenys gali apimti toki\u0105 informacij\u0105 kaip j\u016bs\u0173 kompiuterio interneto protokolo (IP) adresas, nar\u0161ykl\u0117s versija, m\u016bs\u0173 Paslaugos puslapiai, kuriuose lankot\u0117s, j\u016bs\u0173 apsilankymo laikas ir data, laikas, praleistas tuose puslapiuose, ir kita statistika. <\/p>\n<h2>Slapukai<\/h2>\n<p>Slapukai yra failai su nedideliu duomen\u0173 kiekiu, kurie da\u017eniausiai naudojami kaip anoniminis unikalus identifikatorius. Jie siun\u010diami \u012f j\u016bs\u0173 nar\u0161ykl\u0119 i\u0161 svetain\u0117s, kurioje lankot\u0117s, ir saugomi j\u016bs\u0173 kompiuterio stand\u017eiajame diske. <\/p>\n<p>M\u016bs\u0173 svetain\u0117 naudoja \u0161iuos \u201eslapukus\u201c informacijai rinkti ir Paslaugai tobulinti. J\u016bs turite galimyb\u0119 priimti arba atmesti \u0161iuos slapukus ir \u017einoti, kada slapukas siun\u010diamas \u012f j\u016bs\u0173 kompiuter\u012f. Jei nuspr\u0119site atsisakyti m\u016bs\u0173 slapuk\u0173, gali b\u016bti, kad negal\u0117site naudotis kai kuriomis m\u016bs\u0173 Paslaugos dalimis.  <\/p>\n<h2>Paslaug\u0173 teik\u0117jai<\/h2>\n<p>D\u0117l \u0161i\u0173 prie\u017eas\u010di\u0173 mes galime pasitelkti tre\u010di\u0173j\u0173 \u0161ali\u0173 \u012fmones ir asmenis:<\/p>\n<ul>\n<li>Norint palengvinti m\u016bs\u0173 paslaug\u0105;<\/li>\n<li>Teikti Paslaug\u0105 m\u016bs\u0173 vardu;<\/li>\n<li>Atlikti paslaug\u0173 teikimo su paslauga susijusias u\u017eduotis;<\/li>\n<li>Pad\u0117ti mums analizuoti, kaip naudojamasi m\u016bs\u0173 paslauga.<\/li>\n<\/ul>\n<p>Norime informuoti m\u016bs\u0173 paslaug\u0173 vartotojus, kad \u0161ios tre\u010diosios \u0161alys turi prieig\u0105 prie j\u016bs\u0173 asmens duomen\u0173. Tai daroma tam, kad jie gal\u0117t\u0173 atlikti u\u017eduotis, paskirtas m\u016bs\u0173 vardu. Ta\u010diau jie \u012fsipareigoja neskelbti ir nenaudoti \u0161ios informacijos jokiems kitiems tikslams.  <\/p>\n<h2>Saugumas<\/h2>\n<p>Mes vertiname j\u016bs\u0173 pasitik\u0117jim\u0105 suteikiant mums savo asmens duomenis, tod\u0117l stengiam\u0117s naudoti komerci\u0161kai priimtinas priemones j\u0173 apsaugai. Ta\u010diau atminkite, kad jokia perduodama informacija per internet\u0105 arba elektronin\u0117s saugojimo priemon\u0117s n\u0117ra 100% saugios ir patikimos, tod\u0117l mes negalime u\u017etikrinti visi\u0161ko j\u0173 saugumo. <\/p>\n<h2>Nuorodos \u012f i\u0161orines svetaines<\/h2>\n<p>\u201eM\u016bs\u0173 paslauga gali tur\u0117ti nuorod\u0173 \u012f kitas svetaines. Jei spustel\u0117site tre\u010diosios \u0161alies nuorod\u0105, b\u016bsite nukreipti \u012f t\u0105 svetain\u0119. Atkreipkite d\u0117mes\u012f, kad \u0161ios i\u0161orin\u0117s svetain\u0117s n\u0117ra valdoma m\u016bs\u0173. Tod\u0117l mes stipriai rekomenduojame perskaityti \u0161i\u0173 svetaini\u0173 privatumo politik\u0105. Mes neturime kontrol\u0117s ir neprisiimame atsakomyb\u0117s u\u017e \u0161i\u0173 tre\u010di\u0173j\u0173 \u0161ali\u0173 svetaini\u0173 turin\u012f, privatumo politik\u0105 ar praktikas.    <\/p>\n<p>Vaik\u0173 privatumas<\/p>\n<p>M\u016bs\u0173 paslaugos n\u0117ra skirtos asmenims, jaunesniems nei 13 met\u0173. Mes nesiekdami renkam\u0117s asmens tapatyb\u0117s informacij\u0105 i\u0161 vaik\u0173, jaunesni\u0173 nei 13 met\u0173. Jei su\u017einosime, kad vaikas, jaunesnis nei 13 met\u0173, pateik\u0117 mums asmenin\u0119 informacij\u0105, mes j\u0105 nedelsiant i\u0161trinsime i\u0161 m\u016bs\u0173 serveri\u0173. Jei esate t\u0117vas ar glob\u0117jas ir \u017einote, kad j\u016bs\u0173 vaikas pateik\u0117 mums asmenin\u0119 informacij\u0105, pra\u0161ome susisiekti su mumis, kad gal\u0117tume atlikti reikiamus veiksmus.   <\/p>\n<h2>Privatumo politikos pakeitimai ir atnaujinimai<\/h2>\n<p>\u201eMes galime periodi\u0161kai atnaujinti m\u016bs\u0173 privatumo politik\u0105. Tod\u0117l rekomenduojame jums reguliariai per\u017ei\u016br\u0117ti \u0161\u012f puslap\u012f, kad su\u017einotum\u0117te apie pakeitimus. Apie pakeitimus prane\u0161ime paskelbdami nauj\u0105 privatumo politik\u0105 \u0161iame puslapyje. \u0160ie pakeitimai \u012fsigalioja nedelsiant, kai jie yra paskelbiami \u0161iame puslapyje.   <\/p>\n<p><a href=\"https:\/\/www.privacypolicytemplate.net\">M\u016bs\u0173 privatumo politika<\/a> buvo sukurta remiantis privatumo politikos \u0161ablonu.<\/p>\n<h2>Susisiekite su mumis<\/h2>\n<p>Jei turite klausim\u0173 ar pasi\u016blym\u0173 d\u0117l m\u016bs\u0173 privatumo politikos, nedvejodami susisiekite su mumis.<\/p>\n\t\t<\/div>\n\t\t[\/vc_column][\/vc_row]<\/p>\n<\/div>","protected":false},"excerpt":{"rendered":"<p>[vc_row][vc_column][\/vc_column][\/vc_row]<\/p>\n","protected":false},"author":2,"featured_media":0,"parent":0,"menu_order":800,"comment_status":"closed","ping_status":"closed","template":"","meta":{"footnotes":""},"class_list":["post-3997","page","type-page","status-publish","hentry"],"yoast_head":"<!-- This site is optimized with the Yoast SEO plugin v27.1.1 - https:\/\/yoast.com\/product\/yoast-seo-wordpress\/ -->\n<title>Privatumo politika - IP DATA GROUP<\/title>\n<meta name=\"robots\" content=\"index, follow, max-snippet:-1, max-image-preview:large, max-video-preview:-1\" \/>\n<link rel=\"canonical\" href=\"https:\/\/www.ipdata.se\/lt\/privatumo-politika\/\" \/>\n<meta property=\"og:locale\" content=\"lt_LT\" \/>\n<meta property=\"og:type\" content=\"article\" \/>\n<meta property=\"og:title\" content=\"Privatumo politika - IP DATA GROUP\" \/>\n<meta property=\"og:description\" content=\"[vc_row][vc_column][\/vc_column][\/vc_row]\" \/>\n<meta property=\"og:url\" content=\"https:\/\/www.ipdata.se\/lt\/privatumo-politika\/\" \/>\n<meta property=\"og:site_name\" content=\"IP DATA GROUP\" \/>\n<meta property=\"article:modified_time\" content=\"2025-04-24T14:50:01+00:00\" \/>\n<meta name=\"twitter:card\" content=\"summary_large_image\" \/>\n<meta name=\"twitter:label1\" content=\"Apytikslis skaitymo laikas\" \/>\n\t<meta name=\"twitter:data1\" content=\"4 minut\u0117s\" \/>\n<script type=\"application\/ld+json\" class=\"yoast-schema-graph\">{\"@context\":\"https:\/\/schema.org\",\"@graph\":[{\"@type\":\"WebPage\",\"@id\":\"https:\/\/www.ipdata.se\/lt\/privatumo-politika\/\",\"url\":\"https:\/\/www.ipdata.se\/lt\/privatumo-politika\/\",\"name\":\"Privatumo politika - IP DATA GROUP\",\"isPartOf\":{\"@id\":\"https:\/\/www.ipdata.se\/lt\/#website\"},\"datePublished\":\"2023-09-08T11:21:23+00:00\",\"dateModified\":\"2025-04-24T14:50:01+00:00\",\"breadcrumb\":{\"@id\":\"https:\/\/www.ipdata.se\/lt\/privatumo-politika\/#breadcrumb\"},\"inLanguage\":\"lt-LT\",\"potentialAction\":[{\"@type\":\"ReadAction\",\"target\":[\"https:\/\/www.ipdata.se\/lt\/privatumo-politika\/\"]}]},{\"@type\":\"BreadcrumbList\",\"@id\":\"https:\/\/www.ipdata.se\/lt\/privatumo-politika\/#breadcrumb\",\"itemListElement\":[{\"@type\":\"ListItem\",\"position\":1,\"name\":\"Hem\",\"item\":\"https:\/\/www.ipdata.se\/lt\/\"},{\"@type\":\"ListItem\",\"position\":2,\"name\":\"Privatumo politika\"}]},{\"@type\":\"WebSite\",\"@id\":\"https:\/\/www.ipdata.se\/lt\/#website\",\"url\":\"https:\/\/www.ipdata.se\/lt\/\",\"name\":\"IP DATA GROUP\",\"description\":\"\",\"potentialAction\":[{\"@type\":\"SearchAction\",\"target\":{\"@type\":\"EntryPoint\",\"urlTemplate\":\"https:\/\/www.ipdata.se\/lt\/?s={search_term_string}\"},\"query-input\":{\"@type\":\"PropertyValueSpecification\",\"valueRequired\":true,\"valueName\":\"search_term_string\"}}],\"inLanguage\":\"lt-LT\"}]}<\/script>\n<!-- \/ Yoast SEO plugin. -->","yoast_head_json":{"title":"Privatumo politika - IP DATA GROUP","robots":{"index":"index","follow":"follow","max-snippet":"max-snippet:-1","max-image-preview":"max-image-preview:large","max-video-preview":"max-video-preview:-1"},"canonical":"https:\/\/www.ipdata.se\/lt\/privatumo-politika\/","og_locale":"lt_LT","og_type":"article","og_title":"Privatumo politika - IP DATA GROUP","og_description":"[vc_row][vc_column][\/vc_column][\/vc_row]","og_url":"https:\/\/www.ipdata.se\/lt\/privatumo-politika\/","og_site_name":"IP DATA GROUP","article_modified_time":"2025-04-24T14:50:01+00:00","twitter_card":"summary_large_image","twitter_misc":{"Apytikslis skaitymo laikas":"4 minut\u0117s"},"schema":{"@context":"https:\/\/schema.org","@graph":[{"@type":"WebPage","@id":"https:\/\/www.ipdata.se\/lt\/privatumo-politika\/","url":"https:\/\/www.ipdata.se\/lt\/privatumo-politika\/","name":"Privatumo politika - IP DATA GROUP","isPartOf":{"@id":"https:\/\/www.ipdata.se\/lt\/#website"},"datePublished":"2023-09-08T11:21:23+00:00","dateModified":"2025-04-24T14:50:01+00:00","breadcrumb":{"@id":"https:\/\/www.ipdata.se\/lt\/privatumo-politika\/#breadcrumb"},"inLanguage":"lt-LT","potentialAction":[{"@type":"ReadAction","target":["https:\/\/www.ipdata.se\/lt\/privatumo-politika\/"]}]},{"@type":"BreadcrumbList","@id":"https:\/\/www.ipdata.se\/lt\/privatumo-politika\/#breadcrumb","itemListElement":[{"@type":"ListItem","position":1,"name":"Hem","item":"https:\/\/www.ipdata.se\/lt\/"},{"@type":"ListItem","position":2,"name":"Privatumo politika"}]},{"@type":"WebSite","@id":"https:\/\/www.ipdata.se\/lt\/#website","url":"https:\/\/www.ipdata.se\/lt\/","name":"IP DATA GROUP","description":"","potentialAction":[{"@type":"SearchAction","target":{"@type":"EntryPoint","urlTemplate":"https:\/\/www.ipdata.se\/lt\/?s={search_term_string}"},"query-input":{"@type":"PropertyValueSpecification","valueRequired":true,"valueName":"search_term_string"}}],"inLanguage":"lt-LT"}]}},"_links":{"self":[{"href":"https:\/\/www.ipdata.se\/lt\/wp-json\/wp\/v2\/pages\/3997","targetHints":{"allow":["GET"]}}],"collection":[{"href":"https:\/\/www.ipdata.se\/lt\/wp-json\/wp\/v2\/pages"}],"about":[{"href":"https:\/\/www.ipdata.se\/lt\/wp-json\/wp\/v2\/types\/page"}],"author":[{"embeddable":true,"href":"https:\/\/www.ipdata.se\/lt\/wp-json\/wp\/v2\/users\/2"}],"replies":[{"embeddable":true,"href":"https:\/\/www.ipdata.se\/lt\/wp-json\/wp\/v2\/comments?post=3997"}],"version-history":[{"count":5,"href":"https:\/\/www.ipdata.se\/lt\/wp-json\/wp\/v2\/pages\/3997\/revisions"}],"predecessor-version":[{"id":4049,"href":"https:\/\/www.ipdata.se\/lt\/wp-json\/wp\/v2\/pages\/3997\/revisions\/4049"}],"wp:attachment":[{"href":"https:\/\/www.ipdata.se\/lt\/wp-json\/wp\/v2\/media?parent=3997"}],"curies":[{"name":"wp","href":"https:\/\/api.w.org\/{rel}","templated":true}]}}