{"id":4111,"date":"2023-03-06T10:07:16","date_gmt":"2023-03-06T09:07:16","guid":{"rendered":"https:\/\/www.ipdata.se\/programine-iranga\/camsuite\/"},"modified":"2025-04-25T15:28:28","modified_gmt":"2025-04-25T13:28:28","slug":"camsuite","status":"publish","type":"page","link":"https:\/\/www.ipdata.se\/lt\/programine-iranga\/camsuite\/","title":{"rendered":"CAMSuite"},"content":{"rendered":"<div class=\"wpb-content-wrapper\"><p>[vc_row full_width=&#8221;stretch_row&#8221; woodmart_bg_position=&#8221;center-center&#8221; css=&#8221;.vc_custom_1745574117441{margin-top: -150px !important;background: #edeef2 url(https:\/\/www.ipdata.se\/wp-content\/uploads\/2023\/03\/64-ZCC.png?id=189) !important;background-position: center !important;background-repeat: no-repeat !important;background-size: cover !important;}&#8221; woodmart_css_id=&#8221;680b58da40404&#8243; responsive_spacing=&#8221;eyJwYXJhbV90eXBlIjoid29vZG1hcnRfcmVzcG9uc2l2ZV9zcGFjaW5nIiwic2VsZWN0b3JfaWQiOiI2ODBiNThkYTQwNDA0Iiwic2hvcnRjb2RlIjoidmNfcm93IiwiZGF0YSI6eyJ0YWJsZXQiOnt9LCJtb2JpbGUiOnt9fX0=&#8221; mobile_bg_img_hidden=&#8221;no&#8221; tablet_bg_img_hidden=&#8221;no&#8221; woodmart_parallax=&#8221;0&#8243; woodmart_gradient_switch=&#8221;yes&#8221; woodmart_box_shadow=&#8221;no&#8221; wd_z_index=&#8221;no&#8221; woodmart_disable_overflow=&#8221;0&#8243; row_reverse_mobile=&#8221;0&#8243; row_reverse_tablet=&#8221;0&#8243; woodmart_color_gradient=&#8221;rgba(0, 0, 0, 0.5)-0\/rgba(0, 0, 0, 0)-72\/|linear-gradient(left , rgba(0, 0, 0, 0.5) , rgba(0, 0, 0, 0) 72%)|linear|left&#8221;][vc_column woodmart_color_scheme=&#8221;light&#8221; css=&#8221;.vc_custom_1678182641300{padding-top: 90px !important;padding-bottom: 90px !important;}&#8221; woodmart_css_id=&#8221;640708ee9a5a9&#8243; parallax_scroll=&#8221;no&#8221; woodmart_sticky_column=&#8221;false&#8221; wd_collapsible_content_switcher=&#8221;no&#8221; wd_column_role_offcanvas_desktop=&#8221;no&#8221; wd_column_role_offcanvas_tablet=&#8221;no&#8221; wd_column_role_offcanvas_mobile=&#8221;no&#8221; wd_column_role_content_desktop=&#8221;no&#8221; wd_column_role_content_tablet=&#8221;no&#8221; wd_column_role_content_mobile=&#8221;no&#8221; mobile_bg_img_hidden=&#8221;no&#8221; tablet_bg_img_hidden=&#8221;no&#8221; woodmart_parallax=&#8221;0&#8243; woodmart_box_shadow=&#8221;no&#8221; responsive_spacing=&#8221;eyJwYXJhbV90eXBlIjoid29vZG1hcnRfcmVzcG9uc2l2ZV9zcGFjaW5nIiwic2VsZWN0b3JfaWQiOiI2NDA3MDhlZTlhNWE5Iiwic2hvcnRjb2RlIjoidmNfY29sdW1uIiwiZGF0YSI6eyJ0YWJsZXQiOnsicGFkZGluZy10b3AiOiI5MHB4IiwicGFkZGluZy1ib3R0b20iOiI5MHB4In0sIm1vYmlsZSI6eyJwYWRkaW5nLXRvcCI6IjYwcHgiLCJwYWRkaW5nLWJvdHRvbSI6IjYwcHgifX19&#8243; mobile_reset_margin=&#8221;no&#8221; tablet_reset_margin=&#8221;no&#8221; wd_z_index=&#8221;no&#8221;]\n\t\t<div id=\"wd-64070e3a7b3f5\" class=\"title-wrapper wd-wpb wd-set-mb reset-last-child  wd-rs-64070e3a7b3f5 wd-title-color-primary wd-title-style-simple text-left vc_custom_1678184002478 wd-underline-colored\">\n\t\t\t\n\t\t\t<div class=\"liner-continer\">\n\t\t\t\t<h1 class=\"woodmart-title-container title  wd-font-weight- wd-fontsize-xxxl\" >CAMSuite<\/h1>\n\t\t\t\t\t\t\t<\/div>\n\t\t\t\n\t\t\t\t\t\t\t<div class=\"title-after_title reset-last-child  wd-fontsize-s\">CAMSuite \u2013 pa\u017eangi CAD-CAM optimizavimo programin\u0117 \u012franga<\/div>\n\t\t\t\n\t\t\t\n\t\t<\/div>\n\t\t\n\t\t\t\t<div class=\"wd-el-breadcrumbs wd-wpb wd-rs-640708d1329df wd-enabled-width vc_custom_1678182635101 text-left\">\n\t\t\t<nav class=\"wd-breadcrumbs woocommerce-breadcrumb\" aria-label=\"Breadcrumb\">\t\t\t\t<span class=\"wd-last\">\n\t\t\t\t\tPrad\u017eia\t\t\t\t<\/span>\n\t\t\t<\/nav>\t\t<\/div>\n\t\t[\/vc_column][\/vc_row][vc_row full_width=&#8221;stretch_row&#8221; equal_height=&#8221;yes&#8221; content_placement=&#8221;top&#8221; css=&#8221;.vc_custom_1678182352581{margin-bottom: 0px !important;padding-top: 60px !important;padding-bottom: 60px !important;background-color: #f4f5f7 !important;}&#8221; woodmart_css_id=&#8221;640707c7290d2&#8243; responsive_spacing=&#8221;eyJwYXJhbV90eXBlIjoid29vZG1hcnRfcmVzcG9uc2l2ZV9zcGFjaW5nIiwic2VsZWN0b3JfaWQiOiI2NDA3MDdjNzI5MGQyIiwic2hvcnRjb2RlIjoidmNfcm93IiwiZGF0YSI6eyJ0YWJsZXQiOnt9LCJtb2JpbGUiOnt9fX0=&#8221; mobile_bg_img_hidden=&#8221;no&#8221; tablet_bg_img_hidden=&#8221;no&#8221; woodmart_parallax=&#8221;0&#8243; woodmart_gradient_switch=&#8221;no&#8221; woodmart_box_shadow=&#8221;no&#8221; wd_z_index=&#8221;no&#8221; woodmart_disable_overflow=&#8221;0&#8243; row_reverse_mobile=&#8221;0&#8243; row_reverse_tablet=&#8221;0&#8243;][vc_column width=&#8221;1\/2&#8243; css=&#8221;.vc_custom_1678112498917{padding-top: 0px !important;}&#8221; woodmart_css_id=&#8221;6405f6e9a9c83&#8243; parallax_scroll=&#8221;no&#8221; woodmart_sticky_column=&#8221;false&#8221; wd_collapsible_content_switcher=&#8221;no&#8221; wd_column_role_offcanvas_desktop=&#8221;no&#8221; wd_column_role_offcanvas_tablet=&#8221;no&#8221; wd_column_role_offcanvas_mobile=&#8221;no&#8221; wd_column_role_content_desktop=&#8221;no&#8221; wd_column_role_content_tablet=&#8221;no&#8221; wd_column_role_content_mobile=&#8221;no&#8221; mobile_bg_img_hidden=&#8221;no&#8221; tablet_bg_img_hidden=&#8221;no&#8221; woodmart_parallax=&#8221;0&#8243; woodmart_box_shadow=&#8221;no&#8221; responsive_spacing=&#8221;eyJwYXJhbV90eXBlIjoid29vZG1hcnRfcmVzcG9uc2l2ZV9zcGFjaW5nIiwic2VsZWN0b3JfaWQiOiI2NDA1ZjZlOWE5YzgzIiwic2hvcnRjb2RlIjoidmNfY29sdW1uIiwiZGF0YSI6eyJ0YWJsZXQiOnt9LCJtb2JpbGUiOnt9fX0=&#8221; mobile_reset_margin=&#8221;no&#8221; tablet_reset_margin=&#8221;no&#8221; wd_z_index=&#8221;no&#8221;]\n\t\t<div id=\"wd-680b8dc5e95af\" class=\"title-wrapper wd-wpb wd-set-mb reset-last-child  wd-rs-680b8dc5e95af wd-title-color-default wd-title-style-default text-left  wd-underline-colored\">\n\t\t\t\n\t\t\t<div class=\"liner-continer\">\n\t\t\t\t<h2 class=\"woodmart-title-container title  wd-font-weight- wd-fontsize-xxxl\" >CAMSuite \u2013 CAD-CAM optimizavimas <\/h2>\n\t\t\t\t\t\t\t<\/div>\n\t\t\t\n\t\t\t\n\t\t\t\n\t\t<\/div>\n\t\t\n\t\t\t\t<div id=\"wd-64070e7573975\" class=\"wd-text-block wd-wpb reset-last-child wd-rs-64070e7573975 text-left vc_custom_1678184057960\">\n\t\t\t<p>Su CAMSuite \u2013 pa\u017eangiu CAD-CAM optimizavimo \u012frankiu, turite visas reikiamas priemones efektyviam modeli\u0173 k\u016brimui ir optimizavimui. Galite lengvai paruo\u0161ti gamybai modelius importuodami failus arba skaitmenindami modelius.<\/p>\n\t\t<\/div>\n\t\t[\/vc_column][vc_column width=&#8221;1\/2&#8243; css=&#8221;.vc_custom_1678112505141{padding-top: 0px !important;}&#8221; woodmart_css_id=&#8221;6405f6f654b33&#8243; parallax_scroll=&#8221;no&#8221; woodmart_sticky_column=&#8221;false&#8221; wd_collapsible_content_switcher=&#8221;no&#8221; wd_column_role_offcanvas_desktop=&#8221;no&#8221; wd_column_role_offcanvas_tablet=&#8221;no&#8221; wd_column_role_offcanvas_mobile=&#8221;no&#8221; wd_column_role_content_desktop=&#8221;no&#8221; wd_column_role_content_tablet=&#8221;no&#8221; wd_column_role_content_mobile=&#8221;no&#8221; mobile_bg_img_hidden=&#8221;no&#8221; tablet_bg_img_hidden=&#8221;no&#8221; woodmart_parallax=&#8221;0&#8243; woodmart_box_shadow=&#8221;no&#8221; responsive_spacing=&#8221;eyJwYXJhbV90eXBlIjoid29vZG1hcnRfcmVzcG9uc2l2ZV9zcGFjaW5nIiwic2VsZWN0b3JfaWQiOiI2NDA1ZjZmNjU0YjMzIiwic2hvcnRjb2RlIjoidmNfY29sdW1uIiwiZGF0YSI6eyJ0YWJsZXQiOnt9LCJtb2JpbGUiOnt9fX0=&#8221; mobile_reset_margin=&#8221;no&#8221; tablet_reset_margin=&#8221;no&#8221; wd_z_index=&#8221;no&#8221;][vc_single_image image=&#8221;166&#8243; img_size=&#8221;full&#8221; alignment=&#8221;center&#8221; css=&#8221;.vc_custom_1678184041858{margin-bottom: 0px !important;}&#8221; parallax_scroll=&#8221;no&#8221; woodmart_inline=&#8221;no&#8221;][\/vc_column][\/vc_row][vc_row full_width=&#8221;stretch_row&#8221; woodmart_bg_position=&#8221;right-bottom&#8221; css=&#8221;.vc_custom_1678182562685{margin-top: 40px !important;margin-bottom: 0px !important;padding-top: 0px !important;padding-bottom: 0px !important;background-image: url(https:\/\/www.ipdata.se\/wp-content\/uploads\/2023\/03\/1028-UM.jpg?id=64) !important;background-position: 0 0 !important;background-repeat: no-repeat !important;}&#8221; woodmart_css_id=&#8221;6407089d735fe&#8221; responsive_spacing=&#8221;eyJwYXJhbV90eXBlIjoid29vZG1hcnRfcmVzcG9uc2l2ZV9zcGFjaW5nIiwic2VsZWN0b3JfaWQiOiI2NDA3MDg5ZDczNWZlIiwic2hvcnRjb2RlIjoidmNfcm93IiwiZGF0YSI6eyJ0YWJsZXQiOnt9LCJtb2JpbGUiOnt9fX0=&#8221; mobile_bg_img_hidden=&#8221;no&#8221; tablet_bg_img_hidden=&#8221;no&#8221; woodmart_parallax=&#8221;0&#8243; woodmart_gradient_switch=&#8221;no&#8221; woodmart_box_shadow=&#8221;no&#8221; wd_z_index=&#8221;no&#8221; woodmart_disable_overflow=&#8221;0&#8243; row_reverse_mobile=&#8221;0&#8243; row_reverse_tablet=&#8221;0&#8243;][vc_column css=&#8221;.vc_custom_1678191778504{margin-top: 0px !important;margin-bottom: 0px !important;padding-top: 10vh !important;padding-bottom: 10vh !important;}&#8221; woodmart_css_id=&#8221;64072c9e734c9&#8243; parallax_scroll=&#8221;no&#8221; woodmart_sticky_column=&#8221;false&#8221; wd_collapsible_content_switcher=&#8221;no&#8221; wd_column_role_offcanvas_desktop=&#8221;no&#8221; wd_column_role_offcanvas_tablet=&#8221;no&#8221; wd_column_role_offcanvas_mobile=&#8221;no&#8221; wd_column_role_content_desktop=&#8221;no&#8221; wd_column_role_content_tablet=&#8221;no&#8221; wd_column_role_content_mobile=&#8221;no&#8221; mobile_bg_img_hidden=&#8221;no&#8221; tablet_bg_img_hidden=&#8221;no&#8221; woodmart_parallax=&#8221;0&#8243; woodmart_box_shadow=&#8221;no&#8221; responsive_spacing=&#8221;eyJwYXJhbV90eXBlIjoid29vZG1hcnRfcmVzcG9uc2l2ZV9zcGFjaW5nIiwic2VsZWN0b3JfaWQiOiI2NDA3MmM5ZTczNGM5Iiwic2hvcnRjb2RlIjoidmNfY29sdW1uIiwiZGF0YSI6eyJ0YWJsZXQiOnt9LCJtb2JpbGUiOnt9fX0=&#8221; mobile_reset_margin=&#8221;no&#8221; tablet_reset_margin=&#8221;no&#8221; wd_z_index=&#8221;no&#8221;][vc_row_inner woodmart_css_id=&#8221;6407082249249&#8243; responsive_spacing=&#8221;eyJwYXJhbV90eXBlIjoid29vZG1hcnRfcmVzcG9uc2l2ZV9zcGFjaW5nIiwic2VsZWN0b3JfaWQiOiI2NDA3MDgyMjQ5MjQ5Iiwic2hvcnRjb2RlIjoidmNfcm93X2lubmVyIiwiZGF0YSI6eyJ0YWJsZXQiOnt9LCJtb2JpbGUiOnt9fX0=&#8221; mobile_bg_img_hidden=&#8221;no&#8221; tablet_bg_img_hidden=&#8221;no&#8221; woodmart_parallax=&#8221;0&#8243; woodmart_gradient_switch=&#8221;no&#8221; woodmart_box_shadow=&#8221;no&#8221; wd_z_index=&#8221;no&#8221; woodmart_disable_overflow=&#8221;0&#8243; row_reverse_mobile=&#8221;0&#8243; row_reverse_tablet=&#8221;0&#8243; css=&#8221;.vc_custom_1678182439560{margin-top: 0px !important;margin-bottom: 0px !important;padding-top: 0px !important;padding-bottom: 0px !important;}&#8221;][vc_column_inner width=&#8221;1\/2&#8243; css=&#8221;.vc_custom_1677765795331{padding-top: 40px !important;padding-right: 40px !important;padding-bottom: 40px !important;padding-left: 40px !important;background-color: #264359 !important;}&#8221; woodmart_css_id=&#8221;6400ac939cd69&#8243; parallax_scroll=&#8221;no&#8221; woodmart_sticky_column=&#8221;false&#8221; wd_collapsible_content_switcher=&#8221;no&#8221; wd_column_role_offcanvas_desktop=&#8221;no&#8221; wd_column_role_offcanvas_tablet=&#8221;no&#8221; wd_column_role_offcanvas_mobile=&#8221;no&#8221; wd_column_role_content_desktop=&#8221;no&#8221; wd_column_role_content_tablet=&#8221;no&#8221; wd_column_role_content_mobile=&#8221;no&#8221; mobile_bg_img_hidden=&#8221;no&#8221; tablet_bg_img_hidden=&#8221;no&#8221; woodmart_parallax=&#8221;0&#8243; woodmart_box_shadow=&#8221;no&#8221; responsive_spacing=&#8221;eyJwYXJhbV90eXBlIjoid29vZG1hcnRfcmVzcG9uc2l2ZV9zcGFjaW5nIiwic2VsZWN0b3JfaWQiOiI2NDAwYWM5MzljZDY5Iiwic2hvcnRjb2RlIjoidmNfY29sdW1uX2lubmVyIiwiZGF0YSI6eyJ0YWJsZXQiOnt9LCJtb2JpbGUiOnt9fX0=&#8221; wd_z_index=&#8221;no&#8221;]\n\t\t<div id=\"wd-64070e7df2c83\" class=\"title-wrapper wd-wpb wd-set-mb reset-last-child  wd-rs-64070e7df2c83 wd-title-color-default wd-title-style-default text-left vc_custom_1678184067922 wd-underline-colored\">\n\t\t\t\n\t\t\t<div class=\"liner-continer\">\n\t\t\t\t<h3 class=\"woodmart-title-container title  wd-font-weight- wd-fontsize-xxl\" >ISO, DXF, HPGL<\/h3>\n\t\t\t\t\t\t\t<\/div>\n\t\t\t\n\t\t\t\n\t\t\t\n\t\t<\/div>\n\t\t\n\t\t\t\t<div id=\"wd-64070e871e082\" class=\"wd-text-block wd-wpb reset-last-child wd-rs-64070e871e082 text-left \">\n\t\t\t<p>Naudodami CAMSuite, galite atidaryti ir redaguoti failus \u012fprastais formatais, tokiais kaip ISO, DXF, HPGL, ir v\u0117liau juos i\u0161saugoti bet kuriuo i\u0161 \u0161i\u0173 format\u0173. Protingi ir galingi kont\u016br\u0173 atpa\u017einimo algoritmai leid\u017eia CAMSuite programinei \u012frangai tiksliai atpa\u017einti visus modelius net ir tada, kai j\u0173 kont\u016bro linijos yra paskirstytos skirtinguose DXF sluoksniuose. Net ir dirbant su HPGL formato failais, CAMSuite s\u0117kmingai i\u0161skiria atskirus modelius, tod\u0117l net ir \u0161ie duomenys gali b\u016bti efektyviai panaudoti modeli\u0173 k\u016brimui Be to, j\u016bs\u0173 patogumui si\u016bloma \u201eAutoNester\u201c funkcija \u2013 viena i\u0161 efektyviausi\u0173 automatizuoto modeli\u0173 k\u016brimo program\u0173, u\u017etikrinanti maksimal\u0173 \u017ealiavos i\u0161naudojim\u0105 ir darbo na\u0161um\u0105.<\/p>\n\t\t<\/div>\n\t\t[\/vc_column_inner][vc_column_inner width=&#8221;1\/2&#8243;][\/vc_column_inner][\/vc_row_inner][\/vc_column][\/vc_row][vc_row full_width=&#8221;stretch_row&#8221; equal_height=&#8221;yes&#8221; content_placement=&#8221;middle&#8221; css=&#8221;.vc_custom_1693381094866{margin-bottom: 0px !important;padding-top: 60px !important;padding-bottom: 60px !important;background-color: #f4f5f7 !important;}&#8221; woodmart_css_id=&#8221;64eef1e128db5&#8243; responsive_spacing=&#8221;eyJwYXJhbV90eXBlIjoid29vZG1hcnRfcmVzcG9uc2l2ZV9zcGFjaW5nIiwic2VsZWN0b3JfaWQiOiI2NGVlZjFlMTI4ZGI1Iiwic2hvcnRjb2RlIjoidmNfcm93IiwiZGF0YSI6eyJ0YWJsZXQiOnt9LCJtb2JpbGUiOnt9fX0=&#8221; mobile_bg_img_hidden=&#8221;no&#8221; tablet_bg_img_hidden=&#8221;no&#8221; woodmart_parallax=&#8221;0&#8243; woodmart_gradient_switch=&#8221;no&#8221; woodmart_box_shadow=&#8221;no&#8221; wd_z_index=&#8221;no&#8221; woodmart_disable_overflow=&#8221;0&#8243; row_reverse_mobile=&#8221;0&#8243; row_reverse_tablet=&#8221;0&#8243;][vc_column width=&#8221;1\/2&#8243; css=&#8221;.vc_custom_1678112498917{padding-top: 0px !important;}&#8221; woodmart_css_id=&#8221;6405f6e9a9c83&#8243; parallax_scroll=&#8221;no&#8221; woodmart_sticky_column=&#8221;false&#8221; wd_collapsible_content_switcher=&#8221;no&#8221; wd_column_role_offcanvas_desktop=&#8221;no&#8221; wd_column_role_offcanvas_tablet=&#8221;no&#8221; wd_column_role_offcanvas_mobile=&#8221;no&#8221; wd_column_role_content_desktop=&#8221;no&#8221; wd_column_role_content_tablet=&#8221;no&#8221; wd_column_role_content_mobile=&#8221;no&#8221; mobile_bg_img_hidden=&#8221;no&#8221; tablet_bg_img_hidden=&#8221;no&#8221; woodmart_parallax=&#8221;0&#8243; woodmart_box_shadow=&#8221;no&#8221; responsive_spacing=&#8221;eyJwYXJhbV90eXBlIjoid29vZG1hcnRfcmVzcG9uc2l2ZV9zcGFjaW5nIiwic2VsZWN0b3JfaWQiOiI2NDA1ZjZlOWE5YzgzIiwic2hvcnRjb2RlIjoidmNfY29sdW1uIiwiZGF0YSI6eyJ0YWJsZXQiOnt9LCJtb2JpbGUiOnt9fX0=&#8221; mobile_reset_margin=&#8221;no&#8221; tablet_reset_margin=&#8221;no&#8221; wd_z_index=&#8221;no&#8221;][vc_single_image image=&#8221;475&#8243; img_size=&#8221;full&#8221; alignment=&#8221;center&#8221; css=&#8221;.vc_custom_1693381227364{margin-bottom: 10px !important;}&#8221; parallax_scroll=&#8221;no&#8221; woodmart_inline=&#8221;no&#8221;][\/vc_column][vc_column width=&#8221;1\/2&#8243; css=&#8221;.vc_custom_1678112505141{padding-top: 0px !important;}&#8221; woodmart_css_id=&#8221;6405f6f654b33&#8243; parallax_scroll=&#8221;no&#8221; woodmart_sticky_column=&#8221;false&#8221; wd_collapsible_content_switcher=&#8221;no&#8221; wd_column_role_offcanvas_desktop=&#8221;no&#8221; wd_column_role_offcanvas_tablet=&#8221;no&#8221; wd_column_role_offcanvas_mobile=&#8221;no&#8221; wd_column_role_content_desktop=&#8221;no&#8221; wd_column_role_content_tablet=&#8221;no&#8221; wd_column_role_content_mobile=&#8221;no&#8221; mobile_bg_img_hidden=&#8221;no&#8221; tablet_bg_img_hidden=&#8221;no&#8221; woodmart_parallax=&#8221;0&#8243; woodmart_box_shadow=&#8221;no&#8221; responsive_spacing=&#8221;eyJwYXJhbV90eXBlIjoid29vZG1hcnRfcmVzcG9uc2l2ZV9zcGFjaW5nIiwic2VsZWN0b3JfaWQiOiI2NDA1ZjZmNjU0YjMzIiwic2hvcnRjb2RlIjoidmNfY29sdW1uIiwiZGF0YSI6eyJ0YWJsZXQiOnt9LCJtb2JpbGUiOnt9fX0=&#8221; mobile_reset_margin=&#8221;no&#8221; tablet_reset_margin=&#8221;no&#8221; wd_z_index=&#8221;no&#8221;]\n\t\t<div id=\"wd-64eef1e979640\" class=\"title-wrapper wd-wpb wd-set-mb reset-last-child  wd-rs-64eef1e979640 wd-title-color-default wd-title-style-default text-left  wd-underline-colored\">\n\t\t\t\n\t\t\t<div class=\"liner-continer\">\n\t\t\t\t<h3 class=\"woodmart-title-container title  wd-font-weight- wd-fontsize-xxxl\" >Efektyvus ir paprastas pjovimo \u0161ablon\u0173 i\u0161d\u0117stymas gamybai.<\/h3>\n\t\t\t\t\t\t\t<\/div>\n\t\t\t\n\t\t\t\n\t\t\t\n\t\t<\/div>\n\t\t\n\t\t\t\t<div id=\"wd-64eef1f6c2828\" class=\"wd-text-block wd-wpb reset-last-child wd-rs-64eef1f6c2828 text-left vc_custom_1693381116258\">\n\t\t\t<p>Ergonomi\u0161ka ir maksimalus efektyvumas. Pasirinkite darb\u0105 rankiniu b\u016bdu arba visi\u0161kai automatizuot\u0105 proces\u0105 \u2013 pagal j\u016bs\u0173 poreikius. Platus optimizavimo funkcij\u0173 pasirinkimas, u\u017etikrinantis efektyv\u0173 darb\u0105 pagal j\u016bs\u0173 naudojamos med\u017eiagos specifik\u0105. CAMSuite palaiko visus \u012fprastus CAD ir CAM duomen\u0173 formatus, u\u017etikrindama skland\u0173 fail\u0173 suderinamum\u0105 ir integracij\u0105 su \u012fvairiomis projektavimo sistemomis. Palaikomas CSV fail\u0173 importas ir ERP sistemos integracija, kartu su paprastais, bet efektyviais gamybos planavimo algoritmais.<\/p>\n\t\t<\/div>\n\t\t[\/vc_column][\/vc_row]<\/p>\n<\/div>","protected":false},"excerpt":{"rendered":"<p>[vc_row full_width=&#8221;stretch_row&#8221; woodmart_bg_position=&#8221;center-center&#8221; css=&#8221;.vc_custom_1745574117441{margin-top: -150px !important;background: #edeef2 url(https:\/\/www.ipdata.se\/wp-content\/uploads\/2023\/03\/64-ZCC.png?id=189) !important;background-position: center !important;background-repeat: no-repeat !important;background-size: cover !important;}&#8221; woodmart_css_id=&#8221;680b58da40404&#8243; responsive_spacing=&#8221;eyJwYXJhbV90eXBlIjoid29vZG1hcnRfcmVzcG9uc2l2ZV9zcGFjaW5nIiwic2VsZWN0b3JfaWQiOiI2ODBiNThkYTQwNDA0Iiwic2hvcnRjb2RlIjoidmNfcm93IiwiZGF0YSI6eyJ0YWJsZXQiOnt9LCJtb2JpbGUiOnt9fX0=&#8221; mobile_bg_img_hidden=&#8221;no&#8221; tablet_bg_img_hidden=&#8221;no&#8221; woodmart_parallax=&#8221;0&#8243;<\/p>\n","protected":false},"author":2,"featured_media":0,"parent":3982,"menu_order":2,"comment_status":"closed","ping_status":"closed","template":"","meta":{"footnotes":""},"class_list":["post-4111","page","type-page","status-publish","hentry"],"yoast_head":"<!-- This site is optimized with the Yoast SEO plugin v27.1.1 - https:\/\/yoast.com\/product\/yoast-seo-wordpress\/ -->\n<title>CAMSuite - IP DATA GROUP<\/title>\n<meta name=\"robots\" content=\"index, follow, max-snippet:-1, max-image-preview:large, max-video-preview:-1\" \/>\n<link rel=\"canonical\" href=\"https:\/\/www.ipdata.se\/lt\/programine-iranga\/camsuite\/\" \/>\n<meta property=\"og:locale\" content=\"lt_LT\" \/>\n<meta property=\"og:type\" content=\"article\" \/>\n<meta property=\"og:title\" content=\"CAMSuite - IP DATA GROUP\" \/>\n<meta property=\"og:description\" content=\"[vc_row full_width=&#8221;stretch_row&#8221; woodmart_bg_position=&#8221;center-center&#8221; css=&#8221;.vc_custom_1745574117441{margin-top: -150px !important;background: #edeef2 url(https:\/\/www.ipdata.se\/wp-content\/uploads\/2023\/03\/64-ZCC.png?id=189) !important;background-position: center !important;background-repeat: no-repeat !important;background-size: cover !important;}&#8221; woodmart_css_id=&#8221;680b58da40404&#8243; responsive_spacing=&#8221;eyJwYXJhbV90eXBlIjoid29vZG1hcnRfcmVzcG9uc2l2ZV9zcGFjaW5nIiwic2VsZWN0b3JfaWQiOiI2ODBiNThkYTQwNDA0Iiwic2hvcnRjb2RlIjoidmNfcm93IiwiZGF0YSI6eyJ0YWJsZXQiOnt9LCJtb2JpbGUiOnt9fX0=&#8221; mobile_bg_img_hidden=&#8221;no&#8221; tablet_bg_img_hidden=&#8221;no&#8221; woodmart_parallax=&#8221;0&#8243;\" \/>\n<meta property=\"og:url\" content=\"https:\/\/www.ipdata.se\/lt\/programine-iranga\/camsuite\/\" \/>\n<meta property=\"og:site_name\" content=\"IP DATA GROUP\" \/>\n<meta property=\"article:modified_time\" content=\"2025-04-25T13:28:28+00:00\" \/>\n<meta name=\"twitter:card\" content=\"summary_large_image\" \/>\n<meta name=\"twitter:label1\" content=\"Apytikslis skaitymo laikas\" \/>\n\t<meta name=\"twitter:data1\" content=\"12 minu\u010di\u0173\" \/>\n<script type=\"application\/ld+json\" class=\"yoast-schema-graph\">{\"@context\":\"https:\/\/schema.org\",\"@graph\":[{\"@type\":\"WebPage\",\"@id\":\"https:\/\/www.ipdata.se\/lt\/programine-iranga\/camsuite\/\",\"url\":\"https:\/\/www.ipdata.se\/lt\/programine-iranga\/camsuite\/\",\"name\":\"CAMSuite - IP DATA GROUP\",\"isPartOf\":{\"@id\":\"https:\/\/www.ipdata.se\/lt\/#website\"},\"datePublished\":\"2023-03-06T09:07:16+00:00\",\"dateModified\":\"2025-04-25T13:28:28+00:00\",\"breadcrumb\":{\"@id\":\"https:\/\/www.ipdata.se\/lt\/programine-iranga\/camsuite\/#breadcrumb\"},\"inLanguage\":\"lt-LT\",\"potentialAction\":[{\"@type\":\"ReadAction\",\"target\":[\"https:\/\/www.ipdata.se\/lt\/programine-iranga\/camsuite\/\"]}]},{\"@type\":\"BreadcrumbList\",\"@id\":\"https:\/\/www.ipdata.se\/lt\/programine-iranga\/camsuite\/#breadcrumb\",\"itemListElement\":[{\"@type\":\"ListItem\",\"position\":1,\"name\":\"Hem\",\"item\":\"https:\/\/www.ipdata.se\/lt\/\"},{\"@type\":\"ListItem\",\"position\":2,\"name\":\"Programin\u0117 \u012franga\",\"item\":\"https:\/\/www.ipdata.se\/lt\/programine-iranga\/\"},{\"@type\":\"ListItem\",\"position\":3,\"name\":\"CAMSuite\"}]},{\"@type\":\"WebSite\",\"@id\":\"https:\/\/www.ipdata.se\/lt\/#website\",\"url\":\"https:\/\/www.ipdata.se\/lt\/\",\"name\":\"IP DATA GROUP\",\"description\":\"\",\"potentialAction\":[{\"@type\":\"SearchAction\",\"target\":{\"@type\":\"EntryPoint\",\"urlTemplate\":\"https:\/\/www.ipdata.se\/lt\/?s={search_term_string}\"},\"query-input\":{\"@type\":\"PropertyValueSpecification\",\"valueRequired\":true,\"valueName\":\"search_term_string\"}}],\"inLanguage\":\"lt-LT\"}]}<\/script>\n<!-- \/ Yoast SEO plugin. -->","yoast_head_json":{"title":"CAMSuite - IP DATA GROUP","robots":{"index":"index","follow":"follow","max-snippet":"max-snippet:-1","max-image-preview":"max-image-preview:large","max-video-preview":"max-video-preview:-1"},"canonical":"https:\/\/www.ipdata.se\/lt\/programine-iranga\/camsuite\/","og_locale":"lt_LT","og_type":"article","og_title":"CAMSuite - IP DATA GROUP","og_description":"[vc_row full_width=&#8221;stretch_row&#8221; woodmart_bg_position=&#8221;center-center&#8221; css=&#8221;.vc_custom_1745574117441{margin-top: -150px !important;background: #edeef2 url(https:\/\/www.ipdata.se\/wp-content\/uploads\/2023\/03\/64-ZCC.png?id=189) !important;background-position: center !important;background-repeat: no-repeat !important;background-size: cover !important;}&#8221; woodmart_css_id=&#8221;680b58da40404&#8243; responsive_spacing=&#8221;eyJwYXJhbV90eXBlIjoid29vZG1hcnRfcmVzcG9uc2l2ZV9zcGFjaW5nIiwic2VsZWN0b3JfaWQiOiI2ODBiNThkYTQwNDA0Iiwic2hvcnRjb2RlIjoidmNfcm93IiwiZGF0YSI6eyJ0YWJsZXQiOnt9LCJtb2JpbGUiOnt9fX0=&#8221; mobile_bg_img_hidden=&#8221;no&#8221; tablet_bg_img_hidden=&#8221;no&#8221; woodmart_parallax=&#8221;0&#8243;","og_url":"https:\/\/www.ipdata.se\/lt\/programine-iranga\/camsuite\/","og_site_name":"IP DATA GROUP","article_modified_time":"2025-04-25T13:28:28+00:00","twitter_card":"summary_large_image","twitter_misc":{"Apytikslis skaitymo laikas":"12 minu\u010di\u0173"},"schema":{"@context":"https:\/\/schema.org","@graph":[{"@type":"WebPage","@id":"https:\/\/www.ipdata.se\/lt\/programine-iranga\/camsuite\/","url":"https:\/\/www.ipdata.se\/lt\/programine-iranga\/camsuite\/","name":"CAMSuite - IP DATA GROUP","isPartOf":{"@id":"https:\/\/www.ipdata.se\/lt\/#website"},"datePublished":"2023-03-06T09:07:16+00:00","dateModified":"2025-04-25T13:28:28+00:00","breadcrumb":{"@id":"https:\/\/www.ipdata.se\/lt\/programine-iranga\/camsuite\/#breadcrumb"},"inLanguage":"lt-LT","potentialAction":[{"@type":"ReadAction","target":["https:\/\/www.ipdata.se\/lt\/programine-iranga\/camsuite\/"]}]},{"@type":"BreadcrumbList","@id":"https:\/\/www.ipdata.se\/lt\/programine-iranga\/camsuite\/#breadcrumb","itemListElement":[{"@type":"ListItem","position":1,"name":"Hem","item":"https:\/\/www.ipdata.se\/lt\/"},{"@type":"ListItem","position":2,"name":"Programin\u0117 \u012franga","item":"https:\/\/www.ipdata.se\/lt\/programine-iranga\/"},{"@type":"ListItem","position":3,"name":"CAMSuite"}]},{"@type":"WebSite","@id":"https:\/\/www.ipdata.se\/lt\/#website","url":"https:\/\/www.ipdata.se\/lt\/","name":"IP DATA GROUP","description":"","potentialAction":[{"@type":"SearchAction","target":{"@type":"EntryPoint","urlTemplate":"https:\/\/www.ipdata.se\/lt\/?s={search_term_string}"},"query-input":{"@type":"PropertyValueSpecification","valueRequired":true,"valueName":"search_term_string"}}],"inLanguage":"lt-LT"}]}},"_links":{"self":[{"href":"https:\/\/www.ipdata.se\/lt\/wp-json\/wp\/v2\/pages\/4111","targetHints":{"allow":["GET"]}}],"collection":[{"href":"https:\/\/www.ipdata.se\/lt\/wp-json\/wp\/v2\/pages"}],"about":[{"href":"https:\/\/www.ipdata.se\/lt\/wp-json\/wp\/v2\/types\/page"}],"author":[{"embeddable":true,"href":"https:\/\/www.ipdata.se\/lt\/wp-json\/wp\/v2\/users\/2"}],"replies":[{"embeddable":true,"href":"https:\/\/www.ipdata.se\/lt\/wp-json\/wp\/v2\/comments?post=4111"}],"version-history":[{"count":4,"href":"https:\/\/www.ipdata.se\/lt\/wp-json\/wp\/v2\/pages\/4111\/revisions"}],"predecessor-version":[{"id":4209,"href":"https:\/\/www.ipdata.se\/lt\/wp-json\/wp\/v2\/pages\/4111\/revisions\/4209"}],"up":[{"embeddable":true,"href":"https:\/\/www.ipdata.se\/lt\/wp-json\/wp\/v2\/pages\/3982"}],"wp:attachment":[{"href":"https:\/\/www.ipdata.se\/lt\/wp-json\/wp\/v2\/media?parent=4111"}],"curies":[{"name":"wp","href":"https:\/\/api.w.org\/{rel}","templated":true}]}}