{"id":4185,"date":"2023-08-30T09:50:21","date_gmt":"2023-08-30T07:50:21","guid":{"rendered":"https:\/\/www.ipdata.se\/programine-iranga\/zund-connect\/"},"modified":"2025-04-25T12:33:55","modified_gmt":"2025-04-25T10:33:55","slug":"zund-connect","status":"publish","type":"page","link":"https:\/\/www.ipdata.se\/lt\/programine-iranga\/zund-connect\/","title":{"rendered":"Z\u00fcnd Connect"},"content":{"rendered":"<div class=\"wpb-content-wrapper\"><p>[vc_row full_width=&#8221;stretch_row&#8221; woodmart_bg_position=&#8221;center-center&#8221; css=&#8221;.vc_custom_1745577226750{margin-top: -150px !important;background: #edeef2 url(https:\/\/www.ipdata.se\/wp-content\/uploads\/2023\/08\/1878-ZCO-Software-1.png?id=520) !important;background-position: center !important;background-repeat: no-repeat !important;background-size: cover !important;}&#8221; woodmart_css_id=&#8221;680b65059c17d&#8221; responsive_spacing=&#8221;eyJwYXJhbV90eXBlIjoid29vZG1hcnRfcmVzcG9uc2l2ZV9zcGFjaW5nIiwic2VsZWN0b3JfaWQiOiI2ODBiNjUwNTljMTdkIiwic2hvcnRjb2RlIjoidmNfcm93IiwiZGF0YSI6eyJ0YWJsZXQiOnt9LCJtb2JpbGUiOnt9fX0=&#8221; mobile_bg_img_hidden=&#8221;no&#8221; tablet_bg_img_hidden=&#8221;no&#8221; woodmart_parallax=&#8221;0&#8243; woodmart_gradient_switch=&#8221;yes&#8221; woodmart_box_shadow=&#8221;no&#8221; wd_z_index=&#8221;no&#8221; woodmart_disable_overflow=&#8221;0&#8243; row_reverse_mobile=&#8221;0&#8243; row_reverse_tablet=&#8221;0&#8243; woodmart_color_gradient=&#8221;rgba(0, 0, 0, 0.5)-0\/rgba(0, 0, 0, 0)-85\/|linear-gradient(left , rgba(0, 0, 0, 0.5) , rgba(0, 0, 0, 0) 85%)|linear|left&#8221;][vc_column woodmart_color_scheme=&#8221;light&#8221; css=&#8221;.vc_custom_1678182641300{padding-top: 90px !important;padding-bottom: 90px !important;}&#8221; woodmart_css_id=&#8221;640708ee9a5a9&#8243; parallax_scroll=&#8221;no&#8221; woodmart_sticky_column=&#8221;false&#8221; wd_collapsible_content_switcher=&#8221;no&#8221; wd_column_role_offcanvas_desktop=&#8221;no&#8221; wd_column_role_offcanvas_tablet=&#8221;no&#8221; wd_column_role_offcanvas_mobile=&#8221;no&#8221; wd_column_role_content_desktop=&#8221;no&#8221; wd_column_role_content_tablet=&#8221;no&#8221; wd_column_role_content_mobile=&#8221;no&#8221; mobile_bg_img_hidden=&#8221;no&#8221; tablet_bg_img_hidden=&#8221;no&#8221; woodmart_parallax=&#8221;0&#8243; woodmart_box_shadow=&#8221;no&#8221; responsive_spacing=&#8221;eyJwYXJhbV90eXBlIjoid29vZG1hcnRfcmVzcG9uc2l2ZV9zcGFjaW5nIiwic2VsZWN0b3JfaWQiOiI2NDA3MDhlZTlhNWE5Iiwic2hvcnRjb2RlIjoidmNfY29sdW1uIiwiZGF0YSI6eyJ0YWJsZXQiOnsicGFkZGluZy10b3AiOiI5MHB4IiwicGFkZGluZy1ib3R0b20iOiI5MHB4In0sIm1vYmlsZSI6eyJwYWRkaW5nLXRvcCI6IjYwcHgiLCJwYWRkaW5nLWJvdHRvbSI6IjYwcHgifX19&#8243; mobile_reset_margin=&#8221;no&#8221; tablet_reset_margin=&#8221;no&#8221; wd_z_index=&#8221;no&#8221;]\n\t\t<div id=\"wd-64ef05ffe5c06\" class=\"title-wrapper wd-wpb wd-set-mb reset-last-child  wd-rs-64ef05ffe5c06 wd-title-color-primary wd-title-style-simple text-left vc_custom_1693386258010 wd-underline-colored\">\n\t\t\t\n\t\t\t<div class=\"liner-continer\">\n\t\t\t\t<h1 class=\"woodmart-title-container title  wd-font-weight- wd-fontsize-xxxl\" >Z\u00fcnd Connect<\/h1>\n\t\t\t\t\t\t\t<\/div>\n\t\t\t\n\t\t\t\t\t\t\t<div class=\"title-after_title reset-last-child  wd-fontsize-s\">Skaitmeninio pjovimo proceso optimizavimas<\/div>\n\t\t\t\n\t\t\t\n\t\t<\/div>\n\t\t\n\t\t\t\t<div class=\"wd-el-breadcrumbs wd-wpb wd-rs-640708d1329df wd-enabled-width vc_custom_1678182635101 text-left\">\n\t\t\t<nav class=\"wd-breadcrumbs woocommerce-breadcrumb\" aria-label=\"Breadcrumb\">\t\t\t\t<span class=\"wd-last\">\n\t\t\t\t\tPrad\u017eia\t\t\t\t<\/span>\n\t\t\t<\/nav>\t\t<\/div>\n\t\t[\/vc_column][\/vc_row][vc_row full_width=&#8221;stretch_row&#8221; equal_height=&#8221;yes&#8221; content_placement=&#8221;top&#8221; css=&#8221;.vc_custom_1678182352581{margin-bottom: 0px !important;padding-top: 60px !important;padding-bottom: 60px !important;background-color: #f4f5f7 !important;}&#8221; woodmart_css_id=&#8221;640707c7290d2&#8243; responsive_spacing=&#8221;eyJwYXJhbV90eXBlIjoid29vZG1hcnRfcmVzcG9uc2l2ZV9zcGFjaW5nIiwic2VsZWN0b3JfaWQiOiI2NDA3MDdjNzI5MGQyIiwic2hvcnRjb2RlIjoidmNfcm93IiwiZGF0YSI6eyJ0YWJsZXQiOnt9LCJtb2JpbGUiOnt9fX0=&#8221; mobile_bg_img_hidden=&#8221;no&#8221; tablet_bg_img_hidden=&#8221;no&#8221; woodmart_parallax=&#8221;0&#8243; woodmart_gradient_switch=&#8221;no&#8221; woodmart_box_shadow=&#8221;no&#8221; wd_z_index=&#8221;no&#8221; woodmart_disable_overflow=&#8221;0&#8243; row_reverse_mobile=&#8221;0&#8243; row_reverse_tablet=&#8221;0&#8243;][vc_column width=&#8221;1\/2&#8243; css=&#8221;.vc_custom_1678112498917{padding-top: 0px !important;}&#8221; woodmart_css_id=&#8221;6405f6e9a9c83&#8243; parallax_scroll=&#8221;no&#8221; woodmart_sticky_column=&#8221;false&#8221; wd_collapsible_content_switcher=&#8221;no&#8221; wd_column_role_offcanvas_desktop=&#8221;no&#8221; wd_column_role_offcanvas_tablet=&#8221;no&#8221; wd_column_role_offcanvas_mobile=&#8221;no&#8221; wd_column_role_content_desktop=&#8221;no&#8221; wd_column_role_content_tablet=&#8221;no&#8221; wd_column_role_content_mobile=&#8221;no&#8221; mobile_bg_img_hidden=&#8221;no&#8221; tablet_bg_img_hidden=&#8221;no&#8221; woodmart_parallax=&#8221;0&#8243; woodmart_box_shadow=&#8221;no&#8221; responsive_spacing=&#8221;eyJwYXJhbV90eXBlIjoid29vZG1hcnRfcmVzcG9uc2l2ZV9zcGFjaW5nIiwic2VsZWN0b3JfaWQiOiI2NDA1ZjZlOWE5YzgzIiwic2hvcnRjb2RlIjoidmNfY29sdW1uIiwiZGF0YSI6eyJ0YWJsZXQiOnt9LCJtb2JpbGUiOnt9fX0=&#8221; mobile_reset_margin=&#8221;no&#8221; tablet_reset_margin=&#8221;no&#8221; wd_z_index=&#8221;no&#8221;]\n\t\t<div id=\"wd-64ef066d2bc1c\" class=\"title-wrapper wd-wpb wd-set-mb reset-last-child  wd-rs-64ef066d2bc1c wd-title-color-default wd-title-style-default text-left  wd-underline-colored\">\n\t\t\t\n\t\t\t<div class=\"liner-continer\">\n\t\t\t\t<h2 class=\"woodmart-title-container title  wd-font-weight- wd-fontsize-xxxl\" >Veikimo rodikliai vienu \u017evilgsniu<\/h2>\n\t\t\t\t\t\t\t<\/div>\n\t\t\t\n\t\t\t\n\t\t\t\n\t\t<\/div>\n\t\t\n\t\t\t\t<div id=\"wd-64ef067a0d1e9\" class=\"wd-text-block wd-wpb reset-last-child wd-rs-64ef067a0d1e9 text-left vc_custom_1693386367788\">\n\t\t\t<p>\u201eZ\u00fcnd Connect\u201c suteikia prieig\u0105 prie svarbi\u0173 rodikli\u0173, toki\u0173 kaip paj\u0117gumas, prieinamumas ir bendras \u012frangos efektyvumas. \u0160ie na\u0161umo rodikliai u\u017etikrina skaidrum\u0105 ir padeda nustatyti optimizavimo galimybes j\u016bs\u0173 gamybos procese. Prastovos, ma\u0161in\u0173 paj\u0117gumas ir trugd\u017ei\u0173 prie\u017eastys patogiai rodomos vienoje programoje.<\/p>\n\t\t<\/div>\n\t\t[\/vc_column][vc_column width=&#8221;1\/2&#8243; css=&#8221;.vc_custom_1678112505141{padding-top: 0px !important;}&#8221; woodmart_css_id=&#8221;6405f6f654b33&#8243; parallax_scroll=&#8221;no&#8221; woodmart_sticky_column=&#8221;false&#8221; wd_collapsible_content_switcher=&#8221;no&#8221; wd_column_role_offcanvas_desktop=&#8221;no&#8221; wd_column_role_offcanvas_tablet=&#8221;no&#8221; wd_column_role_offcanvas_mobile=&#8221;no&#8221; wd_column_role_content_desktop=&#8221;no&#8221; wd_column_role_content_tablet=&#8221;no&#8221; wd_column_role_content_mobile=&#8221;no&#8221; mobile_bg_img_hidden=&#8221;no&#8221; tablet_bg_img_hidden=&#8221;no&#8221; woodmart_parallax=&#8221;0&#8243; woodmart_box_shadow=&#8221;no&#8221; responsive_spacing=&#8221;eyJwYXJhbV90eXBlIjoid29vZG1hcnRfcmVzcG9uc2l2ZV9zcGFjaW5nIiwic2VsZWN0b3JfaWQiOiI2NDA1ZjZmNjU0YjMzIiwic2hvcnRjb2RlIjoidmNfY29sdW1uIiwiZGF0YSI6eyJ0YWJsZXQiOnt9LCJtb2JpbGUiOnt9fX0=&#8221; mobile_reset_margin=&#8221;no&#8221; tablet_reset_margin=&#8221;no&#8221; wd_z_index=&#8221;no&#8221;][vc_single_image image=&#8221;523&#8243; img_size=&#8221;full&#8221; alignment=&#8221;center&#8221; css=&#8221;.vc_custom_1693386746624{margin-bottom: 0px !important;}&#8221; parallax_scroll=&#8221;no&#8221; woodmart_inline=&#8221;no&#8221;][\/vc_column][\/vc_row][vc_row full_width=&#8221;stretch_row&#8221; woodmart_bg_position=&#8221;right-bottom&#8221; css=&#8221;.vc_custom_1678182562685{margin-top: 40px !important;margin-bottom: 0px !important;padding-top: 0px !important;padding-bottom: 0px !important;background-image: url(https:\/\/www.ipdata.se\/wp-content\/uploads\/2023\/03\/1028-UM.jpg?id=64) !important;background-position: 0 0 !important;background-repeat: no-repeat !important;}&#8221; woodmart_css_id=&#8221;6407089d735fe&#8221; responsive_spacing=&#8221;eyJwYXJhbV90eXBlIjoid29vZG1hcnRfcmVzcG9uc2l2ZV9zcGFjaW5nIiwic2VsZWN0b3JfaWQiOiI2NDA3MDg5ZDczNWZlIiwic2hvcnRjb2RlIjoidmNfcm93IiwiZGF0YSI6eyJ0YWJsZXQiOnt9LCJtb2JpbGUiOnt9fX0=&#8221; mobile_bg_img_hidden=&#8221;no&#8221; tablet_bg_img_hidden=&#8221;no&#8221; woodmart_parallax=&#8221;0&#8243; woodmart_gradient_switch=&#8221;no&#8221; woodmart_box_shadow=&#8221;no&#8221; wd_z_index=&#8221;no&#8221; woodmart_disable_overflow=&#8221;0&#8243; row_reverse_mobile=&#8221;0&#8243; row_reverse_tablet=&#8221;0&#8243;][vc_column css=&#8221;.vc_custom_1678191768847{margin-top: 0px !important;margin-bottom: 0px !important;padding-top: 10vh !important;padding-bottom: 10vh !important;}&#8221; woodmart_css_id=&#8221;64072c95a5442&#8243; parallax_scroll=&#8221;no&#8221; woodmart_sticky_column=&#8221;false&#8221; wd_collapsible_content_switcher=&#8221;no&#8221; wd_column_role_offcanvas_desktop=&#8221;no&#8221; wd_column_role_offcanvas_tablet=&#8221;no&#8221; wd_column_role_offcanvas_mobile=&#8221;no&#8221; wd_column_role_content_desktop=&#8221;no&#8221; wd_column_role_content_tablet=&#8221;no&#8221; wd_column_role_content_mobile=&#8221;no&#8221; mobile_bg_img_hidden=&#8221;no&#8221; tablet_bg_img_hidden=&#8221;no&#8221; woodmart_parallax=&#8221;0&#8243; woodmart_box_shadow=&#8221;no&#8221; responsive_spacing=&#8221;eyJwYXJhbV90eXBlIjoid29vZG1hcnRfcmVzcG9uc2l2ZV9zcGFjaW5nIiwic2VsZWN0b3JfaWQiOiI2NDA3MmM5NWE1NDQyIiwic2hvcnRjb2RlIjoidmNfY29sdW1uIiwiZGF0YSI6eyJ0YWJsZXQiOnt9LCJtb2JpbGUiOnt9fX0=&#8221; mobile_reset_margin=&#8221;no&#8221; tablet_reset_margin=&#8221;no&#8221; wd_z_index=&#8221;no&#8221;][vc_row_inner woodmart_css_id=&#8221;6407082249249&#8243; responsive_spacing=&#8221;eyJwYXJhbV90eXBlIjoid29vZG1hcnRfcmVzcG9uc2l2ZV9zcGFjaW5nIiwic2VsZWN0b3JfaWQiOiI2NDA3MDgyMjQ5MjQ5Iiwic2hvcnRjb2RlIjoidmNfcm93X2lubmVyIiwiZGF0YSI6eyJ0YWJsZXQiOnt9LCJtb2JpbGUiOnt9fX0=&#8221; mobile_bg_img_hidden=&#8221;no&#8221; tablet_bg_img_hidden=&#8221;no&#8221; woodmart_parallax=&#8221;0&#8243; woodmart_gradient_switch=&#8221;no&#8221; woodmart_box_shadow=&#8221;no&#8221; wd_z_index=&#8221;no&#8221; woodmart_disable_overflow=&#8221;0&#8243; row_reverse_mobile=&#8221;0&#8243; row_reverse_tablet=&#8221;0&#8243; css=&#8221;.vc_custom_1678182439560{margin-top: 0px !important;margin-bottom: 0px !important;padding-top: 0px !important;padding-bottom: 0px !important;}&#8221;][vc_column_inner width=&#8221;1\/2&#8243; css=&#8221;.vc_custom_1677765795331{padding-top: 40px !important;padding-right: 40px !important;padding-bottom: 40px !important;padding-left: 40px !important;background-color: #264359 !important;}&#8221; woodmart_css_id=&#8221;6400ac939cd69&#8243; parallax_scroll=&#8221;no&#8221; woodmart_sticky_column=&#8221;false&#8221; wd_collapsible_content_switcher=&#8221;no&#8221; wd_column_role_offcanvas_desktop=&#8221;no&#8221; wd_column_role_offcanvas_tablet=&#8221;no&#8221; wd_column_role_offcanvas_mobile=&#8221;no&#8221; wd_column_role_content_desktop=&#8221;no&#8221; wd_column_role_content_tablet=&#8221;no&#8221; wd_column_role_content_mobile=&#8221;no&#8221; mobile_bg_img_hidden=&#8221;no&#8221; tablet_bg_img_hidden=&#8221;no&#8221; woodmart_parallax=&#8221;0&#8243; woodmart_box_shadow=&#8221;no&#8221; responsive_spacing=&#8221;eyJwYXJhbV90eXBlIjoid29vZG1hcnRfcmVzcG9uc2l2ZV9zcGFjaW5nIiwic2VsZWN0b3JfaWQiOiI2NDAwYWM5MzljZDY5Iiwic2hvcnRjb2RlIjoidmNfY29sdW1uX2lubmVyIiwiZGF0YSI6eyJ0YWJsZXQiOnt9LCJtb2JpbGUiOnt9fX0=&#8221; wd_z_index=&#8221;no&#8221;]\n\t\t<div id=\"wd-64ef0683a4743\" class=\"title-wrapper wd-wpb wd-set-mb reset-last-child  wd-rs-64ef0683a4743 wd-title-color-default wd-title-style-default text-left vc_custom_1693386379053 wd-underline-colored\">\n\t\t\t\n\t\t\t<div class=\"liner-continer\">\n\t\t\t\t<h3 class=\"woodmart-title-container title  wd-font-weight- wd-fontsize-xxl\" >Auk\u0161tas na\u0161umas<\/h3>\n\t\t\t\t\t\t\t<\/div>\n\t\t\t\n\t\t\t\n\t\t\t\n\t\t<\/div>\n\t\t\n\t\t\t\t<div id=\"wd-64ef068d62fa9\" class=\"wd-text-block wd-wpb reset-last-child wd-rs-64ef068d62fa9 text-left \">\n\t\t\t<p>Pilnas \u012frengini\u0173 prieinamumas ir produktyvumas yra b\u016btini pelningam skaitmeniniam pjovimui. \u010cia ir pasirodo \u201eZ\u00fcnd Connect\u201c. \u0160is internetinis steb\u0117jimo \u012frankis suteikia galimyb\u0119 nuolat steb\u0117ti pjaustymo \u012frangos na\u0161umo duomenis. Su \u201eZ\u00fcnd Connect\u201c turite prieig\u0105 prie patikim\u0173 na\u0161umo rodikli\u0173, kuriuos galite naudoti siekiant padidinti savo gamybos proceso produktyvum\u0105.<\/p>\n\t\t<\/div>\n\t\t[\/vc_column_inner][vc_column_inner width=&#8221;1\/2&#8243;][\/vc_column_inner][\/vc_row_inner][\/vc_column][\/vc_row][vc_row full_width=&#8221;stretch_row&#8221; equal_height=&#8221;yes&#8221; content_placement=&#8221;top&#8221; css=&#8221;.vc_custom_1678182352581{margin-bottom: 0px !important;padding-top: 60px !important;padding-bottom: 60px !important;background-color: #f4f5f7 !important;}&#8221; woodmart_css_id=&#8221;640707c7290d2&#8243; responsive_spacing=&#8221;eyJwYXJhbV90eXBlIjoid29vZG1hcnRfcmVzcG9uc2l2ZV9zcGFjaW5nIiwic2VsZWN0b3JfaWQiOiI2NDA3MDdjNzI5MGQyIiwic2hvcnRjb2RlIjoidmNfcm93IiwiZGF0YSI6eyJ0YWJsZXQiOnt9LCJtb2JpbGUiOnt9fX0=&#8221; mobile_bg_img_hidden=&#8221;no&#8221; tablet_bg_img_hidden=&#8221;no&#8221; woodmart_parallax=&#8221;0&#8243; woodmart_gradient_switch=&#8221;no&#8221; woodmart_box_shadow=&#8221;no&#8221; wd_z_index=&#8221;no&#8221; woodmart_disable_overflow=&#8221;0&#8243; row_reverse_mobile=&#8221;0&#8243; row_reverse_tablet=&#8221;0&#8243;][vc_column width=&#8221;1\/2&#8243; css=&#8221;.vc_custom_1678112498917{padding-top: 0px !important;}&#8221; woodmart_css_id=&#8221;6405f6e9a9c83&#8243; parallax_scroll=&#8221;no&#8221; woodmart_sticky_column=&#8221;false&#8221; wd_collapsible_content_switcher=&#8221;no&#8221; wd_column_role_offcanvas_desktop=&#8221;no&#8221; wd_column_role_offcanvas_tablet=&#8221;no&#8221; wd_column_role_offcanvas_mobile=&#8221;no&#8221; wd_column_role_content_desktop=&#8221;no&#8221; wd_column_role_content_tablet=&#8221;no&#8221; wd_column_role_content_mobile=&#8221;no&#8221; mobile_bg_img_hidden=&#8221;no&#8221; tablet_bg_img_hidden=&#8221;no&#8221; woodmart_parallax=&#8221;0&#8243; woodmart_box_shadow=&#8221;no&#8221; responsive_spacing=&#8221;eyJwYXJhbV90eXBlIjoid29vZG1hcnRfcmVzcG9uc2l2ZV9zcGFjaW5nIiwic2VsZWN0b3JfaWQiOiI2NDA1ZjZlOWE5YzgzIiwic2hvcnRjb2RlIjoidmNfY29sdW1uIiwiZGF0YSI6eyJ0YWJsZXQiOnt9LCJtb2JpbGUiOnt9fX0=&#8221; mobile_reset_margin=&#8221;no&#8221; tablet_reset_margin=&#8221;no&#8221; wd_z_index=&#8221;no&#8221;]\n\t\t<div id=\"wd-64ef06cb26c75\" class=\"title-wrapper wd-wpb wd-set-mb reset-last-child  wd-rs-64ef06cb26c75 wd-title-color-default wd-title-style-default text-left  wd-underline-colored\">\n\t\t\t\n\t\t\t<div class=\"liner-continer\">\n\t\t\t\t<h3 class=\"woodmart-title-container title  wd-font-weight- wd-fontsize-xxxl\" >Prie\u017eastys, kod\u0117l pasirinkti \u201eZ\u00fcnd Connect\u201c<\/h3>\n\t\t\t\t\t\t\t<\/div>\n\t\t\t\n\t\t\t\n\t\t\t\n\t\t<\/div>\n\t\t\n\t\t\t\t<div id=\"wd-64ef06d2a1341\" class=\"wd-text-block wd-wpb reset-last-child wd-rs-64ef06d2a1341 text-left vc_custom_1693386460839\">\n\t\t\t<ul>\n<li><strong>Z\u00fcnd Connect<\/strong> \u2013 Padeda nustatyti gamybos procese sritis, kuriose yra galimybi\u0173 tobulinti.<\/li>\n<li><strong>Z\u00fcnd Connect<\/strong> \u2013 Pateikia vizuali\u0105 informacij\u0105 apie tai, kaip da\u017enai buvo naudojamos skirtingos med\u017eiagos, \u012frankiai, metodai ir padeda nustatyti galimas klaid\u0173 \u0161altinius.<\/li>\n<li><strong>Z\u00fcnd Connect<\/strong> \u2013 Pateikia atsakymus \u012f klausimus, tokius kaip \u201eKada da\u017eniausiai \u012fvyksta klaidos?\u201c, \u201eKada b\u016bna pjovimo \u012frenginys laisvas?\u201c ir \u201eKiek laiko skiriama paruo\u0161imui ir perjungimams?\u201c<\/li>\n<li><strong>Z\u00fcnd Connect<\/strong> \u2013 Padeda nustatyti pamainas, kurioms gal\u0117t\u0173 prireikti papildomo mokymo.<\/li>\n<li><strong>Z\u00fcnd Connect<\/strong> \u2013 Padeda atpa\u017einti da\u017enai pasikartojan\u010di\u0173 trugd\u017ei\u0173 modelius.<\/li>\n<li><strong>Z\u00fcnd Connect<\/strong> \u2013 Nustato galim\u0105 poreik\u012f papildomam personalui arba papildom\u0173 automatizavimo funkcij\u0173 prid\u0117jimui prie esamos pjovimo \u012frangos.<\/li>\n<\/ul>\n\t\t<\/div>\n\t\t[\/vc_column][vc_column width=&#8221;1\/2&#8243; css=&#8221;.vc_custom_1678112505141{padding-top: 0px !important;}&#8221; woodmart_css_id=&#8221;6405f6f654b33&#8243; parallax_scroll=&#8221;no&#8221; woodmart_sticky_column=&#8221;false&#8221; wd_collapsible_content_switcher=&#8221;no&#8221; wd_column_role_offcanvas_desktop=&#8221;no&#8221; wd_column_role_offcanvas_tablet=&#8221;no&#8221; wd_column_role_offcanvas_mobile=&#8221;no&#8221; wd_column_role_content_desktop=&#8221;no&#8221; wd_column_role_content_tablet=&#8221;no&#8221; wd_column_role_content_mobile=&#8221;no&#8221; mobile_bg_img_hidden=&#8221;no&#8221; tablet_bg_img_hidden=&#8221;no&#8221; woodmart_parallax=&#8221;0&#8243; woodmart_box_shadow=&#8221;no&#8221; responsive_spacing=&#8221;eyJwYXJhbV90eXBlIjoid29vZG1hcnRfcmVzcG9uc2l2ZV9zcGFjaW5nIiwic2VsZWN0b3JfaWQiOiI2NDA1ZjZmNjU0YjMzIiwic2hvcnRjb2RlIjoidmNfY29sdW1uIiwiZGF0YSI6eyJ0YWJsZXQiOnt9LCJtb2JpbGUiOnt9fX0=&#8221; mobile_reset_margin=&#8221;no&#8221; tablet_reset_margin=&#8221;no&#8221; wd_z_index=&#8221;no&#8221;]\t\t<div id=\"wd-64ef281298b13\" class=\"wd-text-block wd-wpb reset-last-child wd-rs-64ef281298b13 text-left \">\n\t\t\t<p>\u201eZ\u00fcnd Connect\u201c yra prieinamas \u201eMonitor\u201c ir \u201eAnalyzer\u201c versijose. Jis suderinamas su pjovimo \u012frangos programine \u012franga iki ZCC 3.5.x versijos. <\/p>\n<p>Kaip rodo pavadinimas, \u201eMonitor\u201c versija apima bendros \u012frangos efektyvumo grafi\u0161k\u0105 rodym\u0105 ir yra nemokama visiems ZCC vartotojams.<\/p>\n<p>\u201eAnalyzer\u201c suteikia vartotojui \u012frankius gamybos duomenims analizuoti ir nustatyti nuostoli\u0173 \u0161altinius. \u201eAnalyzer\u201c leid\u017eia analizuoti pjovimo proces\u0105 ir kurti tobulinimo rekomendacijas.<\/p>\n\t\t<\/div>\n\t\t\t\t<div id=\"wd-64ef074e9c0e4\" class=\"wd-text-block wd-wpb reset-last-child wd-rs-64ef074e9c0e4 text-left vc_custom_1693386579622\">\n\t\t\t<p>Daugiau informacijos apie \u201eZ\u00fcnd Connect\u201c rasite gamintojo svetain\u0117je.<\/p>\n\t\t<\/div>\n\t\t<div id=\"wd-64ef072c707c6\" class=\" wd-rs-64ef072c707c6  wd-button-wrapper text-left\"><a href=\"https:\/\/www.zund.com\/en\/software\/zuend-connect\" title=\"\" target=\"_blank\" class=\"btn btn-color-primary btn-style-default btn-shape-rectangle btn-size-default\">www.zund.com<\/a><\/div>[\/vc_column][\/vc_row]<\/p>\n<\/div>","protected":false},"excerpt":{"rendered":"<p>[vc_row full_width=&#8221;stretch_row&#8221; woodmart_bg_position=&#8221;center-center&#8221; css=&#8221;.vc_custom_1745577226750{margin-top: -150px !important;background: #edeef2 url(https:\/\/www.ipdata.se\/wp-content\/uploads\/2023\/08\/1878-ZCO-Software-1.png?id=520) !important;background-position: center !important;background-repeat: no-repeat !important;background-size: cover !important;}&#8221; woodmart_css_id=&#8221;680b65059c17d&#8221; responsive_spacing=&#8221;eyJwYXJhbV90eXBlIjoid29vZG1hcnRfcmVzcG9uc2l2ZV9zcGFjaW5nIiwic2VsZWN0b3JfaWQiOiI2ODBiNjUwNTljMTdkIiwic2hvcnRjb2RlIjoidmNfcm93IiwiZGF0YSI6eyJ0YWJsZXQiOnt9LCJtb2JpbGUiOnt9fX0=&#8221; mobile_bg_img_hidden=&#8221;no&#8221; tablet_bg_img_hidden=&#8221;no&#8221; woodmart_parallax=&#8221;0&#8243;<\/p>\n","protected":false},"author":2,"featured_media":0,"parent":3982,"menu_order":8,"comment_status":"closed","ping_status":"closed","template":"","meta":{"footnotes":""},"class_list":["post-4185","page","type-page","status-publish","hentry"],"yoast_head":"<!-- This site is optimized with the Yoast SEO plugin v27.1.1 - https:\/\/yoast.com\/product\/yoast-seo-wordpress\/ -->\n<title>Z\u00fcnd Connect - IP DATA GROUP<\/title>\n<meta name=\"robots\" content=\"index, follow, max-snippet:-1, max-image-preview:large, max-video-preview:-1\" \/>\n<link rel=\"canonical\" href=\"https:\/\/www.ipdata.se\/lt\/programine-iranga\/zund-connect\/\" \/>\n<meta property=\"og:locale\" content=\"lt_LT\" \/>\n<meta property=\"og:type\" content=\"article\" \/>\n<meta property=\"og:title\" content=\"Z\u00fcnd Connect - IP DATA GROUP\" \/>\n<meta property=\"og:description\" content=\"[vc_row full_width=&#8221;stretch_row&#8221; woodmart_bg_position=&#8221;center-center&#8221; css=&#8221;.vc_custom_1745577226750{margin-top: -150px !important;background: #edeef2 url(https:\/\/www.ipdata.se\/wp-content\/uploads\/2023\/08\/1878-ZCO-Software-1.png?id=520) !important;background-position: center !important;background-repeat: no-repeat !important;background-size: cover !important;}&#8221; woodmart_css_id=&#8221;680b65059c17d&#8221; responsive_spacing=&#8221;eyJwYXJhbV90eXBlIjoid29vZG1hcnRfcmVzcG9uc2l2ZV9zcGFjaW5nIiwic2VsZWN0b3JfaWQiOiI2ODBiNjUwNTljMTdkIiwic2hvcnRjb2RlIjoidmNfcm93IiwiZGF0YSI6eyJ0YWJsZXQiOnt9LCJtb2JpbGUiOnt9fX0=&#8221; mobile_bg_img_hidden=&#8221;no&#8221; tablet_bg_img_hidden=&#8221;no&#8221; woodmart_parallax=&#8221;0&#8243;\" \/>\n<meta property=\"og:url\" content=\"https:\/\/www.ipdata.se\/lt\/programine-iranga\/zund-connect\/\" \/>\n<meta property=\"og:site_name\" content=\"IP DATA GROUP\" \/>\n<meta property=\"article:modified_time\" content=\"2025-04-25T10:33:55+00:00\" \/>\n<meta name=\"twitter:card\" content=\"summary_large_image\" \/>\n<meta name=\"twitter:label1\" content=\"Apytikslis skaitymo laikas\" \/>\n\t<meta name=\"twitter:data1\" content=\"13 minu\u010di\u0173\" \/>\n<script type=\"application\/ld+json\" class=\"yoast-schema-graph\">{\"@context\":\"https:\/\/schema.org\",\"@graph\":[{\"@type\":\"WebPage\",\"@id\":\"https:\/\/www.ipdata.se\/lt\/programine-iranga\/zund-connect\/\",\"url\":\"https:\/\/www.ipdata.se\/lt\/programine-iranga\/zund-connect\/\",\"name\":\"Z\u00fcnd Connect - IP DATA GROUP\",\"isPartOf\":{\"@id\":\"https:\/\/www.ipdata.se\/lt\/#website\"},\"datePublished\":\"2023-08-30T07:50:21+00:00\",\"dateModified\":\"2025-04-25T10:33:55+00:00\",\"breadcrumb\":{\"@id\":\"https:\/\/www.ipdata.se\/lt\/programine-iranga\/zund-connect\/#breadcrumb\"},\"inLanguage\":\"lt-LT\",\"potentialAction\":[{\"@type\":\"ReadAction\",\"target\":[\"https:\/\/www.ipdata.se\/lt\/programine-iranga\/zund-connect\/\"]}]},{\"@type\":\"BreadcrumbList\",\"@id\":\"https:\/\/www.ipdata.se\/lt\/programine-iranga\/zund-connect\/#breadcrumb\",\"itemListElement\":[{\"@type\":\"ListItem\",\"position\":1,\"name\":\"Hem\",\"item\":\"https:\/\/www.ipdata.se\/lt\/\"},{\"@type\":\"ListItem\",\"position\":2,\"name\":\"Programin\u0117 \u012franga\",\"item\":\"https:\/\/www.ipdata.se\/lt\/programine-iranga\/\"},{\"@type\":\"ListItem\",\"position\":3,\"name\":\"Z\u00fcnd Connect\"}]},{\"@type\":\"WebSite\",\"@id\":\"https:\/\/www.ipdata.se\/lt\/#website\",\"url\":\"https:\/\/www.ipdata.se\/lt\/\",\"name\":\"IP DATA GROUP\",\"description\":\"\",\"potentialAction\":[{\"@type\":\"SearchAction\",\"target\":{\"@type\":\"EntryPoint\",\"urlTemplate\":\"https:\/\/www.ipdata.se\/lt\/?s={search_term_string}\"},\"query-input\":{\"@type\":\"PropertyValueSpecification\",\"valueRequired\":true,\"valueName\":\"search_term_string\"}}],\"inLanguage\":\"lt-LT\"}]}<\/script>\n<!-- \/ Yoast SEO plugin. -->","yoast_head_json":{"title":"Z\u00fcnd Connect - IP DATA GROUP","robots":{"index":"index","follow":"follow","max-snippet":"max-snippet:-1","max-image-preview":"max-image-preview:large","max-video-preview":"max-video-preview:-1"},"canonical":"https:\/\/www.ipdata.se\/lt\/programine-iranga\/zund-connect\/","og_locale":"lt_LT","og_type":"article","og_title":"Z\u00fcnd Connect - IP DATA GROUP","og_description":"[vc_row full_width=&#8221;stretch_row&#8221; woodmart_bg_position=&#8221;center-center&#8221; css=&#8221;.vc_custom_1745577226750{margin-top: -150px !important;background: #edeef2 url(https:\/\/www.ipdata.se\/wp-content\/uploads\/2023\/08\/1878-ZCO-Software-1.png?id=520) !important;background-position: center !important;background-repeat: no-repeat !important;background-size: cover !important;}&#8221; woodmart_css_id=&#8221;680b65059c17d&#8221; responsive_spacing=&#8221;eyJwYXJhbV90eXBlIjoid29vZG1hcnRfcmVzcG9uc2l2ZV9zcGFjaW5nIiwic2VsZWN0b3JfaWQiOiI2ODBiNjUwNTljMTdkIiwic2hvcnRjb2RlIjoidmNfcm93IiwiZGF0YSI6eyJ0YWJsZXQiOnt9LCJtb2JpbGUiOnt9fX0=&#8221; mobile_bg_img_hidden=&#8221;no&#8221; tablet_bg_img_hidden=&#8221;no&#8221; woodmart_parallax=&#8221;0&#8243;","og_url":"https:\/\/www.ipdata.se\/lt\/programine-iranga\/zund-connect\/","og_site_name":"IP DATA GROUP","article_modified_time":"2025-04-25T10:33:55+00:00","twitter_card":"summary_large_image","twitter_misc":{"Apytikslis skaitymo laikas":"13 minu\u010di\u0173"},"schema":{"@context":"https:\/\/schema.org","@graph":[{"@type":"WebPage","@id":"https:\/\/www.ipdata.se\/lt\/programine-iranga\/zund-connect\/","url":"https:\/\/www.ipdata.se\/lt\/programine-iranga\/zund-connect\/","name":"Z\u00fcnd Connect - IP DATA GROUP","isPartOf":{"@id":"https:\/\/www.ipdata.se\/lt\/#website"},"datePublished":"2023-08-30T07:50:21+00:00","dateModified":"2025-04-25T10:33:55+00:00","breadcrumb":{"@id":"https:\/\/www.ipdata.se\/lt\/programine-iranga\/zund-connect\/#breadcrumb"},"inLanguage":"lt-LT","potentialAction":[{"@type":"ReadAction","target":["https:\/\/www.ipdata.se\/lt\/programine-iranga\/zund-connect\/"]}]},{"@type":"BreadcrumbList","@id":"https:\/\/www.ipdata.se\/lt\/programine-iranga\/zund-connect\/#breadcrumb","itemListElement":[{"@type":"ListItem","position":1,"name":"Hem","item":"https:\/\/www.ipdata.se\/lt\/"},{"@type":"ListItem","position":2,"name":"Programin\u0117 \u012franga","item":"https:\/\/www.ipdata.se\/lt\/programine-iranga\/"},{"@type":"ListItem","position":3,"name":"Z\u00fcnd Connect"}]},{"@type":"WebSite","@id":"https:\/\/www.ipdata.se\/lt\/#website","url":"https:\/\/www.ipdata.se\/lt\/","name":"IP DATA GROUP","description":"","potentialAction":[{"@type":"SearchAction","target":{"@type":"EntryPoint","urlTemplate":"https:\/\/www.ipdata.se\/lt\/?s={search_term_string}"},"query-input":{"@type":"PropertyValueSpecification","valueRequired":true,"valueName":"search_term_string"}}],"inLanguage":"lt-LT"}]}},"_links":{"self":[{"href":"https:\/\/www.ipdata.se\/lt\/wp-json\/wp\/v2\/pages\/4185","targetHints":{"allow":["GET"]}}],"collection":[{"href":"https:\/\/www.ipdata.se\/lt\/wp-json\/wp\/v2\/pages"}],"about":[{"href":"https:\/\/www.ipdata.se\/lt\/wp-json\/wp\/v2\/types\/page"}],"author":[{"embeddable":true,"href":"https:\/\/www.ipdata.se\/lt\/wp-json\/wp\/v2\/users\/2"}],"replies":[{"embeddable":true,"href":"https:\/\/www.ipdata.se\/lt\/wp-json\/wp\/v2\/comments?post=4185"}],"version-history":[{"count":3,"href":"https:\/\/www.ipdata.se\/lt\/wp-json\/wp\/v2\/pages\/4185\/revisions"}],"predecessor-version":[{"id":4188,"href":"https:\/\/www.ipdata.se\/lt\/wp-json\/wp\/v2\/pages\/4185\/revisions\/4188"}],"up":[{"embeddable":true,"href":"https:\/\/www.ipdata.se\/lt\/wp-json\/wp\/v2\/pages\/3982"}],"wp:attachment":[{"href":"https:\/\/www.ipdata.se\/lt\/wp-json\/wp\/v2\/media?parent=4185"}],"curies":[{"name":"wp","href":"https:\/\/api.w.org\/{rel}","templated":true}]}}