{"id":4021,"date":"2023-03-03T10:33:23","date_gmt":"2023-03-03T09:33:23","guid":{"rendered":"https:\/\/www.ipdata.se\/products\/universalaus-lazerio-sistema\/"},"modified":"2025-05-03T22:29:16","modified_gmt":"2025-05-03T20:29:16","slug":"eurolaser-universali-lazerio-sistema","status":"publish","type":"product","link":"https:\/\/www.ipdata.se\/lt\/eurolaser-lt\/universalaus-lazerio-sistema\/","title":{"rendered":"Universalaus lazerio sistema"},"content":{"rendered":"<div class=\"wpb-content-wrapper\"><p>[vc_row full_width=&#8221;stretch_row&#8221; equal_height=&#8221;yes&#8221; content_placement=&#8221;top&#8221; css=&#8221;.vc_custom_1678182352581{margin-bottom: 0px !important;padding-top: 60px !important;padding-bottom: 60px !important;background-color: #f4f5f7 !important;}&#8221; woodmart_css_id=&#8221;640707c7290d2&#8243; responsive_spacing=&#8221;eyJwYXJhbV90eXBlIjoid29vZG1hcnRfcmVzcG9uc2l2ZV9zcGFjaW5nIiwic2VsZWN0b3JfaWQiOiI2NDA3MDdjNzI5MGQyIiwic2hvcnRjb2RlIjoidmNfcm93IiwiZGF0YSI6eyJ0YWJsZXQiOnt9LCJtb2JpbGUiOnt9fX0=&#8221; mobile_bg_img_hidden=&#8221;no&#8221; tablet_bg_img_hidden=&#8221;no&#8221; woodmart_parallax=&#8221;0&#8243; woodmart_gradient_switch=&#8221;no&#8221; woodmart_box_shadow=&#8221;no&#8221; wd_z_index=&#8221;no&#8221; woodmart_disable_overflow=&#8221;0&#8243; row_reverse_mobile=&#8221;0&#8243; row_reverse_tablet=&#8221;0&#8243;][vc_column width=&#8221;1\/2&#8243; css=&#8221;.vc_custom_1678112498917{padding-top: 0px !important;}&#8221; woodmart_css_id=&#8221;6405f6e9a9c83&#8243; parallax_scroll=&#8221;no&#8221; woodmart_sticky_column=&#8221;false&#8221; wd_collapsible_content_switcher=&#8221;no&#8221; wd_column_role_offcanvas_desktop=&#8221;no&#8221; wd_column_role_offcanvas_tablet=&#8221;no&#8221; wd_column_role_offcanvas_mobile=&#8221;no&#8221; wd_column_role_content_desktop=&#8221;no&#8221; wd_column_role_content_tablet=&#8221;no&#8221; wd_column_role_content_mobile=&#8221;no&#8221; mobile_bg_img_hidden=&#8221;no&#8221; tablet_bg_img_hidden=&#8221;no&#8221; woodmart_parallax=&#8221;0&#8243; woodmart_box_shadow=&#8221;no&#8221; responsive_spacing=&#8221;eyJwYXJhbV90eXBlIjoid29vZG1hcnRfcmVzcG9uc2l2ZV9zcGFjaW5nIiwic2VsZWN0b3JfaWQiOiI2NDA1ZjZlOWE5YzgzIiwic2hvcnRjb2RlIjoidmNfY29sdW1uIiwiZGF0YSI6eyJ0YWJsZXQiOnt9LCJtb2JpbGUiOnt9fX0=&#8221; mobile_reset_margin=&#8221;no&#8221; tablet_reset_margin=&#8221;no&#8221; wd_z_index=&#8221;no&#8221;]\n\t\t<div id=\"wd-640878a11f1c2\" class=\"title-wrapper wd-wpb wd-set-mb reset-last-child  wd-rs-640878a11f1c2 wd-title-color-default wd-title-style-default text-left  wd-title-empty wd-underline-colored\">\n\t\t\t\n\t\t\t<div class=\"liner-continer\">\n\t\t\t\t<h2 class=\"woodmart-title-container title  wd-font-weight- wd-fontsize-xxxl\" ><\/h2>\n\t\t\t\t\t\t\t<\/div>\n\t\t\t\n\t\t\t\n\t\t\t\n\t\t<\/div>\n\t\t\n\t\t\t\t<div id=\"wd-68167bf9f3701\" class=\"wd-text-block wd-wpb reset-last-child wd-rs-68167bf9f3701 text-left vc_custom_1746304014867\">\n\t\t\t<h1>Eurolaser universali lazerio sistema \u2013 tikslus pjovimas ir graviravimas<\/h1>\n<p>Filigraniniai pj\u016bviai, nesugadinantys med\u017eiagos.<\/p>\n<p>Tikslus ir lygus pj\u016bvio kra\u0161tas vienu \u017eingsniu \u2013 u\u017etikrinta kokyb\u0117 ir efektyvumas.<\/p>\n<p>Pjovimas, graviravimas ir \u017eenklinimas.<\/p>\n<p>Pjovimas ir graviravimas su lazerio technologija, kuri\u0105 si\u016blo Eurolaser.<\/p>\n\t\t<\/div>\n\t\t[\/vc_column][vc_column width=&#8221;1\/2&#8243; css=&#8221;.vc_custom_1678112505141{padding-top: 0px !important;}&#8221; woodmart_css_id=&#8221;6405f6f654b33&#8243; parallax_scroll=&#8221;no&#8221; woodmart_sticky_column=&#8221;false&#8221; wd_collapsible_content_switcher=&#8221;no&#8221; wd_column_role_offcanvas_desktop=&#8221;no&#8221; wd_column_role_offcanvas_tablet=&#8221;no&#8221; wd_column_role_offcanvas_mobile=&#8221;no&#8221; wd_column_role_content_desktop=&#8221;no&#8221; wd_column_role_content_tablet=&#8221;no&#8221; wd_column_role_content_mobile=&#8221;no&#8221; mobile_bg_img_hidden=&#8221;no&#8221; tablet_bg_img_hidden=&#8221;no&#8221; woodmart_parallax=&#8221;0&#8243; woodmart_box_shadow=&#8221;no&#8221; responsive_spacing=&#8221;eyJwYXJhbV90eXBlIjoid29vZG1hcnRfcmVzcG9uc2l2ZV9zcGFjaW5nIiwic2VsZWN0b3JfaWQiOiI2NDA1ZjZmNjU0YjMzIiwic2hvcnRjb2RlIjoidmNfY29sdW1uIiwiZGF0YSI6eyJ0YWJsZXQiOnt9LCJtb2JpbGUiOnt9fX0=&#8221; mobile_reset_margin=&#8221;no&#8221; tablet_reset_margin=&#8221;no&#8221; wd_z_index=&#8221;no&#8221;][vc_single_image image=&#8221;338&#8243; img_size=&#8221;full&#8221; alignment=&#8221;center&#8221; css=&#8221;.vc_custom_1678276740788{margin-bottom: 0px !important;}&#8221; parallax_scroll=&#8221;no&#8221; woodmart_inline=&#8221;no&#8221;][\/vc_column][\/vc_row][vc_row full_width=&#8221;stretch_row&#8221; woodmart_bg_position=&#8221;right-bottom&#8221; css=&#8221;.vc_custom_1678276997101{margin-top: 40px !important;margin-bottom: 0px !important;padding-top: 0px !important;padding-bottom: 0px !important;background-image: url(https:\/\/www.ipdata.se\/wp-content\/uploads\/2023\/03\/bg-euro.jpg?id=339) !important;background-position: 0 0 !important;background-repeat: no-repeat !important;}&#8221; woodmart_css_id=&#8221;640879687320d&#8221; responsive_spacing=&#8221;eyJwYXJhbV90eXBlIjoid29vZG1hcnRfcmVzcG9uc2l2ZV9zcGFjaW5nIiwic2VsZWN0b3JfaWQiOiI2NDA4Nzk2ODczMjBkIiwic2hvcnRjb2RlIjoidmNfcm93IiwiZGF0YSI6eyJ0YWJsZXQiOnt9LCJtb2JpbGUiOnt9fX0=&#8221; mobile_bg_img_hidden=&#8221;no&#8221; tablet_bg_img_hidden=&#8221;no&#8221; woodmart_parallax=&#8221;0&#8243; woodmart_gradient_switch=&#8221;no&#8221; woodmart_box_shadow=&#8221;no&#8221; wd_z_index=&#8221;no&#8221; woodmart_disable_overflow=&#8221;0&#8243; row_reverse_mobile=&#8221;0&#8243; row_reverse_tablet=&#8221;0&#8243;][vc_column css=&#8221;.vc_custom_1678191873681{margin-top: 0px !important;margin-bottom: 0px !important;padding-top: 10vh !important;padding-bottom: 10vh !important;}&#8221; woodmart_css_id=&#8221;64072cfe59cb7&#8243; parallax_scroll=&#8221;no&#8221; woodmart_sticky_column=&#8221;false&#8221; wd_collapsible_content_switcher=&#8221;no&#8221; wd_column_role_offcanvas_desktop=&#8221;no&#8221; wd_column_role_offcanvas_tablet=&#8221;no&#8221; wd_column_role_offcanvas_mobile=&#8221;no&#8221; wd_column_role_content_desktop=&#8221;no&#8221; wd_column_role_content_tablet=&#8221;no&#8221; wd_column_role_content_mobile=&#8221;no&#8221; mobile_bg_img_hidden=&#8221;no&#8221; tablet_bg_img_hidden=&#8221;no&#8221; woodmart_parallax=&#8221;0&#8243; woodmart_box_shadow=&#8221;no&#8221; responsive_spacing=&#8221;eyJwYXJhbV90eXBlIjoid29vZG1hcnRfcmVzcG9uc2l2ZV9zcGFjaW5nIiwic2VsZWN0b3JfaWQiOiI2NDA3MmNmZTU5Y2I3Iiwic2hvcnRjb2RlIjoidmNfY29sdW1uIiwiZGF0YSI6eyJ0YWJsZXQiOnt9LCJtb2JpbGUiOnt9fX0=&#8221; mobile_reset_margin=&#8221;no&#8221; tablet_reset_margin=&#8221;no&#8221; wd_z_index=&#8221;no&#8221;][vc_row_inner woodmart_css_id=&#8221;6407082249249&#8243; responsive_spacing=&#8221;eyJwYXJhbV90eXBlIjoid29vZG1hcnRfcmVzcG9uc2l2ZV9zcGFjaW5nIiwic2VsZWN0b3JfaWQiOiI2NDA3MDgyMjQ5MjQ5Iiwic2hvcnRjb2RlIjoidmNfcm93X2lubmVyIiwiZGF0YSI6eyJ0YWJsZXQiOnt9LCJtb2JpbGUiOnt9fX0=&#8221; mobile_bg_img_hidden=&#8221;no&#8221; tablet_bg_img_hidden=&#8221;no&#8221; woodmart_parallax=&#8221;0&#8243; woodmart_gradient_switch=&#8221;no&#8221; woodmart_box_shadow=&#8221;no&#8221; wd_z_index=&#8221;no&#8221; woodmart_disable_overflow=&#8221;0&#8243; row_reverse_mobile=&#8221;0&#8243; row_reverse_tablet=&#8221;0&#8243; css=&#8221;.vc_custom_1678182439560{margin-top: 0px !important;margin-bottom: 0px !important;padding-top: 0px !important;padding-bottom: 0px !important;}&#8221;][vc_column_inner width=&#8221;1\/2&#8243; css=&#8221;.vc_custom_1677765795331{padding-top: 40px !important;padding-right: 40px !important;padding-bottom: 40px !important;padding-left: 40px !important;background-color: #264359 !important;}&#8221; woodmart_css_id=&#8221;6400ac939cd69&#8243; parallax_scroll=&#8221;no&#8221; woodmart_sticky_column=&#8221;false&#8221; wd_collapsible_content_switcher=&#8221;no&#8221; wd_column_role_offcanvas_desktop=&#8221;no&#8221; wd_column_role_offcanvas_tablet=&#8221;no&#8221; wd_column_role_offcanvas_mobile=&#8221;no&#8221; wd_column_role_content_desktop=&#8221;no&#8221; wd_column_role_content_tablet=&#8221;no&#8221; wd_column_role_content_mobile=&#8221;no&#8221; mobile_bg_img_hidden=&#8221;no&#8221; tablet_bg_img_hidden=&#8221;no&#8221; woodmart_parallax=&#8221;0&#8243; woodmart_box_shadow=&#8221;no&#8221; responsive_spacing=&#8221;eyJwYXJhbV90eXBlIjoid29vZG1hcnRfcmVzcG9uc2l2ZV9zcGFjaW5nIiwic2VsZWN0b3JfaWQiOiI2NDAwYWM5MzljZDY5Iiwic2hvcnRjb2RlIjoidmNfY29sdW1uX2lubmVyIiwiZGF0YSI6eyJ0YWJsZXQiOnt9LCJtb2JpbGUiOnt9fX0=&#8221; wd_z_index=&#8221;no&#8221;]\t\t<div id=\"wd-68167c2ba5743\" class=\"wd-text-block wd-wpb reset-last-child wd-rs-68167c2ba5743 text-left vc_custom_1746304063779\">\n\t\t\t<p>Modulin\u0117 konstrukcija leid\u017eia Eurolaser sistemas pritaikyti pagal kiekvien\u0105 poreik\u012f. Su\u017einoje j\u016bs\u0173 reikalavimus, individualiai sukonfig\u016bruosime lazerio sistem\u0105 jums.<\/p>\n<p>Eurolaser\u00a0universali lazerio sistema leid\u017eia apdoroti plat\u0173 med\u017eiag\u0173 spektr\u0105, pavyzd\u017eiui, plastikus, putas, tekstil\u0119, klijuojam\u0105sias pl\u0117veles, med\u012f, akril\u0105, kompozitines med\u017eiagas ir daug daugiau. Su malonumu atliksime pjaustymo test\u0105 m\u016bs\u0173 demo centre, naudodami j\u016bs\u0173 individuali\u0105 med\u017eiag\u0105. Po to gausite i\u0161sami\u0105 testavimo ataskait\u0105, kad su\u017einotum\u0117te, kaip j\u016bs\u0173 med\u017eiaga buvo pjaunama ir graviruojama m\u016bs\u0173 lazeri\u0173 ma\u0161inomis.<\/p>\n\t\t<\/div>\n\t\t[\/vc_column_inner][vc_column_inner width=&#8221;1\/2&#8243;][\/vc_column_inner][\/vc_row_inner][\/vc_column][\/vc_row][vc_row][vc_column][vc_hoverbox image=&#8221;3844&#8243; primary_title=&#8221;&#8221; hover_title=&#8221;Kod\u0117l verta rinktis Eurolaser?&#8221; hover_background_color=&#8221;white&#8221; hover_btn_title=&#8221;Gamintojo puslapis&#8221; hover_btn_style=&#8221;3d&#8221; hover_btn_shape=&#8221;round&#8221; hover_btn_color=&#8221;danger&#8221; hover_add_button=&#8221;true&#8221; hover_btn_link=&#8221;url:https%3A%2F%2Fwww.eurolaser.com%2Flaser-systems%2Flaser-systems-at-a-glance&#8221;]<\/p>\n<p class=\"\" data-start=\"1781\" data-end=\"1846\"><strong data-start=\"1781\" data-end=\"1804\">Modulinis dizainas:<\/strong> Pritaikoma pagal individualius poreikius.<\/p>\n<p class=\"\" data-start=\"1851\" data-end=\"1933\"><strong data-start=\"1851\" data-end=\"1880\">Platus med\u017eiag\u0173 spektras:<\/strong> Tinka plastikams, tekstilei, med\u017eiui ir kompozitams.<\/p>\n<p class=\"\" data-start=\"1938\" data-end=\"1994\"><strong data-start=\"1938\" data-end=\"1956\">Auk\u0161ta kokyb\u0117:<\/strong> Vokietijos in\u017einerija ir patikimumas.<\/p>\n<p class=\"\" data-start=\"1997\" data-end=\"2039\"><strong data-start=\"1997\" data-end=\"2039\">Pritaikymas \u012fvairiose pramon\u0117s \u0161akose:<\/strong><\/p>\n<ul>\n<li data-start=\"2044\" data-end=\"2059\">Reklamos gamyba<\/li>\n<li data-start=\"2064\" data-end=\"2083\">Automobili\u0173 pramon\u0117<\/li>\n<li data-start=\"2088\" data-end=\"2105\">Tekstil\u0117s pramon\u0117<\/li>\n<li data-start=\"2110\" data-end=\"2122\">Bald\u0173 gamyba<\/li>\n<\/ul>\n<p>[\/vc_hoverbox][\/vc_column][\/vc_row]<\/p>\n<\/div>","protected":false},"excerpt":{"rendered":"<p>[vc_row full_width=&#8221;stretch_row&#8221; equal_height=&#8221;yes&#8221; content_placement=&#8221;top&#8221; css=&#8221;.vc_custom_1678182352581{margin-bottom: 0px !important;padding-top: 60px !important;padding-bottom: 60px !important;background-color: #f4f5f7 !important;}&#8221; woodmart_css_id=&#8221;640707c7290d2&#8243; responsive_spacing=&#8221;eyJwYXJhbV90eXBlIjoid29vZG1hcnRfcmVzcG9uc2l2ZV9zcGFjaW5nIiwic2VsZWN0b3JfaWQiOiI2NDA3MDdjNzI5MGQyIiwic2hvcnRjb2RlIjoidmNfcm93IiwiZGF0YSI6eyJ0YWJsZXQiOnt9LCJtb2JpbGUiOnt9fX0=&#8221; mobile_bg_img_hidden=&#8221;no&#8221; tablet_bg_img_hidden=&#8221;no&#8221; woodmart_parallax=&#8221;0&#8243; woodmart_gradient_switch=&#8221;no&#8221; woodmart_box_shadow=&#8221;no&#8221;<\/p>\n","protected":false},"featured_media":3666,"comment_status":"closed","ping_status":"closed","template":"","meta":[],"product_brand":[],"product_cat":[50],"product_tag":[],"class_list":{"0":"post-4021","1":"product","2":"type-product","3":"status-publish","4":"has-post-thumbnail","6":"product_cat-eurolaser-lt","8":"first","9":"instock","10":"shipping-taxable","11":"product-type-simple"},"yoast_head":"<!-- This site is optimized with the Yoast SEO plugin v27.1.1 - https:\/\/yoast.com\/product\/yoast-seo-wordpress\/ -->\n<title>Eurolaser universali lazerio sistema \u2013 sukirpimas ir graviravimas<\/title>\n<meta name=\"description\" content=\"Eurolaser universali lazerio sistema \u2013 modulin\u0117 CO\u2082 technologija, skirta tiksliam pjovimui ir graviravimui \u012fvairiose pramon\u0117s \u0161akose.\" \/>\n<meta name=\"robots\" content=\"index, follow, max-snippet:-1, max-image-preview:large, max-video-preview:-1\" \/>\n<link rel=\"canonical\" href=\"https:\/\/www.ipdata.se\/lt\/eurolaser-lt\/universalaus-lazerio-sistema\/\" \/>\n<meta property=\"og:locale\" content=\"lt_LT\" \/>\n<meta property=\"og:type\" content=\"article\" \/>\n<meta property=\"og:title\" content=\"Eurolaser universali lazerio sistema \u2013 sukirpimas ir graviravimas\" \/>\n<meta property=\"og:description\" content=\"Eurolaser universali lazerio sistema \u2013 modulin\u0117 CO\u2082 technologija, skirta tiksliam pjovimui ir graviravimui \u012fvairiose pramon\u0117s \u0161akose.\" \/>\n<meta property=\"og:url\" content=\"https:\/\/www.ipdata.se\/lt\/eurolaser-lt\/universalaus-lazerio-sistema\/\" \/>\n<meta property=\"og:site_name\" content=\"IP DATA GROUP\" \/>\n<meta property=\"article:modified_time\" content=\"2025-05-03T20:29:16+00:00\" \/>\n<meta property=\"og:image\" content=\"https:\/\/www.ipdata.se\/wp-content\/uploads\/2023\/03\/eurolaser-uls.jpg\" \/>\n\t<meta property=\"og:image:width\" content=\"800\" \/>\n\t<meta property=\"og:image:height\" content=\"800\" \/>\n\t<meta property=\"og:image:type\" content=\"image\/jpeg\" \/>\n<meta name=\"twitter:card\" content=\"summary_large_image\" \/>\n<meta name=\"twitter:label1\" content=\"Apytikslis skaitymo laikas\" \/>\n\t<meta name=\"twitter:data1\" content=\"3 minut\u0117s\" \/>\n<script type=\"application\/ld+json\" class=\"yoast-schema-graph\">{\"@context\":\"https:\/\/schema.org\",\"@graph\":[{\"@type\":\"WebPage\",\"@id\":\"https:\/\/www.ipdata.se\/lt\/eurolaser-lt\/universalaus-lazerio-sistema\/\",\"url\":\"https:\/\/www.ipdata.se\/lt\/eurolaser-lt\/universalaus-lazerio-sistema\/\",\"name\":\"Eurolaser universali lazerio sistema \u2013 sukirpimas ir graviravimas\",\"isPartOf\":{\"@id\":\"https:\/\/www.ipdata.se\/lt\/#website\"},\"primaryImageOfPage\":{\"@id\":\"https:\/\/www.ipdata.se\/lt\/eurolaser-lt\/universalaus-lazerio-sistema\/#primaryimage\"},\"image\":{\"@id\":\"https:\/\/www.ipdata.se\/lt\/eurolaser-lt\/universalaus-lazerio-sistema\/#primaryimage\"},\"thumbnailUrl\":\"https:\/\/www.ipdata.se\/wp-content\/uploads\/2023\/03\/eurolaser-uls.jpg\",\"datePublished\":\"2023-03-03T09:33:23+00:00\",\"dateModified\":\"2025-05-03T20:29:16+00:00\",\"description\":\"Eurolaser universali lazerio sistema \u2013 modulin\u0117 CO\u2082 technologija, skirta tiksliam pjovimui ir graviravimui \u012fvairiose pramon\u0117s \u0161akose.\",\"breadcrumb\":{\"@id\":\"https:\/\/www.ipdata.se\/lt\/eurolaser-lt\/universalaus-lazerio-sistema\/#breadcrumb\"},\"inLanguage\":\"lt-LT\",\"potentialAction\":[{\"@type\":\"ReadAction\",\"target\":[\"https:\/\/www.ipdata.se\/lt\/eurolaser-lt\/universalaus-lazerio-sistema\/\"]}]},{\"@type\":\"ImageObject\",\"inLanguage\":\"lt-LT\",\"@id\":\"https:\/\/www.ipdata.se\/lt\/eurolaser-lt\/universalaus-lazerio-sistema\/#primaryimage\",\"url\":\"https:\/\/www.ipdata.se\/wp-content\/uploads\/2023\/03\/eurolaser-uls.jpg\",\"contentUrl\":\"https:\/\/www.ipdata.se\/wp-content\/uploads\/2023\/03\/eurolaser-uls.jpg\",\"width\":800,\"height\":800,\"caption\":\"Eurolaser universali lazerio sistema\"},{\"@type\":\"BreadcrumbList\",\"@id\":\"https:\/\/www.ipdata.se\/lt\/eurolaser-lt\/universalaus-lazerio-sistema\/#breadcrumb\",\"itemListElement\":[{\"@type\":\"ListItem\",\"position\":1,\"name\":\"Hem\",\"item\":\"https:\/\/www.ipdata.se\/lt\/\"},{\"@type\":\"ListItem\",\"position\":2,\"name\":\"Shop\",\"item\":\"https:\/\/www.ipdata.se\/lt\/shop\/\"},{\"@type\":\"ListItem\",\"position\":3,\"name\":\"Universalaus lazerio sistema\"}]},{\"@type\":\"WebSite\",\"@id\":\"https:\/\/www.ipdata.se\/lt\/#website\",\"url\":\"https:\/\/www.ipdata.se\/lt\/\",\"name\":\"IP DATA GROUP\",\"description\":\"\",\"potentialAction\":[{\"@type\":\"SearchAction\",\"target\":{\"@type\":\"EntryPoint\",\"urlTemplate\":\"https:\/\/www.ipdata.se\/lt\/?s={search_term_string}\"},\"query-input\":{\"@type\":\"PropertyValueSpecification\",\"valueRequired\":true,\"valueName\":\"search_term_string\"}}],\"inLanguage\":\"lt-LT\"}]}<\/script>\n<!-- \/ Yoast SEO plugin. -->","yoast_head_json":{"title":"Eurolaser universali lazerio sistema \u2013 sukirpimas ir graviravimas","description":"Eurolaser universali lazerio sistema \u2013 modulin\u0117 CO\u2082 technologija, skirta tiksliam pjovimui ir graviravimui \u012fvairiose pramon\u0117s \u0161akose.","robots":{"index":"index","follow":"follow","max-snippet":"max-snippet:-1","max-image-preview":"max-image-preview:large","max-video-preview":"max-video-preview:-1"},"canonical":"https:\/\/www.ipdata.se\/lt\/eurolaser-lt\/universalaus-lazerio-sistema\/","og_locale":"lt_LT","og_type":"article","og_title":"Eurolaser universali lazerio sistema \u2013 sukirpimas ir graviravimas","og_description":"Eurolaser universali lazerio sistema \u2013 modulin\u0117 CO\u2082 technologija, skirta tiksliam pjovimui ir graviravimui \u012fvairiose pramon\u0117s \u0161akose.","og_url":"https:\/\/www.ipdata.se\/lt\/eurolaser-lt\/universalaus-lazerio-sistema\/","og_site_name":"IP DATA GROUP","article_modified_time":"2025-05-03T20:29:16+00:00","og_image":[{"width":800,"height":800,"url":"https:\/\/www.ipdata.se\/wp-content\/uploads\/2023\/03\/eurolaser-uls.jpg","type":"image\/jpeg"}],"twitter_card":"summary_large_image","twitter_misc":{"Apytikslis skaitymo laikas":"3 minut\u0117s"},"schema":{"@context":"https:\/\/schema.org","@graph":[{"@type":"WebPage","@id":"https:\/\/www.ipdata.se\/lt\/eurolaser-lt\/universalaus-lazerio-sistema\/","url":"https:\/\/www.ipdata.se\/lt\/eurolaser-lt\/universalaus-lazerio-sistema\/","name":"Eurolaser universali lazerio sistema \u2013 sukirpimas ir graviravimas","isPartOf":{"@id":"https:\/\/www.ipdata.se\/lt\/#website"},"primaryImageOfPage":{"@id":"https:\/\/www.ipdata.se\/lt\/eurolaser-lt\/universalaus-lazerio-sistema\/#primaryimage"},"image":{"@id":"https:\/\/www.ipdata.se\/lt\/eurolaser-lt\/universalaus-lazerio-sistema\/#primaryimage"},"thumbnailUrl":"https:\/\/www.ipdata.se\/wp-content\/uploads\/2023\/03\/eurolaser-uls.jpg","datePublished":"2023-03-03T09:33:23+00:00","dateModified":"2025-05-03T20:29:16+00:00","description":"Eurolaser universali lazerio sistema \u2013 modulin\u0117 CO\u2082 technologija, skirta tiksliam pjovimui ir graviravimui \u012fvairiose pramon\u0117s \u0161akose.","breadcrumb":{"@id":"https:\/\/www.ipdata.se\/lt\/eurolaser-lt\/universalaus-lazerio-sistema\/#breadcrumb"},"inLanguage":"lt-LT","potentialAction":[{"@type":"ReadAction","target":["https:\/\/www.ipdata.se\/lt\/eurolaser-lt\/universalaus-lazerio-sistema\/"]}]},{"@type":"ImageObject","inLanguage":"lt-LT","@id":"https:\/\/www.ipdata.se\/lt\/eurolaser-lt\/universalaus-lazerio-sistema\/#primaryimage","url":"https:\/\/www.ipdata.se\/wp-content\/uploads\/2023\/03\/eurolaser-uls.jpg","contentUrl":"https:\/\/www.ipdata.se\/wp-content\/uploads\/2023\/03\/eurolaser-uls.jpg","width":800,"height":800,"caption":"Eurolaser universali lazerio sistema"},{"@type":"BreadcrumbList","@id":"https:\/\/www.ipdata.se\/lt\/eurolaser-lt\/universalaus-lazerio-sistema\/#breadcrumb","itemListElement":[{"@type":"ListItem","position":1,"name":"Hem","item":"https:\/\/www.ipdata.se\/lt\/"},{"@type":"ListItem","position":2,"name":"Shop","item":"https:\/\/www.ipdata.se\/lt\/shop\/"},{"@type":"ListItem","position":3,"name":"Universalaus lazerio sistema"}]},{"@type":"WebSite","@id":"https:\/\/www.ipdata.se\/lt\/#website","url":"https:\/\/www.ipdata.se\/lt\/","name":"IP DATA GROUP","description":"","potentialAction":[{"@type":"SearchAction","target":{"@type":"EntryPoint","urlTemplate":"https:\/\/www.ipdata.se\/lt\/?s={search_term_string}"},"query-input":{"@type":"PropertyValueSpecification","valueRequired":true,"valueName":"search_term_string"}}],"inLanguage":"lt-LT"}]}},"_links":{"self":[{"href":"https:\/\/www.ipdata.se\/lt\/wp-json\/wp\/v2\/product\/4021","targetHints":{"allow":["GET"]}}],"collection":[{"href":"https:\/\/www.ipdata.se\/lt\/wp-json\/wp\/v2\/product"}],"about":[{"href":"https:\/\/www.ipdata.se\/lt\/wp-json\/wp\/v2\/types\/product"}],"replies":[{"embeddable":true,"href":"https:\/\/www.ipdata.se\/lt\/wp-json\/wp\/v2\/comments?post=4021"}],"wp:featuredmedia":[{"embeddable":true,"href":"https:\/\/www.ipdata.se\/lt\/wp-json\/wp\/v2\/media\/3666"}],"wp:attachment":[{"href":"https:\/\/www.ipdata.se\/lt\/wp-json\/wp\/v2\/media?parent=4021"}],"wp:term":[{"taxonomy":"product_brand","embeddable":true,"href":"https:\/\/www.ipdata.se\/lt\/wp-json\/wp\/v2\/product_brand?post=4021"},{"taxonomy":"product_cat","embeddable":true,"href":"https:\/\/www.ipdata.se\/lt\/wp-json\/wp\/v2\/product_cat?post=4021"},{"taxonomy":"product_tag","embeddable":true,"href":"https:\/\/www.ipdata.se\/lt\/wp-json\/wp\/v2\/product_tag?post=4021"}],"curies":[{"name":"wp","href":"https:\/\/api.w.org\/{rel}","templated":true}]}}