{"id":4280,"date":"2023-03-03T10:22:58","date_gmt":"2023-03-03T09:22:58","guid":{"rendered":"https:\/\/www.ipdata.se\/products\/zund-s3\/"},"modified":"2025-05-03T21:31:41","modified_gmt":"2025-05-03T19:31:41","slug":"zund-s3-skaitmenine-sukirpimo-sistema","status":"publish","type":"product","link":"https:\/\/www.ipdata.se\/lt\/zund-lt\/zund-s3\/","title":{"rendered":"Z\u00fcnd S3 Automatizuota sukirpimo technika"},"content":{"rendered":"<div class=\"wpb-content-wrapper\"><p>[vc_row full_width=&#8221;stretch_row&#8221; equal_height=&#8221;yes&#8221; content_placement=&#8221;top&#8221; css=&#8221;.vc_custom_1678182352581{margin-bottom: 0px !important;padding-top: 60px !important;padding-bottom: 60px !important;background-color: #f4f5f7 !important;}&#8221; woodmart_css_id=&#8221;640707c7290d2&#8243; responsive_spacing=&#8221;eyJwYXJhbV90eXBlIjoid29vZG1hcnRfcmVzcG9uc2l2ZV9zcGFjaW5nIiwic2VsZWN0b3JfaWQiOiI2NDA3MDdjNzI5MGQyIiwic2hvcnRjb2RlIjoidmNfcm93IiwiZGF0YSI6eyJ0YWJsZXQiOnt9LCJtb2JpbGUiOnt9fX0=&#8221; mobile_bg_img_hidden=&#8221;no&#8221; tablet_bg_img_hidden=&#8221;no&#8221; woodmart_parallax=&#8221;0&#8243; woodmart_gradient_switch=&#8221;no&#8221; woodmart_box_shadow=&#8221;no&#8221; wd_z_index=&#8221;no&#8221; woodmart_disable_overflow=&#8221;0&#8243; row_reverse_mobile=&#8221;0&#8243; row_reverse_tablet=&#8221;0&#8243;][vc_column width=&#8221;1\/2&#8243; css=&#8221;.vc_custom_1678112498917{padding-top: 0px !important;}&#8221; woodmart_css_id=&#8221;6405f6e9a9c83&#8243; parallax_scroll=&#8221;no&#8221; woodmart_sticky_column=&#8221;false&#8221; wd_collapsible_content_switcher=&#8221;no&#8221; wd_column_role_offcanvas_desktop=&#8221;no&#8221; wd_column_role_offcanvas_tablet=&#8221;no&#8221; wd_column_role_offcanvas_mobile=&#8221;no&#8221; wd_column_role_content_desktop=&#8221;no&#8221; wd_column_role_content_tablet=&#8221;no&#8221; wd_column_role_content_mobile=&#8221;no&#8221; mobile_bg_img_hidden=&#8221;no&#8221; tablet_bg_img_hidden=&#8221;no&#8221; woodmart_parallax=&#8221;0&#8243; woodmart_box_shadow=&#8221;no&#8221; responsive_spacing=&#8221;eyJwYXJhbV90eXBlIjoid29vZG1hcnRfcmVzcG9uc2l2ZV9zcGFjaW5nIiwic2VsZWN0b3JfaWQiOiI2NDA1ZjZlOWE5YzgzIiwic2hvcnRjb2RlIjoidmNfY29sdW1uIiwiZGF0YSI6eyJ0YWJsZXQiOnt9LCJtb2JpbGUiOnt9fX0=&#8221; mobile_reset_margin=&#8221;no&#8221; tablet_reset_margin=&#8221;no&#8221; wd_z_index=&#8221;no&#8221;]\n\t\t<div id=\"wd-640860c1c292a\" class=\"title-wrapper wd-wpb wd-set-mb reset-last-child  wd-rs-640860c1c292a wd-title-color-default wd-title-style-default text-left  wd-underline-colored\">\n\t\t\t\n\t\t\t<div class=\"liner-continer\">\n\t\t\t\t<h2 class=\"woodmart-title-container title  wd-font-weight- wd-fontsize-xxxl\" >Modulin\u0117 konstrukcija u\u017etikrina maksimal\u0173 lankstum\u0105 ir greit\u012f<\/h2>\n\t\t\t\t\t\t\t<\/div>\n\t\t\t\n\t\t\t\n\t\t\t\n\t\t<\/div>\n\t\t\n\t\t\t\t<div id=\"wd-68166e51b750e\" class=\"wd-text-block wd-wpb reset-last-child wd-rs-68166e51b750e text-left vc_custom_1746300583012\">\n\t\t\t<h3 class=\"\" data-start=\"147\" data-end=\"236\"><strong data-start=\"154\" data-end=\"236\">Z\u00fcnd S3 \u2013 skaitmenin\u0117 pjovimo sistema kompakti\u0161kam ir greitam gamybos procesui<\/strong><\/h3>\n<p class=\"\" data-start=\"238\" data-end=\"460\"><strong data-start=\"238\" data-end=\"249\">Z\u00fcnd S3<\/strong> \u2013 tai <strong data-start=\"256\" data-end=\"299\">kompakti\u0161ka skaitmenin\u0117 pjovimo sistema<\/strong>, sukurta u\u017etikrinti <strong data-start=\"320\" data-end=\"349\">greit\u0105, tiksl\u0173 ir lankst\u0173<\/strong> darb\u0105. Ji idealiai tinka pramon\u0117ms, kurioms reikia auk\u0161to na\u0161umo ir paprastos integracijos \u012f gamybos procesus. S3 leid\u017eia apdirbti \u012fvairias med\u017eiagas, kuri\u0173 storis nevir\u0161ija 25 mm\/1&#8243;<\/p>\n\t\t<\/div>\n\t\t[\/vc_column][vc_column width=&#8221;1\/2&#8243; css=&#8221;.vc_custom_1678112505141{padding-top: 0px !important;}&#8221; woodmart_css_id=&#8221;6405f6f654b33&#8243; parallax_scroll=&#8221;no&#8221; woodmart_sticky_column=&#8221;false&#8221; wd_collapsible_content_switcher=&#8221;no&#8221; wd_column_role_offcanvas_desktop=&#8221;no&#8221; wd_column_role_offcanvas_tablet=&#8221;no&#8221; wd_column_role_offcanvas_mobile=&#8221;no&#8221; wd_column_role_content_desktop=&#8221;no&#8221; wd_column_role_content_tablet=&#8221;no&#8221; wd_column_role_content_mobile=&#8221;no&#8221; mobile_bg_img_hidden=&#8221;no&#8221; tablet_bg_img_hidden=&#8221;no&#8221; woodmart_parallax=&#8221;0&#8243; woodmart_box_shadow=&#8221;no&#8221; responsive_spacing=&#8221;eyJwYXJhbV90eXBlIjoid29vZG1hcnRfcmVzcG9uc2l2ZV9zcGFjaW5nIiwic2VsZWN0b3JfaWQiOiI2NDA1ZjZmNjU0YjMzIiwic2hvcnRjb2RlIjoidmNfY29sdW1uIiwiZGF0YSI6eyJ0YWJsZXQiOnt9LCJtb2JpbGUiOnt9fX0=&#8221; mobile_reset_margin=&#8221;no&#8221; tablet_reset_margin=&#8221;no&#8221; wd_z_index=&#8221;no&#8221;][vc_single_image image=&#8221;292&#8243; img_size=&#8221;full&#8221; alignment=&#8221;center&#8221; css=&#8221;.vc_custom_1678271088743{margin-bottom: 0px !important;}&#8221; parallax_scroll=&#8221;no&#8221; woodmart_inline=&#8221;no&#8221;][\/vc_column][\/vc_row][vc_row][vc_column]\n\t\t<div id=\"wd-68166d36a505a\" class=\"wd-tabs wd-wpb wd-rs-68166d36a505a tabs-design-simple \">\n\t\t\t<div class=\"wd-tabs-header\">\n\t\t\t\t\t\t\t\t\t<div class=\"tabs-name title\">\n\t\t\t\t\t\t\t\t\t\t\t\t<span class=\"tabs-text\">S3 Informacija<\/span>\n\t\t\t\t\t<\/div>\n\t\t\t\t\n\t\t\t\t\n\t\t\t\t<div class=\"wd-nav-wrapper wd-nav-tabs-wrapper wd-mb-action-swipe\">\n\t\t\t\t\t<ul class=\"wd-nav wd-nav-tabs wd-icon-pos-left wd-style-default font-primary wd-fontsize-s wd-font-weight-600\">\n\t\t\t\t\t\t\t\t\t\t\t\t\t\n\t\t\t\t\t\t\t<li>\n\t\t\t\t\t\t\t\t<a href=\"#\" class=\"wd-nav-link\">\n\t\t\t\t\t\t\t\t\t\t\t\t\t\t\t\t\t\t<span class=\"nav-link-text wd-tabs-title\">\n\t\t\t\t\t\t\t\t\t\tS3 Dyd\u017eiai\t\t\t\t\t\t\t\t\t<\/span>\n\t\t\t\t\t\t\t\t<\/a>\n\t\t\t\t\t\t\t<\/li>\n\n\t\t\t\t\t\t\t\t\t\t\t\t\t\n\t\t\t\t\t\t\t<li>\n\t\t\t\t\t\t\t\t<a href=\"#\" class=\"wd-nav-link\">\n\t\t\t\t\t\t\t\t\t\t\t\t\t\t\t\t\t\t<span class=\"nav-link-text wd-tabs-title\">\n\t\t\t\t\t\t\t\t\t\tS3 Moduliai\t\t\t\t\t\t\t\t\t<\/span>\n\t\t\t\t\t\t\t\t<\/a>\n\t\t\t\t\t\t\t<\/li>\n\n\t\t\t\t\t\t\t\t\t\t\t\t\t\n\t\t\t\t\t\t\t<li>\n\t\t\t\t\t\t\t\t<a href=\"#\" class=\"wd-nav-link\">\n\t\t\t\t\t\t\t\t\t\t\t\t\t\t\t\t\t\t<span class=\"nav-link-text wd-tabs-title\">\n\t\t\t\t\t\t\t\t\t\tS3 \u012erankiai\t\t\t\t\t\t\t\t\t<\/span>\n\t\t\t\t\t\t\t\t<\/a>\n\t\t\t\t\t\t\t<\/li>\n\n\t\t\t\t\t\t\t\t\t\t\t\t\t\n\t\t\t\t\t\t\t<li>\n\t\t\t\t\t\t\t\t<a href=\"#\" class=\"wd-nav-link\">\n\t\t\t\t\t\t\t\t\t\t\t\t\t\t\t\t\t\t<span class=\"nav-link-text wd-tabs-title\">\n\t\t\t\t\t\t\t\t\t\tS3 Med\u017eiag\u0173 apdorojimas\t\t\t\t\t\t\t\t\t<\/span>\n\t\t\t\t\t\t\t\t<\/a>\n\t\t\t\t\t\t\t<\/li>\n\n\t\t\t\t\t\t\t\t\t\t\t\t\t\n\t\t\t\t\t\t\t<li>\n\t\t\t\t\t\t\t\t<a href=\"#\" class=\"wd-nav-link\">\n\t\t\t\t\t\t\t\t\t\t\t\t\t\t\t\t\t\t<span class=\"nav-link-text wd-tabs-title\">\n\t\t\t\t\t\t\t\t\t\tS3 Parinktys\t\t\t\t\t\t\t\t\t<\/span>\n\t\t\t\t\t\t\t\t<\/a>\n\t\t\t\t\t\t\t<\/li>\n\n\t\t\t\t\t\t\t\t\t\t\t\t\t\n\t\t\t\t\t\t\t<li>\n\t\t\t\t\t\t\t\t<a href=\"#\" class=\"wd-nav-link\">\n\t\t\t\t\t\t\t\t\t\t\t\t\t\t\t\t\t\t<span class=\"nav-link-text wd-tabs-title\">\n\t\t\t\t\t\t\t\t\t\tGamintojo svetain\u0117\t\t\t\t\t\t\t\t\t<\/span>\n\t\t\t\t\t\t\t\t<\/a>\n\t\t\t\t\t\t\t<\/li>\n\n\t\t\t\t\t\t\n\t\t\t\t\t<\/ul>\n\t\t\t\t<\/div>\n\t\t\t<\/div>\n\n\t\t\t<div class=\"wd-tabs-content-wrapper\">\n\t\t\t\t\n\t\t<div class=\"wd-tab-content\">\n\t\t\t\t\t\t\t<div class=\"wd-entry-content\">\n\t\t\t\t\tPjaustytuvo priekyje esantis prailginimas padidina na\u0161um\u0105, nes suteikia vietos i\u0161pjautoms detal\u0117ms nuimti, nepertraukiant pjovimo proceso. Galin\u0117je dalyje esantis prailginimas leid\u017eia pakrauti lak\u0161tus ir plok\u0161tes, kol ma\u0161ina pjauna. Kartu \u0161ie prailginimai u\u017etikrina puiki\u0105 s\u0105rang\u0105, kad gamyba vykt\u0173 be sustojimo.<\/p>\n<p><a href=\"\/wp-content\/uploads\/2023\/05\/S3-Cuttersizes_EN.pdf\" target=\"_blank\" rel=\"noopener\">S3-\u012frangos dyd\u017eiai_EN<\/a>\t\t\t\t<\/div>\n\t\t\t\t\t<\/div>\n\n\t\t\n\t\t<div class=\"wd-tab-content\">\n\t\t\t\t\t\t\t<div class=\"wd-entry-content\">\n\t\t\t\t\tGalima laisvai derinti iki dviej\u0173 \u012franki\u0173 moduli\u0173. Kameros, lazerinio rodytuvo ir \u017eym\u0117jimo modulis suteikia papildom\u0173 funkcij\u0173.<\/p>\n<p><a href=\"\/wp-content\/uploads\/2023\/05\/Modules-Tools-Applications_EN.pdf\" target=\"_blank\" rel=\"noopener\">Moduliai &amp; \u012erankiai<\/a>\t\t\t\t<\/div>\n\t\t\t\t\t<\/div>\n\n\t\t\n\t\t<div class=\"wd-tab-content\">\n\t\t\t\t\t\t\t<div class=\"wd-entry-content\">\n\t\t\t\t\tVisus \u010dia parodytus \u012frankius galima \u012fd\u0117ti \u012f universal\u0173j\u012f modul\u012f. Su tinkamu \u012frankiu S3 gali apdoroti daugyb\u0119 med\u017eiag\u0173 ir atlikti daugyb\u0119 darb\u0173.<\/p>\n<p><a href=\"\/wp-content\/uploads\/2023\/05\/Modules-Tools-Applications_EN-2.pdf\" target=\"_blank\" rel=\"noopener\">Moduliai &amp; \u012erankiai<\/a>\t\t\t\t<\/div>\n\t\t\t\t\t<\/div>\n\n\t\t\n\t\t<div class=\"wd-tab-content\">\n\t\t\t\t\t\t\t<div class=\"wd-entry-content\">\n\t\t\t\t\tKiekvienai med\u017eiagai b\u016bdingos savitos savyb\u0117s. Kad b\u016bt\u0173 galima pritaikyti \u012fvairias med\u017eiagas, &#8222;Z\u00fcnd&#8221; si\u016blo \u012fvairi\u0173 tip\u0173 padavimo \u012ftaisus. Ypa\u010d tekstil\u0117s gaminius reikia specialiai tvarkyti, kad jie kuo ma\u017eiau rauk\u0161l\u0117t\u0173si ir (arba) pernelyg i\u0161sitempt\u0173.<\/p>\n<p><a href=\"\/wp-content\/uploads\/2023\/05\/Overviewroll-offunits.pdf\" target=\"_blank\" rel=\"noopener\">Padavimo sistem\u0173 ap\u017evalga<\/a>\t\t\t\t<\/div>\n\t\t\t\t\t<\/div>\n\n\t\t\n\t\t<div class=\"wd-tab-content\">\n\t\t\t\t\t\t\t<div class=\"wd-entry-content\">\n\t\t\t\t\t<a href=\"\/wp-content\/uploads\/2023\/05\/AutomaticKnifeInitialisation-AKI1.pdf\" target=\"_blank\" rel=\"noopener\">Automatinis \u012frankio kalibravimas<br \/>\n<\/a><a href=\"\/wp-content\/uploads\/2023\/05\/IntegratedCompactColorCamera-1.pdf\" target=\"_blank\" rel=\"noopener\">Integruota kompakti\u0161ka spalvota kamera<br \/>\n<\/a><a href=\"\/wp-content\/uploads\/2023\/05\/Signallights1-1.pdf\" target=\"_blank\" rel=\"noopener\">Signalin\u0117s lempos<br \/>\n<\/a><a href=\"\/wp-content\/uploads\/2023\/05\/Workstation1-1.pdf\" target=\"_blank\" rel=\"noopener\">Darbo vieta<\/a>\t\t\t\t<\/div>\n\t\t\t\t\t<\/div>\n\n\t\t\n\t\t<div class=\"wd-tab-content\">\n\t\t\t\t\t\t\t<div class=\"wd-entry-content\">\n\t\t\t\t\tDar daugiau informacijos apie &#8222;Zund S3&#8221; ma\u0161in\u0105 rasite gamintojo svetain\u0117je<\/p>\n<p><a href=\"https:\/\/www.zund.com\/en\/about-zuend\/newsroom\" target=\"_blank\" rel=\"noopener\">www.zund.com<\/a>\t\t\t\t<\/div>\n\t\t\t\t\t<\/div>\n\n\t\t\t\t\t<\/div>\n\t\t<\/div>\n\n\t\t[vc_separator wd_hide_on_desktop=&#8221;no&#8221; wd_hide_on_tablet=&#8221;no&#8221; wd_hide_on_mobile=&#8221;no&#8221;][\/vc_column][\/vc_row][vc_row full_width=&#8221;stretch_row&#8221; woodmart_bg_position=&#8221;right-bottom&#8221; css=&#8221;.vc_custom_1683792732923{margin-top: 0px !important;margin-bottom: 0px !important;padding-top: 0px !important;padding-bottom: 0px !important;background-image: url(https:\/\/www.ipdata.se\/wp-content\/uploads\/2023\/03\/172-S3-Ergonomie-1.jpg?id=331) !important;background-position: 0 0 !important;background-repeat: no-repeat !important;}&#8221; woodmart_css_id=&#8221;645ca359c730f&#8221; responsive_spacing=&#8221;eyJwYXJhbV90eXBlIjoid29vZG1hcnRfcmVzcG9uc2l2ZV9zcGFjaW5nIiwic2VsZWN0b3JfaWQiOiI2NDVjYTM1OWM3MzBmIiwic2hvcnRjb2RlIjoidmNfcm93IiwiZGF0YSI6eyJ0YWJsZXQiOnt9LCJtb2JpbGUiOnt9fX0=&#8221; mobile_bg_img_hidden=&#8221;no&#8221; tablet_bg_img_hidden=&#8221;no&#8221; woodmart_parallax=&#8221;0&#8243; woodmart_gradient_switch=&#8221;no&#8221; woodmart_box_shadow=&#8221;no&#8221; wd_z_index=&#8221;no&#8221; woodmart_disable_overflow=&#8221;0&#8243; row_reverse_mobile=&#8221;0&#8243; row_reverse_tablet=&#8221;0&#8243;][vc_column css=&#8221;.vc_custom_1683792726876{margin-top: 0px !important;margin-bottom: 0px !important;padding-top: 0px !important;padding-bottom: 10vh !important;}&#8221; woodmart_css_id=&#8221;645ca3516cd77&#8243; parallax_scroll=&#8221;no&#8221; woodmart_sticky_column=&#8221;false&#8221; wd_collapsible_content_switcher=&#8221;no&#8221; wd_column_role_offcanvas_desktop=&#8221;no&#8221; wd_column_role_offcanvas_tablet=&#8221;no&#8221; wd_column_role_offcanvas_mobile=&#8221;no&#8221; wd_column_role_content_desktop=&#8221;no&#8221; wd_column_role_content_tablet=&#8221;no&#8221; wd_column_role_content_mobile=&#8221;no&#8221; mobile_bg_img_hidden=&#8221;no&#8221; tablet_bg_img_hidden=&#8221;no&#8221; woodmart_parallax=&#8221;0&#8243; woodmart_box_shadow=&#8221;no&#8221; responsive_spacing=&#8221;eyJwYXJhbV90eXBlIjoid29vZG1hcnRfcmVzcG9uc2l2ZV9zcGFjaW5nIiwic2VsZWN0b3JfaWQiOiI2NDVjYTM1MTZjZDc3Iiwic2hvcnRjb2RlIjoidmNfY29sdW1uIiwiZGF0YSI6eyJ0YWJsZXQiOnt9LCJtb2JpbGUiOnt9fX0=&#8221; mobile_reset_margin=&#8221;no&#8221; tablet_reset_margin=&#8221;no&#8221; wd_z_index=&#8221;no&#8221;][vc_row_inner woodmart_css_id=&#8221;6407082249249&#8243; responsive_spacing=&#8221;eyJwYXJhbV90eXBlIjoid29vZG1hcnRfcmVzcG9uc2l2ZV9zcGFjaW5nIiwic2VsZWN0b3JfaWQiOiI2NDA3MDgyMjQ5MjQ5Iiwic2hvcnRjb2RlIjoidmNfcm93X2lubmVyIiwiZGF0YSI6eyJ0YWJsZXQiOnt9LCJtb2JpbGUiOnt9fX0=&#8221; mobile_bg_img_hidden=&#8221;no&#8221; tablet_bg_img_hidden=&#8221;no&#8221; woodmart_parallax=&#8221;0&#8243; woodmart_gradient_switch=&#8221;no&#8221; woodmart_box_shadow=&#8221;no&#8221; wd_z_index=&#8221;no&#8221; woodmart_disable_overflow=&#8221;0&#8243; row_reverse_mobile=&#8221;0&#8243; row_reverse_tablet=&#8221;0&#8243; css=&#8221;.vc_custom_1678182439560{margin-top: 0px !important;margin-bottom: 0px !important;padding-top: 0px !important;padding-bottom: 0px !important;}&#8221;][vc_column_inner width=&#8221;1\/2&#8243; css=&#8221;.vc_custom_1677765795331{padding-top: 40px !important;padding-right: 40px !important;padding-bottom: 40px !important;padding-left: 40px !important;background-color: #264359 !important;}&#8221; woodmart_css_id=&#8221;6400ac939cd69&#8243; parallax_scroll=&#8221;no&#8221; woodmart_sticky_column=&#8221;false&#8221; wd_collapsible_content_switcher=&#8221;no&#8221; wd_column_role_offcanvas_desktop=&#8221;no&#8221; wd_column_role_offcanvas_tablet=&#8221;no&#8221; wd_column_role_offcanvas_mobile=&#8221;no&#8221; wd_column_role_content_desktop=&#8221;no&#8221; wd_column_role_content_tablet=&#8221;no&#8221; wd_column_role_content_mobile=&#8221;no&#8221; mobile_bg_img_hidden=&#8221;no&#8221; tablet_bg_img_hidden=&#8221;no&#8221; woodmart_parallax=&#8221;0&#8243; woodmart_box_shadow=&#8221;no&#8221; responsive_spacing=&#8221;eyJwYXJhbV90eXBlIjoid29vZG1hcnRfcmVzcG9uc2l2ZV9zcGFjaW5nIiwic2VsZWN0b3JfaWQiOiI2NDAwYWM5MzljZDY5Iiwic2hvcnRjb2RlIjoidmNfY29sdW1uX2lubmVyIiwiZGF0YSI6eyJ0YWJsZXQiOnt9LCJtb2JpbGUiOnt9fX0=&#8221; wd_z_index=&#8221;no&#8221;]\t\t<div id=\"wd-64086ade2365b\" class=\"wd-text-block wd-wpb reset-last-child wd-rs-64086ade2365b text-left vc_custom_1678273251395\">\n\t\t\t<p><strong>Neprilygstamos naujov\u0117s<br \/>\n<\/strong>S3 yra greitas, kompakti\u0161kas ir atitinka auk\u0161\u010diausius saugos standartus. Inovacijos i\u0161siskiria visais \u0161ios linijos sukirpimo sistem\u0173 aspektais. Tikras \u0161veicari\u0161kos kokyb\u0117s gaminys &#8211; bekompromisis tikslumas ir dizainas!<\/p>\n<p><strong>Greitumas<\/strong><br \/>\nPrie\u017ei\u016bros nereikalaujanti, didelio na\u0161umo tiesiogin\u0117 pavara u\u017etikrina i\u0161skirtin\u012f na\u0161um\u0105.<\/p>\n<p><strong>Kompakti\u0161kumas<br \/>\n<\/strong>Kompakti\u0161kas dizainas, taupantis viet\u0105.<\/p>\n<p><strong>Saugumas<\/strong><br \/>\nS3 vir\u0161ija auk\u0161\u010diausus saugos standartus.<\/p>\n\t\t<\/div>\n\t\t[\/vc_column_inner][vc_column_inner width=&#8221;1\/2&#8243;][\/vc_column_inner][\/vc_row_inner][\/vc_column][\/vc_row]<\/p>\n<\/div>","protected":false},"excerpt":{"rendered":"<p>[vc_row full_width=&#8221;stretch_row&#8221; equal_height=&#8221;yes&#8221; content_placement=&#8221;top&#8221; css=&#8221;.vc_custom_1678182352581{margin-bottom: 0px !important;padding-top: 60px !important;padding-bottom: 60px !important;background-color: #f4f5f7 !important;}&#8221; woodmart_css_id=&#8221;640707c7290d2&#8243; responsive_spacing=&#8221;eyJwYXJhbV90eXBlIjoid29vZG1hcnRfcmVzcG9uc2l2ZV9zcGFjaW5nIiwic2VsZWN0b3JfaWQiOiI2NDA3MDdjNzI5MGQyIiwic2hvcnRjb2RlIjoidmNfcm93IiwiZGF0YSI6eyJ0YWJsZXQiOnt9LCJtb2JpbGUiOnt9fX0=&#8221; mobile_bg_img_hidden=&#8221;no&#8221; tablet_bg_img_hidden=&#8221;no&#8221; woodmart_parallax=&#8221;0&#8243; woodmart_gradient_switch=&#8221;no&#8221; woodmart_box_shadow=&#8221;no&#8221;<\/p>\n","protected":false},"featured_media":3648,"comment_status":"closed","ping_status":"closed","template":"","meta":[],"product_brand":[],"product_cat":[52],"product_tag":[],"class_list":{"0":"post-4280","1":"product","2":"type-product","3":"status-publish","4":"has-post-thumbnail","6":"product_cat-zund-lt","8":"first","9":"instock","10":"shipping-taxable","11":"product-type-simple"},"yoast_head":"<!-- This site is optimized with the Yoast SEO plugin v27.1.1 - https:\/\/yoast.com\/product\/yoast-seo-wordpress\/ -->\n<title>Z\u00fcnd S3 skaitmenin\u0117 sukirpimo sistema \u2013 kompakti\u0161ka | IPDATA<\/title>\n<meta name=\"description\" content=\"Z\u00fcnd S3 \u2013 modulin\u0117 skaitmenin\u0117 sukirpimo sistema, skirta efektyviam tekstil\u0117s, odos ir kompozit\u0173 sukirpimui Skandinavijos ir Baltijos \u0161alyse.\" \/>\n<meta name=\"robots\" content=\"index, follow, max-snippet:-1, max-image-preview:large, max-video-preview:-1\" \/>\n<link rel=\"canonical\" href=\"https:\/\/www.ipdata.se\/lt\/zund-lt\/zund-s3\/\" \/>\n<meta property=\"og:locale\" content=\"lt_LT\" \/>\n<meta property=\"og:type\" content=\"article\" \/>\n<meta property=\"og:title\" content=\"Z\u00fcnd S3 skaitmenin\u0117 sukirpimo sistema \u2013 kompakti\u0161ka | IPDATA\" \/>\n<meta property=\"og:description\" content=\"Z\u00fcnd S3 \u2013 modulin\u0117 skaitmenin\u0117 sukirpimo sistema, skirta efektyviam tekstil\u0117s, odos ir kompozit\u0173 sukirpimui Skandinavijos ir Baltijos \u0161alyse.\" \/>\n<meta property=\"og:url\" content=\"https:\/\/www.ipdata.se\/lt\/zund-lt\/zund-s3\/\" \/>\n<meta property=\"og:site_name\" content=\"IP DATA GROUP\" \/>\n<meta property=\"article:modified_time\" content=\"2025-05-03T19:31:41+00:00\" \/>\n<meta property=\"og:image\" content=\"https:\/\/www.ipdata.se\/wp-content\/uploads\/2023\/03\/s3.png\" \/>\n\t<meta property=\"og:image:width\" content=\"800\" \/>\n\t<meta property=\"og:image:height\" content=\"800\" \/>\n\t<meta property=\"og:image:type\" content=\"image\/png\" \/>\n<meta name=\"twitter:card\" content=\"summary_large_image\" \/>\n<meta name=\"twitter:label1\" content=\"Apytikslis skaitymo laikas\" \/>\n\t<meta name=\"twitter:data1\" content=\"3 minut\u0117s\" \/>\n<script type=\"application\/ld+json\" class=\"yoast-schema-graph\">{\"@context\":\"https:\/\/schema.org\",\"@graph\":[{\"@type\":\"WebPage\",\"@id\":\"https:\/\/www.ipdata.se\/lt\/zund-lt\/zund-s3\/\",\"url\":\"https:\/\/www.ipdata.se\/lt\/zund-lt\/zund-s3\/\",\"name\":\"Z\u00fcnd S3 skaitmenin\u0117 sukirpimo sistema \u2013 kompakti\u0161ka | IPDATA\",\"isPartOf\":{\"@id\":\"https:\/\/www.ipdata.se\/lt\/#website\"},\"primaryImageOfPage\":{\"@id\":\"https:\/\/www.ipdata.se\/lt\/zund-lt\/zund-s3\/#primaryimage\"},\"image\":{\"@id\":\"https:\/\/www.ipdata.se\/lt\/zund-lt\/zund-s3\/#primaryimage\"},\"thumbnailUrl\":\"https:\/\/www.ipdata.se\/wp-content\/uploads\/2023\/03\/s3.png\",\"datePublished\":\"2023-03-03T09:22:58+00:00\",\"dateModified\":\"2025-05-03T19:31:41+00:00\",\"description\":\"Z\u00fcnd S3 \u2013 modulin\u0117 skaitmenin\u0117 sukirpimo sistema, skirta efektyviam tekstil\u0117s, odos ir kompozit\u0173 sukirpimui Skandinavijos ir Baltijos \u0161alyse.\",\"breadcrumb\":{\"@id\":\"https:\/\/www.ipdata.se\/lt\/zund-lt\/zund-s3\/#breadcrumb\"},\"inLanguage\":\"lt-LT\",\"potentialAction\":[{\"@type\":\"ReadAction\",\"target\":[\"https:\/\/www.ipdata.se\/lt\/zund-lt\/zund-s3\/\"]}]},{\"@type\":\"ImageObject\",\"inLanguage\":\"lt-LT\",\"@id\":\"https:\/\/www.ipdata.se\/lt\/zund-lt\/zund-s3\/#primaryimage\",\"url\":\"https:\/\/www.ipdata.se\/wp-content\/uploads\/2023\/03\/s3.png\",\"contentUrl\":\"https:\/\/www.ipdata.se\/wp-content\/uploads\/2023\/03\/s3.png\",\"width\":800,\"height\":800,\"caption\":\"Z\u00fcnd S3 skaitmenin\u0117 pjovimo sistema veikianti tekstilei\"},{\"@type\":\"BreadcrumbList\",\"@id\":\"https:\/\/www.ipdata.se\/lt\/zund-lt\/zund-s3\/#breadcrumb\",\"itemListElement\":[{\"@type\":\"ListItem\",\"position\":1,\"name\":\"Hem\",\"item\":\"https:\/\/www.ipdata.se\/lt\/\"},{\"@type\":\"ListItem\",\"position\":2,\"name\":\"Shop\",\"item\":\"https:\/\/www.ipdata.se\/lt\/shop\/\"},{\"@type\":\"ListItem\",\"position\":3,\"name\":\"Z\u00fcnd S3 Automatizuota sukirpimo technika\"}]},{\"@type\":\"WebSite\",\"@id\":\"https:\/\/www.ipdata.se\/lt\/#website\",\"url\":\"https:\/\/www.ipdata.se\/lt\/\",\"name\":\"IP DATA GROUP\",\"description\":\"\",\"potentialAction\":[{\"@type\":\"SearchAction\",\"target\":{\"@type\":\"EntryPoint\",\"urlTemplate\":\"https:\/\/www.ipdata.se\/lt\/?s={search_term_string}\"},\"query-input\":{\"@type\":\"PropertyValueSpecification\",\"valueRequired\":true,\"valueName\":\"search_term_string\"}}],\"inLanguage\":\"lt-LT\"}]}<\/script>\n<!-- \/ Yoast SEO plugin. -->","yoast_head_json":{"title":"Z\u00fcnd S3 skaitmenin\u0117 sukirpimo sistema \u2013 kompakti\u0161ka | IPDATA","description":"Z\u00fcnd S3 \u2013 modulin\u0117 skaitmenin\u0117 sukirpimo sistema, skirta efektyviam tekstil\u0117s, odos ir kompozit\u0173 sukirpimui Skandinavijos ir Baltijos \u0161alyse.","robots":{"index":"index","follow":"follow","max-snippet":"max-snippet:-1","max-image-preview":"max-image-preview:large","max-video-preview":"max-video-preview:-1"},"canonical":"https:\/\/www.ipdata.se\/lt\/zund-lt\/zund-s3\/","og_locale":"lt_LT","og_type":"article","og_title":"Z\u00fcnd S3 skaitmenin\u0117 sukirpimo sistema \u2013 kompakti\u0161ka | IPDATA","og_description":"Z\u00fcnd S3 \u2013 modulin\u0117 skaitmenin\u0117 sukirpimo sistema, skirta efektyviam tekstil\u0117s, odos ir kompozit\u0173 sukirpimui Skandinavijos ir Baltijos \u0161alyse.","og_url":"https:\/\/www.ipdata.se\/lt\/zund-lt\/zund-s3\/","og_site_name":"IP DATA GROUP","article_modified_time":"2025-05-03T19:31:41+00:00","og_image":[{"width":800,"height":800,"url":"https:\/\/www.ipdata.se\/wp-content\/uploads\/2023\/03\/s3.png","type":"image\/png"}],"twitter_card":"summary_large_image","twitter_misc":{"Apytikslis skaitymo laikas":"3 minut\u0117s"},"schema":{"@context":"https:\/\/schema.org","@graph":[{"@type":"WebPage","@id":"https:\/\/www.ipdata.se\/lt\/zund-lt\/zund-s3\/","url":"https:\/\/www.ipdata.se\/lt\/zund-lt\/zund-s3\/","name":"Z\u00fcnd S3 skaitmenin\u0117 sukirpimo sistema \u2013 kompakti\u0161ka | IPDATA","isPartOf":{"@id":"https:\/\/www.ipdata.se\/lt\/#website"},"primaryImageOfPage":{"@id":"https:\/\/www.ipdata.se\/lt\/zund-lt\/zund-s3\/#primaryimage"},"image":{"@id":"https:\/\/www.ipdata.se\/lt\/zund-lt\/zund-s3\/#primaryimage"},"thumbnailUrl":"https:\/\/www.ipdata.se\/wp-content\/uploads\/2023\/03\/s3.png","datePublished":"2023-03-03T09:22:58+00:00","dateModified":"2025-05-03T19:31:41+00:00","description":"Z\u00fcnd S3 \u2013 modulin\u0117 skaitmenin\u0117 sukirpimo sistema, skirta efektyviam tekstil\u0117s, odos ir kompozit\u0173 sukirpimui Skandinavijos ir Baltijos \u0161alyse.","breadcrumb":{"@id":"https:\/\/www.ipdata.se\/lt\/zund-lt\/zund-s3\/#breadcrumb"},"inLanguage":"lt-LT","potentialAction":[{"@type":"ReadAction","target":["https:\/\/www.ipdata.se\/lt\/zund-lt\/zund-s3\/"]}]},{"@type":"ImageObject","inLanguage":"lt-LT","@id":"https:\/\/www.ipdata.se\/lt\/zund-lt\/zund-s3\/#primaryimage","url":"https:\/\/www.ipdata.se\/wp-content\/uploads\/2023\/03\/s3.png","contentUrl":"https:\/\/www.ipdata.se\/wp-content\/uploads\/2023\/03\/s3.png","width":800,"height":800,"caption":"Z\u00fcnd S3 skaitmenin\u0117 pjovimo sistema veikianti tekstilei"},{"@type":"BreadcrumbList","@id":"https:\/\/www.ipdata.se\/lt\/zund-lt\/zund-s3\/#breadcrumb","itemListElement":[{"@type":"ListItem","position":1,"name":"Hem","item":"https:\/\/www.ipdata.se\/lt\/"},{"@type":"ListItem","position":2,"name":"Shop","item":"https:\/\/www.ipdata.se\/lt\/shop\/"},{"@type":"ListItem","position":3,"name":"Z\u00fcnd S3 Automatizuota sukirpimo technika"}]},{"@type":"WebSite","@id":"https:\/\/www.ipdata.se\/lt\/#website","url":"https:\/\/www.ipdata.se\/lt\/","name":"IP DATA GROUP","description":"","potentialAction":[{"@type":"SearchAction","target":{"@type":"EntryPoint","urlTemplate":"https:\/\/www.ipdata.se\/lt\/?s={search_term_string}"},"query-input":{"@type":"PropertyValueSpecification","valueRequired":true,"valueName":"search_term_string"}}],"inLanguage":"lt-LT"}]}},"_links":{"self":[{"href":"https:\/\/www.ipdata.se\/lt\/wp-json\/wp\/v2\/product\/4280","targetHints":{"allow":["GET"]}}],"collection":[{"href":"https:\/\/www.ipdata.se\/lt\/wp-json\/wp\/v2\/product"}],"about":[{"href":"https:\/\/www.ipdata.se\/lt\/wp-json\/wp\/v2\/types\/product"}],"replies":[{"embeddable":true,"href":"https:\/\/www.ipdata.se\/lt\/wp-json\/wp\/v2\/comments?post=4280"}],"wp:featuredmedia":[{"embeddable":true,"href":"https:\/\/www.ipdata.se\/lt\/wp-json\/wp\/v2\/media\/3648"}],"wp:attachment":[{"href":"https:\/\/www.ipdata.se\/lt\/wp-json\/wp\/v2\/media?parent=4280"}],"wp:term":[{"taxonomy":"product_brand","embeddable":true,"href":"https:\/\/www.ipdata.se\/lt\/wp-json\/wp\/v2\/product_brand?post=4280"},{"taxonomy":"product_cat","embeddable":true,"href":"https:\/\/www.ipdata.se\/lt\/wp-json\/wp\/v2\/product_cat?post=4280"},{"taxonomy":"product_tag","embeddable":true,"href":"https:\/\/www.ipdata.se\/lt\/wp-json\/wp\/v2\/product_tag?post=4280"}],"curies":[{"name":"wp","href":"https:\/\/api.w.org\/{rel}","templated":true}]}}