{"id":4336,"date":"2023-08-23T09:52:30","date_gmt":"2023-08-23T07:52:30","guid":{"rendered":"https:\/\/www.ipdata.se\/products\/zund-l3-kirpimo-sistema\/"},"modified":"2025-05-03T20:50:58","modified_gmt":"2025-05-03T18:50:58","slug":"zund-l3-sukirpimo-sistema","status":"publish","type":"product","link":"https:\/\/www.ipdata.se\/lt\/zund-lt\/zund-l3-kirpimo-sistema\/","title":{"rendered":"Z\u00fcnd L3 Kirpimo sistema"},"content":{"rendered":"<div class=\"wpb-content-wrapper\"><p>[vc_row full_width=&#8221;stretch_row&#8221; equal_height=&#8221;yes&#8221; content_placement=&#8221;top&#8221; css=&#8221;.vc_custom_1678182352581{margin-bottom: 0px !important;padding-top: 60px !important;padding-bottom: 60px !important;background-color: #f4f5f7 !important;}&#8221; woodmart_css_id=&#8221;640707c7290d2&#8243; responsive_spacing=&#8221;eyJwYXJhbV90eXBlIjoid29vZG1hcnRfcmVzcG9uc2l2ZV9zcGFjaW5nIiwic2VsZWN0b3JfaWQiOiI2NDA3MDdjNzI5MGQyIiwic2hvcnRjb2RlIjoidmNfcm93IiwiZGF0YSI6eyJ0YWJsZXQiOnt9LCJtb2JpbGUiOnt9fX0=&#8221; mobile_bg_img_hidden=&#8221;no&#8221; tablet_bg_img_hidden=&#8221;no&#8221; woodmart_parallax=&#8221;0&#8243; woodmart_gradient_switch=&#8221;no&#8221; woodmart_box_shadow=&#8221;no&#8221; wd_z_index=&#8221;no&#8221; woodmart_disable_overflow=&#8221;0&#8243; row_reverse_mobile=&#8221;0&#8243; row_reverse_tablet=&#8221;0&#8243;][vc_column width=&#8221;1\/2&#8243; css=&#8221;.vc_custom_1678112498917{padding-top: 0px !important;}&#8221; woodmart_css_id=&#8221;6405f6e9a9c83&#8243; parallax_scroll=&#8221;no&#8221; woodmart_sticky_column=&#8221;false&#8221; wd_collapsible_content_switcher=&#8221;no&#8221; wd_column_role_offcanvas_desktop=&#8221;no&#8221; wd_column_role_offcanvas_tablet=&#8221;no&#8221; wd_column_role_offcanvas_mobile=&#8221;no&#8221; wd_column_role_content_desktop=&#8221;no&#8221; wd_column_role_content_tablet=&#8221;no&#8221; wd_column_role_content_mobile=&#8221;no&#8221; mobile_bg_img_hidden=&#8221;no&#8221; tablet_bg_img_hidden=&#8221;no&#8221; woodmart_parallax=&#8221;0&#8243; woodmart_box_shadow=&#8221;no&#8221; responsive_spacing=&#8221;eyJwYXJhbV90eXBlIjoid29vZG1hcnRfcmVzcG9uc2l2ZV9zcGFjaW5nIiwic2VsZWN0b3JfaWQiOiI2NDA1ZjZlOWE5YzgzIiwic2hvcnRjb2RlIjoidmNfY29sdW1uIiwiZGF0YSI6eyJ0YWJsZXQiOnt9LCJtb2JpbGUiOnt9fX0=&#8221; mobile_reset_margin=&#8221;no&#8221; tablet_reset_margin=&#8221;no&#8221; wd_z_index=&#8221;no&#8221;]\n\t\t<div id=\"wd-64edd9f0a4b62\" class=\"title-wrapper wd-wpb wd-set-mb reset-last-child  wd-rs-64edd9f0a4b62 wd-title-color-default wd-title-style-default text-left  wd-underline-colored\">\n\t\t\t\n\t\t\t<div class=\"liner-continer\">\n\t\t\t\t<h2 class=\"woodmart-title-container title  wd-font-weight- wd-fontsize-xxxl\" >Gaminkite auk\u0161\u010diausios kokyb\u0117s odos gaminius<\/h2>\n\t\t\t\t\t\t\t<\/div>\n\t\t\t\n\t\t\t\n\t\t\t\n\t\t<\/div>\n\t\t\n\t\t\t\t<div id=\"wd-681665245412e\" class=\"wd-text-block wd-wpb reset-last-child wd-rs-681665245412e text-left vc_custom_1746298192482\">\n\t\t\t<p>Pakelkite savo odos gamybos produktyvum\u0105 \u012f auk\u0161tesn\u012f lyg\u012f. Apdorokite od\u0105, pamu\u0161al\u0105 ir trafaretines med\u017eiagas tiksliai ir efektyviai su Z\u00fcnd L3 sukirpimo sistema. Kirpimo sistema tvarko net ir labai sud\u0117tingus ra\u0161tus ne\u012ftik\u0117tinai dideliais grei\u010diais. Be to, d\u0117l auk\u0161\u010diausio tikslumo, laiko reikalaujantys po gamybos u\u017ebaigimo darbai tapo praeitimi.<\/p>\n\t\t<\/div>\n\t\t[\/vc_column][vc_column width=&#8221;1\/2&#8243; css=&#8221;.vc_custom_1678112505141{padding-top: 0px !important;}&#8221; woodmart_css_id=&#8221;6405f6f654b33&#8243; parallax_scroll=&#8221;no&#8221; woodmart_sticky_column=&#8221;false&#8221; wd_collapsible_content_switcher=&#8221;no&#8221; wd_column_role_offcanvas_desktop=&#8221;no&#8221; wd_column_role_offcanvas_tablet=&#8221;no&#8221; wd_column_role_offcanvas_mobile=&#8221;no&#8221; wd_column_role_content_desktop=&#8221;no&#8221; wd_column_role_content_tablet=&#8221;no&#8221; wd_column_role_content_mobile=&#8221;no&#8221; mobile_bg_img_hidden=&#8221;no&#8221; tablet_bg_img_hidden=&#8221;no&#8221; woodmart_parallax=&#8221;0&#8243; woodmart_box_shadow=&#8221;no&#8221; responsive_spacing=&#8221;eyJwYXJhbV90eXBlIjoid29vZG1hcnRfcmVzcG9uc2l2ZV9zcGFjaW5nIiwic2VsZWN0b3JfaWQiOiI2NDA1ZjZmNjU0YjMzIiwic2hvcnRjb2RlIjoidmNfY29sdW1uIiwiZGF0YSI6eyJ0YWJsZXQiOnt9LCJtb2JpbGUiOnt9fX0=&#8221; mobile_reset_margin=&#8221;no&#8221; tablet_reset_margin=&#8221;no&#8221; wd_z_index=&#8221;no&#8221;][vc_single_image image=&#8221;433&#8243; img_size=&#8221;full&#8221; alignment=&#8221;center&#8221; css=&#8221;.vc_custom_1693309487707{margin-bottom: 0px !important;}&#8221; parallax_scroll=&#8221;no&#8221; woodmart_inline=&#8221;no&#8221;][\/vc_column][\/vc_row][vc_row][vc_column]\n\t\t<div id=\"wd-68165963199c7\" class=\"wd-tabs wd-wpb wd-rs-68165963199c7 tabs-design-simple \">\n\t\t\t<div class=\"wd-tabs-header\">\n\t\t\t\t\t\t\t\t\t<div class=\"tabs-name title\">\n\t\t\t\t\t\t\t\t\t\t\t\t<span class=\"tabs-text\">L3 Informacija<\/span>\n\t\t\t\t\t<\/div>\n\t\t\t\t\n\t\t\t\t\n\t\t\t\t<div class=\"wd-nav-wrapper wd-nav-tabs-wrapper wd-mb-action-swipe\">\n\t\t\t\t\t<ul class=\"wd-nav wd-nav-tabs wd-icon-pos-left wd-style-default font-primary wd-fontsize-s wd-font-weight-600\">\n\t\t\t\t\t\t\t\t\t\t\t\t\t\n\t\t\t\t\t\t\t<li>\n\t\t\t\t\t\t\t\t<a href=\"#\" class=\"wd-nav-link\">\n\t\t\t\t\t\t\t\t\t\t\t\t\t\t\t\t\t\t<span class=\"nav-link-text wd-tabs-title\">\n\t\t\t\t\t\t\t\t\t\tL3 Dyd\u017eiai\t\t\t\t\t\t\t\t\t<\/span>\n\t\t\t\t\t\t\t\t<\/a>\n\t\t\t\t\t\t\t<\/li>\n\n\t\t\t\t\t\t\t\t\t\t\t\t\t\n\t\t\t\t\t\t\t<li>\n\t\t\t\t\t\t\t\t<a href=\"#\" class=\"wd-nav-link\">\n\t\t\t\t\t\t\t\t\t\t\t\t\t\t\t\t\t\t<span class=\"nav-link-text wd-tabs-title\">\n\t\t\t\t\t\t\t\t\t\tL3 \u012erankiai\t\t\t\t\t\t\t\t\t<\/span>\n\t\t\t\t\t\t\t\t<\/a>\n\t\t\t\t\t\t\t<\/li>\n\n\t\t\t\t\t\t\t\t\t\t\t\t\t\n\t\t\t\t\t\t\t<li>\n\t\t\t\t\t\t\t\t<a href=\"#\" class=\"wd-nav-link\">\n\t\t\t\t\t\t\t\t\t\t\t\t\t\t\t\t\t\t<span class=\"nav-link-text wd-tabs-title\">\n\t\t\t\t\t\t\t\t\t\tGamintojo svetain\u0117\t\t\t\t\t\t\t\t\t<\/span>\n\t\t\t\t\t\t\t\t<\/a>\n\t\t\t\t\t\t\t<\/li>\n\n\t\t\t\t\t\t\n\t\t\t\t\t<\/ul>\n\t\t\t\t<\/div>\n\t\t\t<\/div>\n\n\t\t\t<div class=\"wd-tabs-content-wrapper\">\n\t\t\t\t\n\t\t<div class=\"wd-tab-content\">\n\t\t\t\t\t\t\t<div class=\"wd-entry-content\">\n\t\t\t\t\t<strong>L3 kirptuvo ap\u017evalga<\/strong><br \/>\nL3 linijos du skirtingi sukirpimo modeliai leid\u017eia pasirinkti tinkam\u0105 ma\u0161inos dyd\u012f visiems j\u016bs\u0173 gamybos poreikiams. M\u016bs\u0173 skaitmenin\u0117s kirpimo sistemos yra intelektualios, efektyvios ir paruo\u0161tos atei\u010diai.<\/p>\n<p><strong>C-40<\/strong> Plotis (mm) 2300 x Ilgis (mm) 1000<br \/>\n<strong>C-56<\/strong> Plotis (mm) 3240 x Ilgis (mm) 1000\t\t\t\t<\/div>\n\t\t\t\t\t<\/div>\n\n\t\t\n\t\t<div class=\"wd-tab-content\">\n\t\t\t\t\t\t\t<div class=\"wd-entry-content\">\n\t\t\t\t\t<strong>Rotacinis \u012frankis &#8211; DRT<\/strong><br \/>\nVarikliu valdomas rotacinis \u012frankis sukurtas patikimam ir ekonomi\u0161kam vis\u0173 r\u016b\u0161i\u0173 tekstil\u0117s med\u017eiag\u0173 kirpimui. Med\u017eiaga kerpama su varikliu valdomu de\u0161imties segment\u0173 peiliu. Peilio geometrija \u017eymiai suma\u017eina pasiprie\u0161inimo j\u0117g\u0105 med\u017eiagai ir padeda \u0161variai kirpti si\u016blus ar pluo\u0161tus. \u0160is apdorojimo metodas u\u017etikrina \u0161varius ir tikslus pj\u016bvius, net ir ant labai laisv\u0173, \u0161iurk\u0161\u010diai pint\u0173 med\u017eiag\u0173.<\/p>\n<p>Pasirinkimas tarp dviej\u0173 apsuk\u0173 nustatym\u0173, priklausomai nuo paskirties. Taip pat tinkamas med\u017eiagoms, turin\u010dioms \u017eem\u0105 lydymosi ta\u0161k\u0105, pjauti.<\/p>\n<p><strong>Elektrinis Osciluojantis \u012erankis &#8211; EOT<\/strong><br \/>\nElektrinis osciliuojantis \u012frankis tinka mink\u0161t\u0173 ir vidutinio tankio med\u017eiag\u0173 kirpimui. Auk\u0161ta osciliacijos da\u017enio reik\u0161m\u0117 u\u017etikrina didel\u012f apdorojimo greit\u012f ir efektyv\u0173 perdirbim\u0105.<\/p>\n<p>Priklausomai nuo naudojimo, EOT galima \u012fsigyti su 0,5 mm arba 1,0 mm eiga. Kad atitikt\u0173 skirtingus pagrindus ir detalumo lygius, Z\u00fcnd si\u016blo plat\u0173 plok\u0161\u010di\u0173 ir smaili\u0173 svyruojan\u010di\u0173 peili\u0173 asortiment\u0105.<\/p>\n<p><strong>Elektrinis Osciluojantis \u012erankis &#8211; EOT-250<\/strong><br \/>\nElektrinis osciliuojantis \u012frankis idealiai tinka efektyviai apdirbti tokias med\u017eiagas kaip korio plok\u0161t\u0117, storas kartonas ir kieta oda. \u0160is auk\u0161tos kokyb\u0117s \u012frankis yra apr\u016bpintas galingu oru au\u0161inamu varikliu. D\u0117l i\u0161pl\u0117sto, 2,5 mm eigos ir didelio virpesi\u0173 da\u017enio EOT-250 gali apdoroti sud\u0117tingas med\u017eiagas labai dideliu grei\u010diu. Z\u00fcnd si\u016blo plat\u0173 auk\u0161tos kokyb\u0117s peili\u0173 asortiment\u0105, skirt\u0105 naudoti su EOT-250.<\/p>\n<p><strong>\u017dym\u0117jimo moduliai<br \/>\n<\/strong>Z\u00fcnd \u017eym\u0117jimo moduliai palaiko \u012fvairius ra\u0161iklius ir \u012fd\u0117klus. \u012eprastos taikymo sritys: \u0161tampavimo linij\u0173 brai\u017eymas ra\u0161alu ant poliesterio pl\u0117vel\u0117s, si\u016bl\u0173 \u017eym\u0117jimas ant odos su vandenyje tirpiais sidabriniais ra\u0161ikliais ir dali\u0173 arba ra\u0161t\u0173 \u017eym\u0117jimas tu\u0161inuku. \u017dym\u0117jimo modulis yra suderinamas su visais Z\u00fcnd pie\u0161imo\/brai\u017eymo \u012fd\u0117klais, kuriuos galima \u012fsigyti i\u0161 Z\u00fcnd.\t\t\t\t<\/div>\n\t\t\t\t\t<\/div>\n\n\t\t\n\t\t<div class=\"wd-tab-content\">\n\t\t\t\t\t\t\t<div class=\"wd-entry-content\">\n\t\t\t\t\tDar daugiau informacijos apie &#8222;Z\u00fcnd L3&#8221; sukirpimo ma\u0161in\u0105 rasite gamintojo svetain\u0117je<\/p>\n<p><a href=\"https:\/\/www.zund.com\/en\/cutting-systems\/digital-cutting-systems\/l3-cutter\" target=\"_blank\" rel=\"noopener\">www.zund.com<\/a>\t\t\t\t<\/div>\n\t\t\t\t\t<\/div>\n\n\t\t\t\t\t<\/div>\n\t\t<\/div>\n\n\t\t[vc_separator wd_hide_on_desktop=&#8221;no&#8221; wd_hide_on_tablet=&#8221;no&#8221; wd_hide_on_mobile=&#8221;no&#8221;][\/vc_column][\/vc_row][vc_row full_width=&#8221;stretch_row&#8221; woodmart_bg_position=&#8221;right-bottom&#8221; css=&#8221;.vc_custom_1746295202115{margin-top: 0px !important;margin-bottom: 0px !important;padding-top: 0px !important;padding-bottom: 0px !important;background-position: 0 0 !important;background-repeat: no-repeat !important;}&#8221; woodmart_css_id=&#8221;6816599ad5771&#8243; responsive_spacing=&#8221;eyJwYXJhbV90eXBlIjoid29vZG1hcnRfcmVzcG9uc2l2ZV9zcGFjaW5nIiwic2VsZWN0b3JfaWQiOiI2ODE2NTk5YWQ1NzcxIiwic2hvcnRjb2RlIjoidmNfcm93IiwiZGF0YSI6eyJ0YWJsZXQiOnt9LCJtb2JpbGUiOnt9fX0=&#8221; mobile_bg_img_hidden=&#8221;no&#8221; tablet_bg_img_hidden=&#8221;no&#8221; woodmart_parallax=&#8221;0&#8243; woodmart_gradient_switch=&#8221;no&#8221; woodmart_box_shadow=&#8221;no&#8221; wd_z_index=&#8221;no&#8221; woodmart_disable_overflow=&#8221;0&#8243; row_reverse_mobile=&#8221;0&#8243; row_reverse_tablet=&#8221;0&#8243;][vc_column woodmart_bg_position=&#8221;right-center&#8221; css=&#8221;.vc_custom_1746295245782{margin-top: 0px !important;margin-bottom: 0px !important;padding-top: 0px !important;padding-bottom: 10vh !important;background-image: url(https:\/\/www.ipdata.se\/wp-content\/uploads\/2025\/05\/236-L3_Projektion-auf-Leder_2362x1528px.jpg?id=4347) !important;background-position: center !important;background-repeat: no-repeat !important;background-size: contain !important;}&#8221; woodmart_css_id=&#8221;681659ac5205c&#8221; parallax_scroll=&#8221;no&#8221; woodmart_sticky_column=&#8221;false&#8221; wd_collapsible_content_switcher=&#8221;no&#8221; wd_column_role_offcanvas_desktop=&#8221;no&#8221; wd_column_role_offcanvas_tablet=&#8221;no&#8221; wd_column_role_offcanvas_mobile=&#8221;no&#8221; wd_column_role_content_desktop=&#8221;no&#8221; wd_column_role_content_tablet=&#8221;no&#8221; wd_column_role_content_mobile=&#8221;no&#8221; mobile_bg_img_hidden=&#8221;no&#8221; tablet_bg_img_hidden=&#8221;no&#8221; woodmart_parallax=&#8221;0&#8243; woodmart_box_shadow=&#8221;no&#8221; responsive_spacing=&#8221;eyJwYXJhbV90eXBlIjoid29vZG1hcnRfcmVzcG9uc2l2ZV9zcGFjaW5nIiwic2VsZWN0b3JfaWQiOiI2ODE2NTlhYzUyMDVjIiwic2hvcnRjb2RlIjoidmNfY29sdW1uIiwiZGF0YSI6eyJ0YWJsZXQiOnt9LCJtb2JpbGUiOnt9fX0=&#8221; mobile_reset_margin=&#8221;no&#8221; tablet_reset_margin=&#8221;no&#8221; wd_z_index=&#8221;no&#8221;][vc_row_inner woodmart_css_id=&#8221;6407082249249&#8243; responsive_spacing=&#8221;eyJwYXJhbV90eXBlIjoid29vZG1hcnRfcmVzcG9uc2l2ZV9zcGFjaW5nIiwic2VsZWN0b3JfaWQiOiI2NDA3MDgyMjQ5MjQ5Iiwic2hvcnRjb2RlIjoidmNfcm93X2lubmVyIiwiZGF0YSI6eyJ0YWJsZXQiOnt9LCJtb2JpbGUiOnt9fX0=&#8221; mobile_bg_img_hidden=&#8221;no&#8221; tablet_bg_img_hidden=&#8221;no&#8221; woodmart_parallax=&#8221;0&#8243; woodmart_gradient_switch=&#8221;no&#8221; woodmart_box_shadow=&#8221;no&#8221; wd_z_index=&#8221;no&#8221; woodmart_disable_overflow=&#8221;0&#8243; row_reverse_mobile=&#8221;0&#8243; row_reverse_tablet=&#8221;0&#8243; css=&#8221;.vc_custom_1678182439560{margin-top: 0px !important;margin-bottom: 0px !important;padding-top: 0px !important;padding-bottom: 0px !important;}&#8221;][vc_column_inner width=&#8221;1\/2&#8243; css=&#8221;.vc_custom_1677765795331{padding-top: 40px !important;padding-right: 40px !important;padding-bottom: 40px !important;padding-left: 40px !important;background-color: #264359 !important;}&#8221; woodmart_css_id=&#8221;6400ac939cd69&#8243; parallax_scroll=&#8221;no&#8221; woodmart_sticky_column=&#8221;false&#8221; wd_collapsible_content_switcher=&#8221;no&#8221; wd_column_role_offcanvas_desktop=&#8221;no&#8221; wd_column_role_offcanvas_tablet=&#8221;no&#8221; wd_column_role_offcanvas_mobile=&#8221;no&#8221; wd_column_role_content_desktop=&#8221;no&#8221; wd_column_role_content_tablet=&#8221;no&#8221; wd_column_role_content_mobile=&#8221;no&#8221; mobile_bg_img_hidden=&#8221;no&#8221; tablet_bg_img_hidden=&#8221;no&#8221; woodmart_parallax=&#8221;0&#8243; woodmart_box_shadow=&#8221;no&#8221; responsive_spacing=&#8221;eyJwYXJhbV90eXBlIjoid29vZG1hcnRfcmVzcG9uc2l2ZV9zcGFjaW5nIiwic2VsZWN0b3JfaWQiOiI2NDAwYWM5MzljZDY5Iiwic2hvcnRjb2RlIjoidmNfY29sdW1uX2lubmVyIiwiZGF0YSI6eyJ0YWJsZXQiOnt9LCJtb2JpbGUiOnt9fX0=&#8221; wd_z_index=&#8221;no&#8221;]\t\t<div id=\"wd-68166568a053b\" class=\"wd-text-block wd-wpb reset-last-child wd-rs-68166568a053b text-left vc_custom_1746298239650\">\n\t\t\t<p><strong>Optimizuokite savo produktyvum\u0105<br \/>\n<\/strong>Apdorokite odos, pamu\u0161alo ir trafaretines med\u017eiagas tiksliai ir efektyviai su Z\u00fcnd L3 sukirpimo sistema. Pasirink\u0119 tinkam\u0105 \u012frank\u012f, galite kirpti od\u0105 iki vieno metro (40 coli\u0173) per sekund\u0119 grei\u010diu. Su Z\u00fcnd L3 sukirpimo sistema galite gaminti odos gaminius ekonomi\u0161kai, efektyviai ir auk\u0161\u010diausios kokyb\u0117s lygiu.<\/p>\n<p><strong>Efektyvus ir ekonomi\u0161kas<br \/>\n<\/strong>Sofos ir sekcijos, biuro k\u0117d\u0117s, automobili\u0173 s\u0117dyn\u0117s, odiniai vairavimo vairai \u2013 Z\u00fcnd kirpimo sistemos yra specialiai sukurtos auk\u0161\u010diausios kokyb\u0117s odos gaminiams gaminti. Daugelis \u017einom\u0173 odos pramon\u0117s gamintoj\u0173 pasitiki Z\u00fcnd kirpimo sistemomis. Tai nenuostabu, atsi\u017evelgiant \u012f i\u0161skirtin\u012f na\u0161um\u0105, \u017eem\u0105 savikainos lyg\u012f ir lengva integravim\u0105 \u012f j\u016bs\u0173 darbo eig\u0105, u\u017etikrinantis greit\u0105 investicij\u0173 gr\u0105\u017e\u0105 (ROI). 3240 x 1000 mm \/ 128 x 40 coli\u0173 darbo zona \u0161io auk\u0161tos kokyb\u0117s odos kirptuvo yra ideali efektyviam odos apdorojimui.<\/p>\n<p><strong>Kirpimo sistema pagal j\u016bs\u0173 poreikius<br \/>\n<\/strong>Z\u00fcnd kirpimo sistemos naudojamos tiek prototip\u0173 k\u016brime, tiek gamyboje. Galime pasi\u016blyti tinkam\u0105 sprendim\u0105 j\u016bs\u0173 gamybos aplinkai, pritaikyt\u0105 pagal j\u016bs\u0173 individualius poreikius. Su pla\u010diu \u012franki\u0173 pasirinkimu ir pa\u017eangiais med\u017eiag\u0173 apdorojimo sprendimais galime garantuoti puik\u0173 pritaikym\u0105.<\/p>\n<p><strong>Kirpimas be pertrauk\u0173<br \/>\n<\/strong>L3 kirpimo sistema sukurta nuolatiniam darbui, kai med\u017eiagos pakrovimas\/\u012fkrovimas ir kirpimas vyksta tuo pa\u010diu metu. Ma\u0161in\u0105 galima sukonfig\u016bruoti dviem gamybos darbo eig\u0173 ir med\u017eiag\u0173 apdorojimo tipais: Standartin\u0117je konfig\u016bracijoje visa darbo zona yra prieinama apdorojimui, kai tik med\u017eiaga yra pakrauta\/nuimta; tandemo konfig\u016bracijoje darbo zona padalijama \u012f dvi dalis, tod\u0117l galima pakrauti ir i\u0161krauti med\u017eiagas, kol ma\u0161ina toliau atlieka kirpim\u0105. \u017dalios spalvos LED juosta rodo, kurioje zonoje gamyba baigta ir kur saugiai galima pakrauti arba i\u0161krauti nauj\u0105 med\u017eiag\u0105.<\/p>\n\t\t<\/div>\n\t\t[\/vc_column_inner][vc_column_inner width=&#8221;1\/2&#8243;][\/vc_column_inner][\/vc_row_inner][\/vc_column][\/vc_row]<\/p>\n<\/div>","protected":false},"excerpt":{"rendered":"<p>[vc_row full_width=&#8221;stretch_row&#8221; equal_height=&#8221;yes&#8221; content_placement=&#8221;top&#8221; css=&#8221;.vc_custom_1678182352581{margin-bottom: 0px !important;padding-top: 60px !important;padding-bottom: 60px !important;background-color: #f4f5f7 !important;}&#8221; woodmart_css_id=&#8221;640707c7290d2&#8243; responsive_spacing=&#8221;eyJwYXJhbV90eXBlIjoid29vZG1hcnRfcmVzcG9uc2l2ZV9zcGFjaW5nIiwic2VsZWN0b3JfaWQiOiI2NDA3MDdjNzI5MGQyIiwic2hvcnRjb2RlIjoidmNfcm93IiwiZGF0YSI6eyJ0YWJsZXQiOnt9LCJtb2JpbGUiOnt9fX0=&#8221; mobile_bg_img_hidden=&#8221;no&#8221; tablet_bg_img_hidden=&#8221;no&#8221; woodmart_parallax=&#8221;0&#8243; woodmart_gradient_switch=&#8221;no&#8221; woodmart_box_shadow=&#8221;no&#8221;<\/p>\n","protected":false},"featured_media":3748,"comment_status":"closed","ping_status":"closed","template":"","meta":[],"product_brand":[],"product_cat":[52],"product_tag":[],"class_list":{"0":"post-4336","1":"product","2":"type-product","3":"status-publish","4":"has-post-thumbnail","6":"product_cat-zund-lt","8":"first","9":"instock","10":"shipping-taxable","11":"product-type-simple"},"yoast_head":"<!-- This site is optimized with the Yoast SEO plugin v27.1.1 - https:\/\/yoast.com\/product\/yoast-seo-wordpress\/ -->\n<title>Z\u00fcnd L3 odos sukirpimo sistema | IPDATA<\/title>\n<meta name=\"description\" content=\"Z\u00fcnd L3 \u2013 pa\u017eangi odos sukirpimo sistema bald\u0173, avalyn\u0117s ir auto pramonei. Tikslumas, greitis ir efektyvumas su IPDATA. Tikslus ir ekonomi\u0161kas sukirpimas.\" \/>\n<meta name=\"robots\" content=\"index, follow, max-snippet:-1, max-image-preview:large, max-video-preview:-1\" \/>\n<link rel=\"canonical\" href=\"https:\/\/www.ipdata.se\/lt\/zund-lt\/zund-l3-kirpimo-sistema\/\" \/>\n<meta property=\"og:locale\" content=\"lt_LT\" \/>\n<meta property=\"og:type\" content=\"article\" \/>\n<meta property=\"og:title\" content=\"Z\u00fcnd L3 odos sukirpimo sistema | IPDATA\" \/>\n<meta property=\"og:description\" content=\"Z\u00fcnd L3 \u2013 pa\u017eangi odos sukirpimo sistema bald\u0173, avalyn\u0117s ir auto pramonei. Tikslumas, greitis ir efektyvumas su IPDATA. Tikslus ir ekonomi\u0161kas sukirpimas.\" \/>\n<meta property=\"og:url\" content=\"https:\/\/www.ipdata.se\/lt\/zund-lt\/zund-l3-kirpimo-sistema\/\" \/>\n<meta property=\"og:site_name\" content=\"IP DATA GROUP\" \/>\n<meta property=\"article:modified_time\" content=\"2025-05-03T18:50:58+00:00\" \/>\n<meta property=\"og:image\" content=\"https:\/\/www.ipdata.se\/wp-content\/uploads\/2023\/08\/zund-l3.jpg\" \/>\n\t<meta property=\"og:image:width\" content=\"800\" \/>\n\t<meta property=\"og:image:height\" content=\"800\" \/>\n\t<meta property=\"og:image:type\" content=\"image\/jpeg\" \/>\n<meta name=\"twitter:card\" content=\"summary_large_image\" \/>\n<meta name=\"twitter:label1\" content=\"Apytikslis skaitymo laikas\" \/>\n\t<meta name=\"twitter:data1\" content=\"4 minut\u0117s\" \/>\n<script type=\"application\/ld+json\" class=\"yoast-schema-graph\">{\"@context\":\"https:\/\/schema.org\",\"@graph\":[{\"@type\":\"WebPage\",\"@id\":\"https:\/\/www.ipdata.se\/lt\/zund-lt\/zund-l3-kirpimo-sistema\/\",\"url\":\"https:\/\/www.ipdata.se\/lt\/zund-lt\/zund-l3-kirpimo-sistema\/\",\"name\":\"Z\u00fcnd L3 odos sukirpimo sistema | IPDATA\",\"isPartOf\":{\"@id\":\"https:\/\/www.ipdata.se\/lt\/#website\"},\"primaryImageOfPage\":{\"@id\":\"https:\/\/www.ipdata.se\/lt\/zund-lt\/zund-l3-kirpimo-sistema\/#primaryimage\"},\"image\":{\"@id\":\"https:\/\/www.ipdata.se\/lt\/zund-lt\/zund-l3-kirpimo-sistema\/#primaryimage\"},\"thumbnailUrl\":\"https:\/\/www.ipdata.se\/wp-content\/uploads\/2023\/08\/zund-l3.jpg\",\"datePublished\":\"2023-08-23T07:52:30+00:00\",\"dateModified\":\"2025-05-03T18:50:58+00:00\",\"description\":\"Z\u00fcnd L3 \u2013 pa\u017eangi odos sukirpimo sistema bald\u0173, avalyn\u0117s ir auto pramonei. Tikslumas, greitis ir efektyvumas su IPDATA. Tikslus ir ekonomi\u0161kas sukirpimas.\",\"breadcrumb\":{\"@id\":\"https:\/\/www.ipdata.se\/lt\/zund-lt\/zund-l3-kirpimo-sistema\/#breadcrumb\"},\"inLanguage\":\"lt-LT\",\"potentialAction\":[{\"@type\":\"ReadAction\",\"target\":[\"https:\/\/www.ipdata.se\/lt\/zund-lt\/zund-l3-kirpimo-sistema\/\"]}]},{\"@type\":\"ImageObject\",\"inLanguage\":\"lt-LT\",\"@id\":\"https:\/\/www.ipdata.se\/lt\/zund-lt\/zund-l3-kirpimo-sistema\/#primaryimage\",\"url\":\"https:\/\/www.ipdata.se\/wp-content\/uploads\/2023\/08\/zund-l3.jpg\",\"contentUrl\":\"https:\/\/www.ipdata.se\/wp-content\/uploads\/2023\/08\/zund-l3.jpg\",\"width\":800,\"height\":800,\"caption\":\"Odods sukirpimo technika \/ sistema\"},{\"@type\":\"BreadcrumbList\",\"@id\":\"https:\/\/www.ipdata.se\/lt\/zund-lt\/zund-l3-kirpimo-sistema\/#breadcrumb\",\"itemListElement\":[{\"@type\":\"ListItem\",\"position\":1,\"name\":\"Hem\",\"item\":\"https:\/\/www.ipdata.se\/lt\/\"},{\"@type\":\"ListItem\",\"position\":2,\"name\":\"Shop\",\"item\":\"https:\/\/www.ipdata.se\/lt\/shop\/\"},{\"@type\":\"ListItem\",\"position\":3,\"name\":\"Z\u00fcnd L3 Kirpimo sistema\"}]},{\"@type\":\"WebSite\",\"@id\":\"https:\/\/www.ipdata.se\/lt\/#website\",\"url\":\"https:\/\/www.ipdata.se\/lt\/\",\"name\":\"IP DATA GROUP\",\"description\":\"\",\"potentialAction\":[{\"@type\":\"SearchAction\",\"target\":{\"@type\":\"EntryPoint\",\"urlTemplate\":\"https:\/\/www.ipdata.se\/lt\/?s={search_term_string}\"},\"query-input\":{\"@type\":\"PropertyValueSpecification\",\"valueRequired\":true,\"valueName\":\"search_term_string\"}}],\"inLanguage\":\"lt-LT\"}]}<\/script>\n<!-- \/ Yoast SEO plugin. -->","yoast_head_json":{"title":"Z\u00fcnd L3 odos sukirpimo sistema | IPDATA","description":"Z\u00fcnd L3 \u2013 pa\u017eangi odos sukirpimo sistema bald\u0173, avalyn\u0117s ir auto pramonei. Tikslumas, greitis ir efektyvumas su IPDATA. Tikslus ir ekonomi\u0161kas sukirpimas.","robots":{"index":"index","follow":"follow","max-snippet":"max-snippet:-1","max-image-preview":"max-image-preview:large","max-video-preview":"max-video-preview:-1"},"canonical":"https:\/\/www.ipdata.se\/lt\/zund-lt\/zund-l3-kirpimo-sistema\/","og_locale":"lt_LT","og_type":"article","og_title":"Z\u00fcnd L3 odos sukirpimo sistema | IPDATA","og_description":"Z\u00fcnd L3 \u2013 pa\u017eangi odos sukirpimo sistema bald\u0173, avalyn\u0117s ir auto pramonei. Tikslumas, greitis ir efektyvumas su IPDATA. Tikslus ir ekonomi\u0161kas sukirpimas.","og_url":"https:\/\/www.ipdata.se\/lt\/zund-lt\/zund-l3-kirpimo-sistema\/","og_site_name":"IP DATA GROUP","article_modified_time":"2025-05-03T18:50:58+00:00","og_image":[{"width":800,"height":800,"url":"https:\/\/www.ipdata.se\/wp-content\/uploads\/2023\/08\/zund-l3.jpg","type":"image\/jpeg"}],"twitter_card":"summary_large_image","twitter_misc":{"Apytikslis skaitymo laikas":"4 minut\u0117s"},"schema":{"@context":"https:\/\/schema.org","@graph":[{"@type":"WebPage","@id":"https:\/\/www.ipdata.se\/lt\/zund-lt\/zund-l3-kirpimo-sistema\/","url":"https:\/\/www.ipdata.se\/lt\/zund-lt\/zund-l3-kirpimo-sistema\/","name":"Z\u00fcnd L3 odos sukirpimo sistema | IPDATA","isPartOf":{"@id":"https:\/\/www.ipdata.se\/lt\/#website"},"primaryImageOfPage":{"@id":"https:\/\/www.ipdata.se\/lt\/zund-lt\/zund-l3-kirpimo-sistema\/#primaryimage"},"image":{"@id":"https:\/\/www.ipdata.se\/lt\/zund-lt\/zund-l3-kirpimo-sistema\/#primaryimage"},"thumbnailUrl":"https:\/\/www.ipdata.se\/wp-content\/uploads\/2023\/08\/zund-l3.jpg","datePublished":"2023-08-23T07:52:30+00:00","dateModified":"2025-05-03T18:50:58+00:00","description":"Z\u00fcnd L3 \u2013 pa\u017eangi odos sukirpimo sistema bald\u0173, avalyn\u0117s ir auto pramonei. Tikslumas, greitis ir efektyvumas su IPDATA. Tikslus ir ekonomi\u0161kas sukirpimas.","breadcrumb":{"@id":"https:\/\/www.ipdata.se\/lt\/zund-lt\/zund-l3-kirpimo-sistema\/#breadcrumb"},"inLanguage":"lt-LT","potentialAction":[{"@type":"ReadAction","target":["https:\/\/www.ipdata.se\/lt\/zund-lt\/zund-l3-kirpimo-sistema\/"]}]},{"@type":"ImageObject","inLanguage":"lt-LT","@id":"https:\/\/www.ipdata.se\/lt\/zund-lt\/zund-l3-kirpimo-sistema\/#primaryimage","url":"https:\/\/www.ipdata.se\/wp-content\/uploads\/2023\/08\/zund-l3.jpg","contentUrl":"https:\/\/www.ipdata.se\/wp-content\/uploads\/2023\/08\/zund-l3.jpg","width":800,"height":800,"caption":"Odods sukirpimo technika \/ sistema"},{"@type":"BreadcrumbList","@id":"https:\/\/www.ipdata.se\/lt\/zund-lt\/zund-l3-kirpimo-sistema\/#breadcrumb","itemListElement":[{"@type":"ListItem","position":1,"name":"Hem","item":"https:\/\/www.ipdata.se\/lt\/"},{"@type":"ListItem","position":2,"name":"Shop","item":"https:\/\/www.ipdata.se\/lt\/shop\/"},{"@type":"ListItem","position":3,"name":"Z\u00fcnd L3 Kirpimo sistema"}]},{"@type":"WebSite","@id":"https:\/\/www.ipdata.se\/lt\/#website","url":"https:\/\/www.ipdata.se\/lt\/","name":"IP DATA GROUP","description":"","potentialAction":[{"@type":"SearchAction","target":{"@type":"EntryPoint","urlTemplate":"https:\/\/www.ipdata.se\/lt\/?s={search_term_string}"},"query-input":{"@type":"PropertyValueSpecification","valueRequired":true,"valueName":"search_term_string"}}],"inLanguage":"lt-LT"}]}},"_links":{"self":[{"href":"https:\/\/www.ipdata.se\/lt\/wp-json\/wp\/v2\/product\/4336","targetHints":{"allow":["GET"]}}],"collection":[{"href":"https:\/\/www.ipdata.se\/lt\/wp-json\/wp\/v2\/product"}],"about":[{"href":"https:\/\/www.ipdata.se\/lt\/wp-json\/wp\/v2\/types\/product"}],"replies":[{"embeddable":true,"href":"https:\/\/www.ipdata.se\/lt\/wp-json\/wp\/v2\/comments?post=4336"}],"wp:featuredmedia":[{"embeddable":true,"href":"https:\/\/www.ipdata.se\/lt\/wp-json\/wp\/v2\/media\/3748"}],"wp:attachment":[{"href":"https:\/\/www.ipdata.se\/lt\/wp-json\/wp\/v2\/media?parent=4336"}],"wp:term":[{"taxonomy":"product_brand","embeddable":true,"href":"https:\/\/www.ipdata.se\/lt\/wp-json\/wp\/v2\/product_brand?post=4336"},{"taxonomy":"product_cat","embeddable":true,"href":"https:\/\/www.ipdata.se\/lt\/wp-json\/wp\/v2\/product_cat?post=4336"},{"taxonomy":"product_tag","embeddable":true,"href":"https:\/\/www.ipdata.se\/lt\/wp-json\/wp\/v2\/product_tag?post=4336"}],"curies":[{"name":"wp","href":"https:\/\/api.w.org\/{rel}","templated":true}]}}