{"id":4363,"date":"2023-09-05T09:26:39","date_gmt":"2023-09-05T07:26:39","guid":{"rendered":"https:\/\/www.ipdata.se\/products\/ploksciu-padavimo-sistema-bhs150\/"},"modified":"2025-05-04T16:55:59","modified_gmt":"2025-05-04T14:55:59","slug":"ploksciu-padavimo-sistema-bhs150","status":"publish","type":"product","link":"https:\/\/www.ipdata.se\/lt\/zund-lt\/ploksciu-padavimo-sistema-bhs150\/","title":{"rendered":"Plok\u0161\u010di\u0173 padavimo sistema &#8211; BHS150"},"content":{"rendered":"<div class=\"wpb-content-wrapper\"><p>[vc_row full_width=&#8221;stretch_row&#8221; equal_height=&#8221;yes&#8221; content_placement=&#8221;top&#8221; css=&#8221;.vc_custom_1678182352581{margin-bottom: 0px !important;padding-top: 60px !important;padding-bottom: 60px !important;background-color: #f4f5f7 !important;}&#8221; woodmart_css_id=&#8221;640707c7290d2&#8243; responsive_spacing=&#8221;eyJwYXJhbV90eXBlIjoid29vZG1hcnRfcmVzcG9uc2l2ZV9zcGFjaW5nIiwic2VsZWN0b3JfaWQiOiI2NDA3MDdjNzI5MGQyIiwic2hvcnRjb2RlIjoidmNfcm93IiwiZGF0YSI6eyJ0YWJsZXQiOnt9LCJtb2JpbGUiOnt9fX0=&#8221; mobile_bg_img_hidden=&#8221;no&#8221; tablet_bg_img_hidden=&#8221;no&#8221; woodmart_parallax=&#8221;0&#8243; woodmart_gradient_switch=&#8221;no&#8221; woodmart_box_shadow=&#8221;no&#8221; wd_z_index=&#8221;no&#8221; woodmart_disable_overflow=&#8221;0&#8243; row_reverse_mobile=&#8221;0&#8243; row_reverse_tablet=&#8221;0&#8243;][vc_column width=&#8221;1\/2&#8243; css=&#8221;.vc_custom_1678112498917{padding-top: 0px !important;}&#8221; woodmart_css_id=&#8221;6405f6e9a9c83&#8243; parallax_scroll=&#8221;no&#8221; woodmart_sticky_column=&#8221;false&#8221; wd_collapsible_content_switcher=&#8221;no&#8221; wd_column_role_offcanvas_desktop=&#8221;no&#8221; wd_column_role_offcanvas_tablet=&#8221;no&#8221; wd_column_role_offcanvas_mobile=&#8221;no&#8221; wd_column_role_content_desktop=&#8221;no&#8221; wd_column_role_content_tablet=&#8221;no&#8221; wd_column_role_content_mobile=&#8221;no&#8221; mobile_bg_img_hidden=&#8221;no&#8221; tablet_bg_img_hidden=&#8221;no&#8221; woodmart_parallax=&#8221;0&#8243; woodmart_box_shadow=&#8221;no&#8221; responsive_spacing=&#8221;eyJwYXJhbV90eXBlIjoid29vZG1hcnRfcmVzcG9uc2l2ZV9zcGFjaW5nIiwic2VsZWN0b3JfaWQiOiI2NDA1ZjZlOWE5YzgzIiwic2hvcnRjb2RlIjoidmNfY29sdW1uIiwiZGF0YSI6eyJ0YWJsZXQiOnt9LCJtb2JpbGUiOnt9fX0=&#8221; mobile_reset_margin=&#8221;no&#8221; tablet_reset_margin=&#8221;no&#8221; wd_z_index=&#8221;no&#8221;]\n\t\t<div id=\"wd-68177bf89e38c\" class=\"title-wrapper wd-wpb wd-set-mb reset-last-child  wd-rs-68177bf89e38c wd-title-color-default wd-title-style-default text-left  wd-underline-colored\">\n\t\t\t\n\t\t\t<div class=\"liner-continer\">\n\t\t\t\t<h2 class=\"woodmart-title-container title  wd-font-weight- wd-fontsize-xxxl\" >Z\u00fcnd BHS150 automatizuota plok\u0161\u010di\u0173 padavimo sistema<\/h2>\n\t\t\t\t\t\t\t<\/div>\n\t\t\t\n\t\t\t\n\t\t\t\n\t\t<\/div>\n\t\t\n\t\t\t\t<div id=\"wd-64f6d78dd94f7\" class=\"wd-text-block wd-wpb reset-last-child wd-rs-64f6d78dd94f7 text-left vc_custom_1693898642419\">\n\t\t\t<p>Unikalus visi\u0161kai automatinio med\u017eiag\u0173 padavimo ir didelio na\u0161umo skaitmeninio sukirpimo derinys yra raktas \u012f pramoninio lygio gamyb\u0105. BHS150 prailgina darbo laik\u0105 ir suma\u017eina eksploatacines i\u0161laidas.<\/p>\n\t\t<\/div>\n\t\t[\/vc_column][vc_column width=&#8221;1\/2&#8243; css=&#8221;.vc_custom_1678112505141{padding-top: 0px !important;}&#8221; woodmart_css_id=&#8221;6405f6f654b33&#8243; parallax_scroll=&#8221;no&#8221; woodmart_sticky_column=&#8221;false&#8221; wd_collapsible_content_switcher=&#8221;no&#8221; wd_column_role_offcanvas_desktop=&#8221;no&#8221; wd_column_role_offcanvas_tablet=&#8221;no&#8221; wd_column_role_offcanvas_mobile=&#8221;no&#8221; wd_column_role_content_desktop=&#8221;no&#8221; wd_column_role_content_tablet=&#8221;no&#8221; wd_column_role_content_mobile=&#8221;no&#8221; mobile_bg_img_hidden=&#8221;no&#8221; tablet_bg_img_hidden=&#8221;no&#8221; woodmart_parallax=&#8221;0&#8243; woodmart_box_shadow=&#8221;no&#8221; responsive_spacing=&#8221;eyJwYXJhbV90eXBlIjoid29vZG1hcnRfcmVzcG9uc2l2ZV9zcGFjaW5nIiwic2VsZWN0b3JfaWQiOiI2NDA1ZjZmNjU0YjMzIiwic2hvcnRjb2RlIjoidmNfY29sdW1uIiwiZGF0YSI6eyJ0YWJsZXQiOnt9LCJtb2JpbGUiOnt9fX0=&#8221; mobile_reset_margin=&#8221;no&#8221; tablet_reset_margin=&#8221;no&#8221; wd_z_index=&#8221;no&#8221;][vc_single_image image=&#8221;686&#8243; img_size=&#8221;full&#8221; alignment=&#8221;center&#8221; css=&#8221;.vc_custom_1693898625687{margin-bottom: 0px !important;}&#8221; parallax_scroll=&#8221;no&#8221; woodmart_inline=&#8221;no&#8221;][\/vc_column][\/vc_row][vc_row][vc_column]\n\t\t<div id=\"wd-68177d41871aa\" class=\"wd-tabs wd-wpb wd-rs-68177d41871aa tabs-design-simple \">\n\t\t\t<div class=\"wd-tabs-header\">\n\t\t\t\t\t\t\t\t\t<div class=\"tabs-name title\">\n\t\t\t\t\t\t\t\t\t\t\t\t<span class=\"tabs-text\">BHS150 Informacija<\/span>\n\t\t\t\t\t<\/div>\n\t\t\t\t\n\t\t\t\t\n\t\t\t\t<div class=\"wd-nav-wrapper wd-nav-tabs-wrapper wd-mb-action-swipe\">\n\t\t\t\t\t<ul class=\"wd-nav wd-nav-tabs wd-icon-pos-left wd-style-default font-primary wd-fontsize-s wd-font-weight-600\">\n\t\t\t\t\t\t\t\t\t\t\t\t\t\n\t\t\t\t\t\t\t<li>\n\t\t\t\t\t\t\t\t<a href=\"#\" class=\"wd-nav-link\">\n\t\t\t\t\t\t\t\t\t\t\t\t\t\t\t\t\t\t<span class=\"nav-link-text wd-tabs-title\">\n\t\t\t\t\t\t\t\t\t\tEfektyvus krovimas naudojant BHS150\t\t\t\t\t\t\t\t\t<\/span>\n\t\t\t\t\t\t\t\t<\/a>\n\t\t\t\t\t\t\t<\/li>\n\n\t\t\t\t\t\t\t\t\t\t\t\t\t\n\t\t\t\t\t\t\t<li>\n\t\t\t\t\t\t\t\t<a href=\"#\" class=\"wd-nav-link\">\n\t\t\t\t\t\t\t\t\t\t\t\t\t\t\t\t\t\t<span class=\"nav-link-text wd-tabs-title\">\n\t\t\t\t\t\t\t\t\t\tKod\u0117l verta rinktis Z\u00fcnd BHS150?\t\t\t\t\t\t\t\t\t<\/span>\n\t\t\t\t\t\t\t\t<\/a>\n\t\t\t\t\t\t\t<\/li>\n\n\t\t\t\t\t\t\t\t\t\t\t\t\t\n\t\t\t\t\t\t\t<li>\n\t\t\t\t\t\t\t\t<a href=\"#\" class=\"wd-nav-link\">\n\t\t\t\t\t\t\t\t\t\t\t\t\t\t\t\t\t\t<span class=\"nav-link-text wd-tabs-title\">\n\t\t\t\t\t\t\t\t\t\tGamintojo svetain\u0117\t\t\t\t\t\t\t\t\t<\/span>\n\t\t\t\t\t\t\t\t<\/a>\n\t\t\t\t\t\t\t<\/li>\n\n\t\t\t\t\t\t\n\t\t\t\t\t<\/ul>\n\t\t\t\t<\/div>\n\t\t\t<\/div>\n\n\t\t\t<div class=\"wd-tabs-content-wrapper\">\n\t\t\t\t\n\t\t<div class=\"wd-tab-content\">\n\t\t\t\t\t\t\t<div class=\"wd-entry-content\">\n\t\t\t\t\tD\u0117l 1,5 m auk\u0161\u010dio galima gerokai ilgiau nepertraukiamai dirbti. Tod\u0117l net ir ilgus ruo\u017eus galima u\u017ebaigti efektyviai ir ekonomi\u0161kai. Paruo\u0161tus gaminius galima i\u0161imti nenutraukiant gamybos.\t\t\t\t<\/div>\n\t\t\t\t\t<\/div>\n\n\t\t\n\t\t<div class=\"wd-tab-content\">\n\t\t\t\t\t\t\t<div class=\"wd-entry-content\">\n\t\t\t\t\t<\/p>\n<ul>\n<li class=\"\" data-start=\"1613\" data-end=\"1700\">\n<p class=\"\" data-start=\"1615\" data-end=\"1700\"><strong data-start=\"1615\" data-end=\"1652\">Automatizuotas med\u017eiag\u0173 tiekimas:<\/strong> Efektyvus didelio formato plok\u0161\u010di\u0173 apdorojimas.<\/p>\n<\/li>\n<li class=\"\" data-start=\"1703\" data-end=\"1785\">\n<p class=\"\" data-start=\"1705\" data-end=\"1785\"><strong data-start=\"1705\" data-end=\"1725\">Didelis na\u0161umas:<\/strong> Ilgesnis nepertraukiamas veikimas d\u0117l 1,5 m kr\u016bvos auk\u0161\u010dio.<\/p>\n<\/li>\n<li class=\"\" data-start=\"1788\" data-end=\"1868\">\n<p class=\"\" data-start=\"1790\" data-end=\"1868\"><strong data-start=\"1790\" data-end=\"1811\">Tikslus pjovimas:<\/strong> Integracija su Z\u00fcnd G3 ir D3 serijos pjovimo sistemomis.<\/p>\n<\/li>\n<\/ul>\n<p>\t\t\t\t<\/div>\n\t\t\t\t\t<\/div>\n\n\t\t\n\t\t<div class=\"wd-tab-content\">\n\t\t\t\t\t\t\t<div class=\"wd-entry-content\">\n\t\t\t\t\tDaugiau informacijos rasite gamintojo svetain\u0117je<\/p>\n<p><a href=\"https:\/\/www.zund.com\/en\/cutting-systems\/material-handling\/board-handling-system-bhs150\" target=\"_blank\" rel=\"noopener\">www.zund.com<\/a>.\t\t\t\t<\/div>\n\t\t\t\t\t<\/div>\n\n\t\t\t\t\t<\/div>\n\t\t<\/div>\n\n\t\t[vc_separator wd_hide_on_desktop=&#8221;no&#8221; wd_hide_on_tablet=&#8221;no&#8221; wd_hide_on_mobile=&#8221;no&#8221;][\/vc_column][\/vc_row][vc_row full_width=&#8221;stretch_row&#8221; woodmart_bg_position=&#8221;right-center&#8221; css=&#8221;.vc_custom_1746370451316{margin-top: 0px !important;margin-bottom: 0px !important;padding-top: 0px !important;padding-bottom: 0px !important;background-image: url(https:\/\/www.ipdata.se\/wp-content\/uploads\/2023\/09\/156-BHS150_D3-3XL-3200_Pers_01_2880x1670px.jpg?id=4369) !important;background-position: center !important;background-repeat: no-repeat !important;background-size: contain !important;}&#8221; woodmart_css_id=&#8221;68177ea0a09ae&#8221; responsive_spacing=&#8221;eyJwYXJhbV90eXBlIjoid29vZG1hcnRfcmVzcG9uc2l2ZV9zcGFjaW5nIiwic2VsZWN0b3JfaWQiOiI2ODE3N2VhMGEwOWFlIiwic2hvcnRjb2RlIjoidmNfcm93IiwiZGF0YSI6eyJ0YWJsZXQiOnt9LCJtb2JpbGUiOnt9fX0=&#8221; mobile_bg_img_hidden=&#8221;no&#8221; tablet_bg_img_hidden=&#8221;no&#8221; woodmart_parallax=&#8221;0&#8243; woodmart_gradient_switch=&#8221;no&#8221; woodmart_box_shadow=&#8221;no&#8221; wd_z_index=&#8221;no&#8221; woodmart_disable_overflow=&#8221;0&#8243; row_reverse_mobile=&#8221;0&#8243; row_reverse_tablet=&#8221;0&#8243;][vc_column css=&#8221;.vc_custom_1683792726876{margin-top: 0px !important;margin-bottom: 0px !important;padding-top: 0px !important;padding-bottom: 10vh !important;}&#8221; woodmart_css_id=&#8221;645ca3516cd77&#8243; parallax_scroll=&#8221;no&#8221; woodmart_sticky_column=&#8221;false&#8221; wd_collapsible_content_switcher=&#8221;no&#8221; wd_column_role_offcanvas_desktop=&#8221;no&#8221; wd_column_role_offcanvas_tablet=&#8221;no&#8221; wd_column_role_offcanvas_mobile=&#8221;no&#8221; wd_column_role_content_desktop=&#8221;no&#8221; wd_column_role_content_tablet=&#8221;no&#8221; wd_column_role_content_mobile=&#8221;no&#8221; mobile_bg_img_hidden=&#8221;no&#8221; tablet_bg_img_hidden=&#8221;no&#8221; woodmart_parallax=&#8221;0&#8243; woodmart_box_shadow=&#8221;no&#8221; responsive_spacing=&#8221;eyJwYXJhbV90eXBlIjoid29vZG1hcnRfcmVzcG9uc2l2ZV9zcGFjaW5nIiwic2VsZWN0b3JfaWQiOiI2NDVjYTM1MTZjZDc3Iiwic2hvcnRjb2RlIjoidmNfY29sdW1uIiwiZGF0YSI6eyJ0YWJsZXQiOnt9LCJtb2JpbGUiOnt9fX0=&#8221; mobile_reset_margin=&#8221;no&#8221; tablet_reset_margin=&#8221;no&#8221; wd_z_index=&#8221;no&#8221;][vc_row_inner woodmart_css_id=&#8221;6407082249249&#8243; responsive_spacing=&#8221;eyJwYXJhbV90eXBlIjoid29vZG1hcnRfcmVzcG9uc2l2ZV9zcGFjaW5nIiwic2VsZWN0b3JfaWQiOiI2NDA3MDgyMjQ5MjQ5Iiwic2hvcnRjb2RlIjoidmNfcm93X2lubmVyIiwiZGF0YSI6eyJ0YWJsZXQiOnt9LCJtb2JpbGUiOnt9fX0=&#8221; mobile_bg_img_hidden=&#8221;no&#8221; tablet_bg_img_hidden=&#8221;no&#8221; woodmart_parallax=&#8221;0&#8243; woodmart_gradient_switch=&#8221;no&#8221; woodmart_box_shadow=&#8221;no&#8221; wd_z_index=&#8221;no&#8221; woodmart_disable_overflow=&#8221;0&#8243; row_reverse_mobile=&#8221;0&#8243; row_reverse_tablet=&#8221;0&#8243; css=&#8221;.vc_custom_1678182439560{margin-top: 0px !important;margin-bottom: 0px !important;padding-top: 0px !important;padding-bottom: 0px !important;}&#8221;][vc_column_inner width=&#8221;1\/2&#8243; css=&#8221;.vc_custom_1677765795331{padding-top: 40px !important;padding-right: 40px !important;padding-bottom: 40px !important;padding-left: 40px !important;background-color: #264359 !important;}&#8221; woodmart_css_id=&#8221;6400ac939cd69&#8243; parallax_scroll=&#8221;no&#8221; woodmart_sticky_column=&#8221;false&#8221; wd_collapsible_content_switcher=&#8221;no&#8221; wd_column_role_offcanvas_desktop=&#8221;no&#8221; wd_column_role_offcanvas_tablet=&#8221;no&#8221; wd_column_role_offcanvas_mobile=&#8221;no&#8221; wd_column_role_content_desktop=&#8221;no&#8221; wd_column_role_content_tablet=&#8221;no&#8221; wd_column_role_content_mobile=&#8221;no&#8221; mobile_bg_img_hidden=&#8221;no&#8221; tablet_bg_img_hidden=&#8221;no&#8221; woodmart_parallax=&#8221;0&#8243; woodmart_box_shadow=&#8221;no&#8221; responsive_spacing=&#8221;eyJwYXJhbV90eXBlIjoid29vZG1hcnRfcmVzcG9uc2l2ZV9zcGFjaW5nIiwic2VsZWN0b3JfaWQiOiI2NDAwYWM5MzljZDY5Iiwic2hvcnRjb2RlIjoidmNfY29sdW1uX2lubmVyIiwiZGF0YSI6eyJ0YWJsZXQiOnt9LCJtb2JpbGUiOnt9fX0=&#8221; wd_z_index=&#8221;no&#8221;]\t\t<div id=\"wd-68177c410e119\" class=\"wd-text-block wd-wpb reset-last-child wd-rs-68177c410e119 text-left vc_custom_1746369612916\">\n\t\t\t<p><strong>Did\u017eiausias gamybos greitis, atitinkantis auk\u0161\u010diausius reikalavimus<\/strong><br \/>\nBHS150 skirtas naudoti su &#8222;Z\u00fcnd&#8221; G3 ir D3 serijos kirpimo \u012frenginiais. D3 kirptuvas su dviej\u0173 tilt\u0173 technologija gerokai padidina na\u0161um\u0105 ir taip u\u017etikrina did\u017eiausi\u0105 produktyvum\u0105.<\/p>\n<p><strong>Automatinis darbo duomen\u0173 fiksavimas<\/strong><br \/>\nKrovimo proceso metu skeneris fiksuoja darbo informacij\u0105 per atspausdintus QR kodus. Tai leid\u017eia patikimai identifikuoti skirtingas kr\u016bvoje esan\u010dias kirpimo vietas, kad jas b\u016bt\u0173 galima apdoroti visi\u0161kai automatizuotai.<\/p>\n<p><strong>Idealiai tinka \u012fvairaus storio med\u017eiagoms<\/strong><br \/>\nZ\u00fcnd BHS150 automatizuota plok\u0161\u010di\u0173 padavimo sistema gali efektyviai apdoroti iki 110 mm\/4,3 col. storio med\u017eiagas.<\/p>\n<p><strong>Stekavimas be tilteli\u0173<\/strong><br \/>\nI\u0161krovimo konvejeris ir krovimo sistema sukirptus lak\u0161tus ant pad\u0117klo i\u0161d\u0117lioja tobula kr\u016bva. Priklausomai nuo u\u017eduoties, \u0161is krovimo b\u016bdas pa\u0161alina poreik\u012f naudoti tiltelius, kurie pad\u0117t\u0173 i\u0161laikyti sukirptas detales vietoje. Tai palengvina i\u0161kirpt\u0173 dali\u0173 atskyrim\u0105 nuo atliek\u0173, taupant laik\u0105 ir pinigus.<\/p>\n<p><strong>Moduliniai sprendimai<\/strong><br \/>\nKirpimas, bigavimas, perforavimas &#8211; &#8222;Z\u00fcnd&#8221; modulin\u0117 koncepcija leid\u017eia naudotojams laisvai pasirinkti apdorojimo metodus. Bet kuriam konkre\u010diam darbui galima naudoti iki trij\u0173 skirting\u0173 metod\u0173, nepertraukiant vykstan\u010dios gamybos d\u0117l \u012franki\u0173 keitimo.<\/p>\n<p><strong>Ekonomi\u0161kas net ir su ma\u017eesniais formatais<\/strong><br \/>\nPakrovimo \u012frenginys gali paduoti kelis lapus vienu metu. Net ma\u017eesnio formato lapus ar karton\u0105 galima apdoroti efektyviai, nes visi\u0161kai i\u0161naudojamas darbinis plotas.<\/p>\n\t\t<\/div>\n\t\t[\/vc_column_inner][vc_column_inner width=&#8221;1\/2&#8243;][\/vc_column_inner][\/vc_row_inner][\/vc_column][\/vc_row]<\/p>\n<\/div>","protected":false},"excerpt":{"rendered":"<p>[vc_row full_width=&#8221;stretch_row&#8221; equal_height=&#8221;yes&#8221; content_placement=&#8221;top&#8221; css=&#8221;.vc_custom_1678182352581{margin-bottom: 0px !important;padding-top: 60px !important;padding-bottom: 60px !important;background-color: #f4f5f7 !important;}&#8221; woodmart_css_id=&#8221;640707c7290d2&#8243; responsive_spacing=&#8221;eyJwYXJhbV90eXBlIjoid29vZG1hcnRfcmVzcG9uc2l2ZV9zcGFjaW5nIiwic2VsZWN0b3JfaWQiOiI2NDA3MDdjNzI5MGQyIiwic2hvcnRjb2RlIjoidmNfcm93IiwiZGF0YSI6eyJ0YWJsZXQiOnt9LCJtb2JpbGUiOnt9fX0=&#8221; mobile_bg_img_hidden=&#8221;no&#8221; tablet_bg_img_hidden=&#8221;no&#8221; woodmart_parallax=&#8221;0&#8243; woodmart_gradient_switch=&#8221;no&#8221; woodmart_box_shadow=&#8221;no&#8221;<\/p>\n","protected":false},"featured_media":3856,"comment_status":"closed","ping_status":"closed","template":"","meta":[],"product_brand":[],"product_cat":[52],"product_tag":[],"class_list":{"0":"post-4363","1":"product","2":"type-product","3":"status-publish","4":"has-post-thumbnail","6":"product_cat-zund-lt","8":"first","9":"instock","10":"shipping-taxable","11":"product-type-simple"},"yoast_head":"<!-- This site is optimized with the Yoast SEO plugin v27.1.1 - https:\/\/yoast.com\/product\/yoast-seo-wordpress\/ -->\n<title>Z\u00fcnd BHS150 automatizuota plok\u0161\u010di\u0173 padavimo sistema<\/title>\n<meta name=\"description\" content=\"Z\u00fcnd BHS150 \u2013 visi\u0161kai automatizuota plok\u0161\u010di\u0173 padavimo sistema, skirta efektyviam didelio formato med\u017eiag\u0173 apdorojimui su minimaliu darbuotoj\u0173 poreikiu.\" \/>\n<meta name=\"robots\" content=\"index, follow, max-snippet:-1, max-image-preview:large, max-video-preview:-1\" \/>\n<link rel=\"canonical\" href=\"https:\/\/www.ipdata.se\/lt\/zund-lt\/ploksciu-padavimo-sistema-bhs150\/\" \/>\n<meta property=\"og:locale\" content=\"lt_LT\" \/>\n<meta property=\"og:type\" content=\"article\" \/>\n<meta property=\"og:title\" content=\"Z\u00fcnd BHS150 automatizuota plok\u0161\u010di\u0173 padavimo sistema\" \/>\n<meta property=\"og:description\" content=\"Z\u00fcnd BHS150 \u2013 visi\u0161kai automatizuota plok\u0161\u010di\u0173 padavimo sistema, skirta efektyviam didelio formato med\u017eiag\u0173 apdorojimui su minimaliu darbuotoj\u0173 poreikiu.\" \/>\n<meta property=\"og:url\" content=\"https:\/\/www.ipdata.se\/lt\/zund-lt\/ploksciu-padavimo-sistema-bhs150\/\" \/>\n<meta property=\"og:site_name\" content=\"IP DATA GROUP\" \/>\n<meta property=\"article:modified_time\" content=\"2025-05-04T14:55:59+00:00\" \/>\n<meta property=\"og:image\" content=\"https:\/\/www.ipdata.se\/wp-content\/uploads\/2023\/09\/zund-bhs150.jpg\" \/>\n\t<meta property=\"og:image:width\" content=\"800\" \/>\n\t<meta property=\"og:image:height\" content=\"800\" \/>\n\t<meta property=\"og:image:type\" content=\"image\/jpeg\" \/>\n<meta name=\"twitter:card\" content=\"summary_large_image\" \/>\n<meta name=\"twitter:label1\" content=\"Apytikslis skaitymo laikas\" \/>\n\t<meta name=\"twitter:data1\" content=\"3 minut\u0117s\" \/>\n<script type=\"application\/ld+json\" class=\"yoast-schema-graph\">{\"@context\":\"https:\/\/schema.org\",\"@graph\":[{\"@type\":\"WebPage\",\"@id\":\"https:\/\/www.ipdata.se\/lt\/zund-lt\/ploksciu-padavimo-sistema-bhs150\/\",\"url\":\"https:\/\/www.ipdata.se\/lt\/zund-lt\/ploksciu-padavimo-sistema-bhs150\/\",\"name\":\"Z\u00fcnd BHS150 automatizuota plok\u0161\u010di\u0173 padavimo sistema\",\"isPartOf\":{\"@id\":\"https:\/\/www.ipdata.se\/lt\/#website\"},\"primaryImageOfPage\":{\"@id\":\"https:\/\/www.ipdata.se\/lt\/zund-lt\/ploksciu-padavimo-sistema-bhs150\/#primaryimage\"},\"image\":{\"@id\":\"https:\/\/www.ipdata.se\/lt\/zund-lt\/ploksciu-padavimo-sistema-bhs150\/#primaryimage\"},\"thumbnailUrl\":\"https:\/\/www.ipdata.se\/wp-content\/uploads\/2023\/09\/zund-bhs150.jpg\",\"datePublished\":\"2023-09-05T07:26:39+00:00\",\"dateModified\":\"2025-05-04T14:55:59+00:00\",\"description\":\"Z\u00fcnd BHS150 \u2013 visi\u0161kai automatizuota plok\u0161\u010di\u0173 padavimo sistema, skirta efektyviam didelio formato med\u017eiag\u0173 apdorojimui su minimaliu darbuotoj\u0173 poreikiu.\",\"breadcrumb\":{\"@id\":\"https:\/\/www.ipdata.se\/lt\/zund-lt\/ploksciu-padavimo-sistema-bhs150\/#breadcrumb\"},\"inLanguage\":\"lt-LT\",\"potentialAction\":[{\"@type\":\"ReadAction\",\"target\":[\"https:\/\/www.ipdata.se\/lt\/zund-lt\/ploksciu-padavimo-sistema-bhs150\/\"]}]},{\"@type\":\"ImageObject\",\"inLanguage\":\"lt-LT\",\"@id\":\"https:\/\/www.ipdata.se\/lt\/zund-lt\/ploksciu-padavimo-sistema-bhs150\/#primaryimage\",\"url\":\"https:\/\/www.ipdata.se\/wp-content\/uploads\/2023\/09\/zund-bhs150.jpg\",\"contentUrl\":\"https:\/\/www.ipdata.se\/wp-content\/uploads\/2023\/09\/zund-bhs150.jpg\",\"width\":800,\"height\":800,\"caption\":\"Z\u00fcnd BHS150 \u2013 automatizuota plok\u0161\u010di\u0173 padavimo sistema pramon\u0117s reikm\u0117ms\"},{\"@type\":\"BreadcrumbList\",\"@id\":\"https:\/\/www.ipdata.se\/lt\/zund-lt\/ploksciu-padavimo-sistema-bhs150\/#breadcrumb\",\"itemListElement\":[{\"@type\":\"ListItem\",\"position\":1,\"name\":\"Hem\",\"item\":\"https:\/\/www.ipdata.se\/lt\/\"},{\"@type\":\"ListItem\",\"position\":2,\"name\":\"Shop\",\"item\":\"https:\/\/www.ipdata.se\/lt\/shop\/\"},{\"@type\":\"ListItem\",\"position\":3,\"name\":\"Plok\u0161\u010di\u0173 padavimo sistema &#8211; BHS150\"}]},{\"@type\":\"WebSite\",\"@id\":\"https:\/\/www.ipdata.se\/lt\/#website\",\"url\":\"https:\/\/www.ipdata.se\/lt\/\",\"name\":\"IP DATA GROUP\",\"description\":\"\",\"potentialAction\":[{\"@type\":\"SearchAction\",\"target\":{\"@type\":\"EntryPoint\",\"urlTemplate\":\"https:\/\/www.ipdata.se\/lt\/?s={search_term_string}\"},\"query-input\":{\"@type\":\"PropertyValueSpecification\",\"valueRequired\":true,\"valueName\":\"search_term_string\"}}],\"inLanguage\":\"lt-LT\"}]}<\/script>\n<!-- \/ Yoast SEO plugin. -->","yoast_head_json":{"title":"Z\u00fcnd BHS150 automatizuota plok\u0161\u010di\u0173 padavimo sistema","description":"Z\u00fcnd BHS150 \u2013 visi\u0161kai automatizuota plok\u0161\u010di\u0173 padavimo sistema, skirta efektyviam didelio formato med\u017eiag\u0173 apdorojimui su minimaliu darbuotoj\u0173 poreikiu.","robots":{"index":"index","follow":"follow","max-snippet":"max-snippet:-1","max-image-preview":"max-image-preview:large","max-video-preview":"max-video-preview:-1"},"canonical":"https:\/\/www.ipdata.se\/lt\/zund-lt\/ploksciu-padavimo-sistema-bhs150\/","og_locale":"lt_LT","og_type":"article","og_title":"Z\u00fcnd BHS150 automatizuota plok\u0161\u010di\u0173 padavimo sistema","og_description":"Z\u00fcnd BHS150 \u2013 visi\u0161kai automatizuota plok\u0161\u010di\u0173 padavimo sistema, skirta efektyviam didelio formato med\u017eiag\u0173 apdorojimui su minimaliu darbuotoj\u0173 poreikiu.","og_url":"https:\/\/www.ipdata.se\/lt\/zund-lt\/ploksciu-padavimo-sistema-bhs150\/","og_site_name":"IP DATA GROUP","article_modified_time":"2025-05-04T14:55:59+00:00","og_image":[{"width":800,"height":800,"url":"https:\/\/www.ipdata.se\/wp-content\/uploads\/2023\/09\/zund-bhs150.jpg","type":"image\/jpeg"}],"twitter_card":"summary_large_image","twitter_misc":{"Apytikslis skaitymo laikas":"3 minut\u0117s"},"schema":{"@context":"https:\/\/schema.org","@graph":[{"@type":"WebPage","@id":"https:\/\/www.ipdata.se\/lt\/zund-lt\/ploksciu-padavimo-sistema-bhs150\/","url":"https:\/\/www.ipdata.se\/lt\/zund-lt\/ploksciu-padavimo-sistema-bhs150\/","name":"Z\u00fcnd BHS150 automatizuota plok\u0161\u010di\u0173 padavimo sistema","isPartOf":{"@id":"https:\/\/www.ipdata.se\/lt\/#website"},"primaryImageOfPage":{"@id":"https:\/\/www.ipdata.se\/lt\/zund-lt\/ploksciu-padavimo-sistema-bhs150\/#primaryimage"},"image":{"@id":"https:\/\/www.ipdata.se\/lt\/zund-lt\/ploksciu-padavimo-sistema-bhs150\/#primaryimage"},"thumbnailUrl":"https:\/\/www.ipdata.se\/wp-content\/uploads\/2023\/09\/zund-bhs150.jpg","datePublished":"2023-09-05T07:26:39+00:00","dateModified":"2025-05-04T14:55:59+00:00","description":"Z\u00fcnd BHS150 \u2013 visi\u0161kai automatizuota plok\u0161\u010di\u0173 padavimo sistema, skirta efektyviam didelio formato med\u017eiag\u0173 apdorojimui su minimaliu darbuotoj\u0173 poreikiu.","breadcrumb":{"@id":"https:\/\/www.ipdata.se\/lt\/zund-lt\/ploksciu-padavimo-sistema-bhs150\/#breadcrumb"},"inLanguage":"lt-LT","potentialAction":[{"@type":"ReadAction","target":["https:\/\/www.ipdata.se\/lt\/zund-lt\/ploksciu-padavimo-sistema-bhs150\/"]}]},{"@type":"ImageObject","inLanguage":"lt-LT","@id":"https:\/\/www.ipdata.se\/lt\/zund-lt\/ploksciu-padavimo-sistema-bhs150\/#primaryimage","url":"https:\/\/www.ipdata.se\/wp-content\/uploads\/2023\/09\/zund-bhs150.jpg","contentUrl":"https:\/\/www.ipdata.se\/wp-content\/uploads\/2023\/09\/zund-bhs150.jpg","width":800,"height":800,"caption":"Z\u00fcnd BHS150 \u2013 automatizuota plok\u0161\u010di\u0173 padavimo sistema pramon\u0117s reikm\u0117ms"},{"@type":"BreadcrumbList","@id":"https:\/\/www.ipdata.se\/lt\/zund-lt\/ploksciu-padavimo-sistema-bhs150\/#breadcrumb","itemListElement":[{"@type":"ListItem","position":1,"name":"Hem","item":"https:\/\/www.ipdata.se\/lt\/"},{"@type":"ListItem","position":2,"name":"Shop","item":"https:\/\/www.ipdata.se\/lt\/shop\/"},{"@type":"ListItem","position":3,"name":"Plok\u0161\u010di\u0173 padavimo sistema &#8211; BHS150"}]},{"@type":"WebSite","@id":"https:\/\/www.ipdata.se\/lt\/#website","url":"https:\/\/www.ipdata.se\/lt\/","name":"IP DATA GROUP","description":"","potentialAction":[{"@type":"SearchAction","target":{"@type":"EntryPoint","urlTemplate":"https:\/\/www.ipdata.se\/lt\/?s={search_term_string}"},"query-input":{"@type":"PropertyValueSpecification","valueRequired":true,"valueName":"search_term_string"}}],"inLanguage":"lt-LT"}]}},"_links":{"self":[{"href":"https:\/\/www.ipdata.se\/lt\/wp-json\/wp\/v2\/product\/4363","targetHints":{"allow":["GET"]}}],"collection":[{"href":"https:\/\/www.ipdata.se\/lt\/wp-json\/wp\/v2\/product"}],"about":[{"href":"https:\/\/www.ipdata.se\/lt\/wp-json\/wp\/v2\/types\/product"}],"replies":[{"embeddable":true,"href":"https:\/\/www.ipdata.se\/lt\/wp-json\/wp\/v2\/comments?post=4363"}],"wp:featuredmedia":[{"embeddable":true,"href":"https:\/\/www.ipdata.se\/lt\/wp-json\/wp\/v2\/media\/3856"}],"wp:attachment":[{"href":"https:\/\/www.ipdata.se\/lt\/wp-json\/wp\/v2\/media?parent=4363"}],"wp:term":[{"taxonomy":"product_brand","embeddable":true,"href":"https:\/\/www.ipdata.se\/lt\/wp-json\/wp\/v2\/product_brand?post=4363"},{"taxonomy":"product_cat","embeddable":true,"href":"https:\/\/www.ipdata.se\/lt\/wp-json\/wp\/v2\/product_cat?post=4363"},{"taxonomy":"product_tag","embeddable":true,"href":"https:\/\/www.ipdata.se\/lt\/wp-json\/wp\/v2\/product_tag?post=4363"}],"curies":[{"name":"wp","href":"https:\/\/api.w.org\/{rel}","templated":true}]}}