{"id":4364,"date":"2023-09-05T09:16:09","date_gmt":"2023-09-05T07:16:09","guid":{"rendered":"https:\/\/www.ipdata.se\/products\/ploksciu-padavimo-sistema\/"},"modified":"2025-05-04T17:06:55","modified_gmt":"2025-05-04T15:06:55","slug":"ploksciu-padavimo-sistema","status":"publish","type":"product","link":"https:\/\/www.ipdata.se\/lt\/zund-lt\/ploksciu-padavimo-sistema\/","title":{"rendered":"Plok\u0161\u010di\u0173 padavimo sistema"},"content":{"rendered":"<div class=\"wpb-content-wrapper\"><p>[vc_row full_width=&#8221;stretch_row&#8221; equal_height=&#8221;yes&#8221; content_placement=&#8221;top&#8221; css=&#8221;.vc_custom_1678182352581{margin-bottom: 0px !important;padding-top: 60px !important;padding-bottom: 60px !important;background-color: #f4f5f7 !important;}&#8221; woodmart_css_id=&#8221;640707c7290d2&#8243; responsive_spacing=&#8221;eyJwYXJhbV90eXBlIjoid29vZG1hcnRfcmVzcG9uc2l2ZV9zcGFjaW5nIiwic2VsZWN0b3JfaWQiOiI2NDA3MDdjNzI5MGQyIiwic2hvcnRjb2RlIjoidmNfcm93IiwiZGF0YSI6eyJ0YWJsZXQiOnt9LCJtb2JpbGUiOnt9fX0=&#8221; mobile_bg_img_hidden=&#8221;no&#8221; tablet_bg_img_hidden=&#8221;no&#8221; woodmart_parallax=&#8221;0&#8243; woodmart_gradient_switch=&#8221;no&#8221; woodmart_box_shadow=&#8221;no&#8221; wd_z_index=&#8221;no&#8221; woodmart_disable_overflow=&#8221;0&#8243; row_reverse_mobile=&#8221;0&#8243; row_reverse_tablet=&#8221;0&#8243;][vc_column width=&#8221;1\/2&#8243; css=&#8221;.vc_custom_1678112498917{padding-top: 0px !important;}&#8221; woodmart_css_id=&#8221;6405f6e9a9c83&#8243; parallax_scroll=&#8221;no&#8221; woodmart_sticky_column=&#8221;false&#8221; wd_collapsible_content_switcher=&#8221;no&#8221; wd_column_role_offcanvas_desktop=&#8221;no&#8221; wd_column_role_offcanvas_tablet=&#8221;no&#8221; wd_column_role_offcanvas_mobile=&#8221;no&#8221; wd_column_role_content_desktop=&#8221;no&#8221; wd_column_role_content_tablet=&#8221;no&#8221; wd_column_role_content_mobile=&#8221;no&#8221; mobile_bg_img_hidden=&#8221;no&#8221; tablet_bg_img_hidden=&#8221;no&#8221; woodmart_parallax=&#8221;0&#8243; woodmart_box_shadow=&#8221;no&#8221; responsive_spacing=&#8221;eyJwYXJhbV90eXBlIjoid29vZG1hcnRfcmVzcG9uc2l2ZV9zcGFjaW5nIiwic2VsZWN0b3JfaWQiOiI2NDA1ZjZlOWE5YzgzIiwic2hvcnRjb2RlIjoidmNfY29sdW1uIiwiZGF0YSI6eyJ0YWJsZXQiOnt9LCJtb2JpbGUiOnt9fX0=&#8221; mobile_reset_margin=&#8221;no&#8221; tablet_reset_margin=&#8221;no&#8221; wd_z_index=&#8221;no&#8221;]\n\t\t<div id=\"wd-681781377b640\" class=\"title-wrapper wd-wpb wd-set-mb reset-last-child  wd-rs-681781377b640 wd-title-color-default wd-title-style-default text-left  wd-underline-colored\">\n\t\t\t\n\t\t\t<div class=\"liner-continer\">\n\t\t\t\t<h2 class=\"woodmart-title-container title  wd-font-weight- wd-fontsize-xxxl\" >Z\u00fcnd BHS plok\u0161\u010di\u0173 padavimo sistema<\/h2>\n\t\t\t\t\t\t\t<\/div>\n\t\t\t\n\t\t\t\n\t\t\t\n\t\t<\/div>\n\t\t\n\t\t\t\t<div id=\"wd-681781e43a07e\" class=\"wd-text-block wd-wpb reset-last-child wd-rs-681781e43a07e text-left vc_custom_1746371080449\">\n\t\t\t<p><strong data-start=\"333\" data-end=\"345\">Z\u00fcnd BHS<\/strong> \u2013 tai pusiau automatizuota <strong data-start=\"373\" data-end=\"402\">plok\u0161\u010di\u0173 padavimo sistema<\/strong>, sukurta padidinti gamybos efektyvum\u0105, suma\u017einti prastovas ir supaprastinti didelio formato med\u017eiag\u0173 tiekim\u0105 \u012f Z\u00fcnd kirpimo sistemas. Sistema palaiko nuolatin\u012f med\u017eiag\u0173 tiekim\u0105 ir leid\u017eia optimizuoti darbo eig\u0105 su minimaliu darbuotoj\u0173 \u012fsiki\u0161imu.<\/p>\n\t\t<\/div>\n\t\t[\/vc_column][vc_column width=&#8221;1\/2&#8243; css=&#8221;.vc_custom_1678112505141{padding-top: 0px !important;}&#8221; woodmart_css_id=&#8221;6405f6f654b33&#8243; parallax_scroll=&#8221;no&#8221; woodmart_sticky_column=&#8221;false&#8221; wd_collapsible_content_switcher=&#8221;no&#8221; wd_column_role_offcanvas_desktop=&#8221;no&#8221; wd_column_role_offcanvas_tablet=&#8221;no&#8221; wd_column_role_offcanvas_mobile=&#8221;no&#8221; wd_column_role_content_desktop=&#8221;no&#8221; wd_column_role_content_tablet=&#8221;no&#8221; wd_column_role_content_mobile=&#8221;no&#8221; mobile_bg_img_hidden=&#8221;no&#8221; tablet_bg_img_hidden=&#8221;no&#8221; woodmart_parallax=&#8221;0&#8243; woodmart_box_shadow=&#8221;no&#8221; responsive_spacing=&#8221;eyJwYXJhbV90eXBlIjoid29vZG1hcnRfcmVzcG9uc2l2ZV9zcGFjaW5nIiwic2VsZWN0b3JfaWQiOiI2NDA1ZjZmNjU0YjMzIiwic2hvcnRjb2RlIjoidmNfY29sdW1uIiwiZGF0YSI6eyJ0YWJsZXQiOnt9LCJtb2JpbGUiOnt9fX0=&#8221; mobile_reset_margin=&#8221;no&#8221; tablet_reset_margin=&#8221;no&#8221; wd_z_index=&#8221;no&#8221;][vc_single_image image=&#8221;681&#8243; img_size=&#8221;full&#8221; alignment=&#8221;center&#8221; css=&#8221;.vc_custom_1693898260511{margin-bottom: 0px !important;}&#8221; parallax_scroll=&#8221;no&#8221; woodmart_inline=&#8221;no&#8221;][\/vc_column][\/vc_row][vc_row][vc_column]\n\t\t<div id=\"wd-68178174178ca\" class=\"wd-tabs wd-wpb wd-rs-68178174178ca tabs-design-simple \">\n\t\t\t<div class=\"wd-tabs-header\">\n\t\t\t\t\t\t\t\t\t<div class=\"tabs-name title\">\n\t\t\t\t\t\t\t\t\t\t\t\t<span class=\"tabs-text\">BHS Informacija<\/span>\n\t\t\t\t\t<\/div>\n\t\t\t\t\n\t\t\t\t\n\t\t\t\t<div class=\"wd-nav-wrapper wd-nav-tabs-wrapper wd-mb-action-swipe\">\n\t\t\t\t\t<ul class=\"wd-nav wd-nav-tabs wd-icon-pos-left wd-style-default font-primary wd-fontsize-s wd-font-weight-600\">\n\t\t\t\t\t\t\t\t\t\t\t\t\t\n\t\t\t\t\t\t\t<li>\n\t\t\t\t\t\t\t\t<a href=\"#\" class=\"wd-nav-link\">\n\t\t\t\t\t\t\t\t\t\t\t\t\t\t\t\t\t\t<span class=\"nav-link-text wd-tabs-title\">\n\t\t\t\t\t\t\t\t\t\tVisi privalumai i\u0161 pirmo \u017evilgsnio\t\t\t\t\t\t\t\t\t<\/span>\n\t\t\t\t\t\t\t\t<\/a>\n\t\t\t\t\t\t\t<\/li>\n\n\t\t\t\t\t\t\t\t\t\t\t\t\t\n\t\t\t\t\t\t\t<li>\n\t\t\t\t\t\t\t\t<a href=\"#\" class=\"wd-nav-link\">\n\t\t\t\t\t\t\t\t\t\t\t\t\t\t\t\t\t\t<span class=\"nav-link-text wd-tabs-title\">\n\t\t\t\t\t\t\t\t\t\tI\u0161sami informacija\t\t\t\t\t\t\t\t\t<\/span>\n\t\t\t\t\t\t\t\t<\/a>\n\t\t\t\t\t\t\t<\/li>\n\n\t\t\t\t\t\t\t\t\t\t\t\t\t\n\t\t\t\t\t\t\t<li>\n\t\t\t\t\t\t\t\t<a href=\"#\" class=\"wd-nav-link\">\n\t\t\t\t\t\t\t\t\t\t\t\t\t\t\t\t\t\t<span class=\"nav-link-text wd-tabs-title\">\n\t\t\t\t\t\t\t\t\t\tGamintojo svetain\u0117\t\t\t\t\t\t\t\t\t<\/span>\n\t\t\t\t\t\t\t\t<\/a>\n\t\t\t\t\t\t\t<\/li>\n\n\t\t\t\t\t\t\n\t\t\t\t\t<\/ul>\n\t\t\t\t<\/div>\n\t\t\t<\/div>\n\n\t\t\t<div class=\"wd-tabs-content-wrapper\">\n\t\t\t\t\n\t\t<div class=\"wd-tab-content\">\n\t\t\t\t\t\t\t<div class=\"wd-entry-content\">\n\t\t\t\t\t<\/p>\n<ul>\n<li>Auk\u0161\u010diausio lygio automatizavimas su minimaliu personalo poreikiu<\/li>\n<li>Sukurtas pramoniniam darbui 24 valandas per par\u0105, 7 dienas per savait\u0119<\/li>\n<li>Did\u017eiausias gamybos paj\u0117gumas<\/li>\n<\/ul>\n<p>\t\t\t\t<\/div>\n\t\t\t\t\t<\/div>\n\n\t\t\n\t\t<div class=\"wd-tab-content\">\n\t\t\t\t\t\t\t<div class=\"wd-entry-content\">\n\t\t\t\t\t<\/p>\n<ul>\n<li>Apdorokite didelio formato plok\u0161tes iki 2,0 x 3,2 m\/78 x 126 coli\u0173<\/li>\n<li>Krovimo auk\u0161tis iki 500 mm\/19,5 in<\/li>\n<li>Keliamoji galia 800 kg\/1 750 lbs<\/li>\n<li>Galima naudoti XL-3200, L-3200, L-2500 dyd\u017ei\u0173 kirpimo sistemas<\/li>\n<\/ul>\n<p>\t\t\t\t<\/div>\n\t\t\t\t\t<\/div>\n\n\t\t\n\t\t<div class=\"wd-tab-content\">\n\t\t\t\t\t\t\t<div class=\"wd-entry-content\">\n\t\t\t\t\tDaugiau informacijos rasite gamintojo svetain\u0117je<\/p>\n<p><a href=\"https:\/\/www.zund.com\/en\/cutting-systems\/material-handling\/board-handling-system-bhs\" target=\"_blank\" rel=\"noopener\">www.zund.com<\/a>.\t\t\t\t<\/div>\n\t\t\t\t\t<\/div>\n\n\t\t\t\t\t<\/div>\n\t\t<\/div>\n\n\t\t[vc_separator wd_hide_on_desktop=&#8221;no&#8221; wd_hide_on_tablet=&#8221;no&#8221; wd_hide_on_mobile=&#8221;no&#8221;][\/vc_column][\/vc_row]<\/p>\n<\/div>","protected":false},"excerpt":{"rendered":"<p>[vc_row full_width=&#8221;stretch_row&#8221; equal_height=&#8221;yes&#8221; content_placement=&#8221;top&#8221; css=&#8221;.vc_custom_1678182352581{margin-bottom: 0px !important;padding-top: 60px !important;padding-bottom: 60px !important;background-color: #f4f5f7 !important;}&#8221; woodmart_css_id=&#8221;640707c7290d2&#8243; responsive_spacing=&#8221;eyJwYXJhbV90eXBlIjoid29vZG1hcnRfcmVzcG9uc2l2ZV9zcGFjaW5nIiwic2VsZWN0b3JfaWQiOiI2NDA3MDdjNzI5MGQyIiwic2hvcnRjb2RlIjoidmNfcm93IiwiZGF0YSI6eyJ0YWJsZXQiOnt9LCJtb2JpbGUiOnt9fX0=&#8221; mobile_bg_img_hidden=&#8221;no&#8221; tablet_bg_img_hidden=&#8221;no&#8221; woodmart_parallax=&#8221;0&#8243; woodmart_gradient_switch=&#8221;no&#8221; woodmart_box_shadow=&#8221;no&#8221;<\/p>\n","protected":false},"featured_media":3852,"comment_status":"closed","ping_status":"closed","template":"","meta":[],"product_brand":[],"product_cat":[52],"product_tag":[],"class_list":{"0":"post-4364","1":"product","2":"type-product","3":"status-publish","4":"has-post-thumbnail","6":"product_cat-zund-lt","8":"first","9":"instock","10":"shipping-taxable","11":"product-type-simple"},"yoast_head":"<!-- This site is optimized with the Yoast SEO plugin v27.1.1 - https:\/\/yoast.com\/product\/yoast-seo-wordpress\/ -->\n<title>Z\u00fcnd BHS \u2013 plok\u0161\u010di\u0173 padavimo sistema pramoniniam kirpimui<\/title>\n<meta name=\"description\" content=\"Z\u00fcnd BHS \u2013 pusiau automatizuota plok\u0161\u010di\u0173 padavimo sistema, padedanti efektyviai tiekti ir apdoroti didelio formato plok\u0161tes gamybos linijose.\" \/>\n<meta name=\"robots\" content=\"index, follow, max-snippet:-1, max-image-preview:large, max-video-preview:-1\" \/>\n<link rel=\"canonical\" href=\"https:\/\/www.ipdata.se\/lt\/zund-lt\/ploksciu-padavimo-sistema\/\" \/>\n<meta property=\"og:locale\" content=\"lt_LT\" \/>\n<meta property=\"og:type\" content=\"article\" \/>\n<meta property=\"og:title\" content=\"Z\u00fcnd BHS \u2013 plok\u0161\u010di\u0173 padavimo sistema pramoniniam kirpimui\" \/>\n<meta property=\"og:description\" content=\"Z\u00fcnd BHS \u2013 pusiau automatizuota plok\u0161\u010di\u0173 padavimo sistema, padedanti efektyviai tiekti ir apdoroti didelio formato plok\u0161tes gamybos linijose.\" \/>\n<meta property=\"og:url\" content=\"https:\/\/www.ipdata.se\/lt\/zund-lt\/ploksciu-padavimo-sistema\/\" \/>\n<meta property=\"og:site_name\" content=\"IP DATA GROUP\" \/>\n<meta property=\"article:modified_time\" content=\"2025-05-04T15:06:55+00:00\" \/>\n<meta property=\"og:image\" content=\"https:\/\/www.ipdata.se\/wp-content\/uploads\/2023\/09\/zund-bhs.jpg\" \/>\n\t<meta property=\"og:image:width\" content=\"800\" \/>\n\t<meta property=\"og:image:height\" content=\"800\" \/>\n\t<meta property=\"og:image:type\" content=\"image\/jpeg\" \/>\n<meta name=\"twitter:card\" content=\"summary_large_image\" \/>\n<meta name=\"twitter:label1\" content=\"Apytikslis skaitymo laikas\" \/>\n\t<meta name=\"twitter:data1\" content=\"2 minut\u0117s\" \/>\n<script type=\"application\/ld+json\" class=\"yoast-schema-graph\">{\"@context\":\"https:\/\/schema.org\",\"@graph\":[{\"@type\":\"WebPage\",\"@id\":\"https:\/\/www.ipdata.se\/lt\/zund-lt\/ploksciu-padavimo-sistema\/\",\"url\":\"https:\/\/www.ipdata.se\/lt\/zund-lt\/ploksciu-padavimo-sistema\/\",\"name\":\"Z\u00fcnd BHS \u2013 plok\u0161\u010di\u0173 padavimo sistema pramoniniam kirpimui\",\"isPartOf\":{\"@id\":\"https:\/\/www.ipdata.se\/lt\/#website\"},\"primaryImageOfPage\":{\"@id\":\"https:\/\/www.ipdata.se\/lt\/zund-lt\/ploksciu-padavimo-sistema\/#primaryimage\"},\"image\":{\"@id\":\"https:\/\/www.ipdata.se\/lt\/zund-lt\/ploksciu-padavimo-sistema\/#primaryimage\"},\"thumbnailUrl\":\"https:\/\/www.ipdata.se\/wp-content\/uploads\/2023\/09\/zund-bhs.jpg\",\"datePublished\":\"2023-09-05T07:16:09+00:00\",\"dateModified\":\"2025-05-04T15:06:55+00:00\",\"description\":\"Z\u00fcnd BHS \u2013 pusiau automatizuota plok\u0161\u010di\u0173 padavimo sistema, padedanti efektyviai tiekti ir apdoroti didelio formato plok\u0161tes gamybos linijose.\",\"breadcrumb\":{\"@id\":\"https:\/\/www.ipdata.se\/lt\/zund-lt\/ploksciu-padavimo-sistema\/#breadcrumb\"},\"inLanguage\":\"lt-LT\",\"potentialAction\":[{\"@type\":\"ReadAction\",\"target\":[\"https:\/\/www.ipdata.se\/lt\/zund-lt\/ploksciu-padavimo-sistema\/\"]}]},{\"@type\":\"ImageObject\",\"inLanguage\":\"lt-LT\",\"@id\":\"https:\/\/www.ipdata.se\/lt\/zund-lt\/ploksciu-padavimo-sistema\/#primaryimage\",\"url\":\"https:\/\/www.ipdata.se\/wp-content\/uploads\/2023\/09\/zund-bhs.jpg\",\"contentUrl\":\"https:\/\/www.ipdata.se\/wp-content\/uploads\/2023\/09\/zund-bhs.jpg\",\"width\":800,\"height\":800,\"caption\":\"Z\u00fcnd BHS plok\u0161\u010di\u0173 padavimo sistema\"},{\"@type\":\"BreadcrumbList\",\"@id\":\"https:\/\/www.ipdata.se\/lt\/zund-lt\/ploksciu-padavimo-sistema\/#breadcrumb\",\"itemListElement\":[{\"@type\":\"ListItem\",\"position\":1,\"name\":\"Hem\",\"item\":\"https:\/\/www.ipdata.se\/lt\/\"},{\"@type\":\"ListItem\",\"position\":2,\"name\":\"Shop\",\"item\":\"https:\/\/www.ipdata.se\/lt\/shop\/\"},{\"@type\":\"ListItem\",\"position\":3,\"name\":\"Plok\u0161\u010di\u0173 padavimo sistema\"}]},{\"@type\":\"WebSite\",\"@id\":\"https:\/\/www.ipdata.se\/lt\/#website\",\"url\":\"https:\/\/www.ipdata.se\/lt\/\",\"name\":\"IP DATA GROUP\",\"description\":\"\",\"potentialAction\":[{\"@type\":\"SearchAction\",\"target\":{\"@type\":\"EntryPoint\",\"urlTemplate\":\"https:\/\/www.ipdata.se\/lt\/?s={search_term_string}\"},\"query-input\":{\"@type\":\"PropertyValueSpecification\",\"valueRequired\":true,\"valueName\":\"search_term_string\"}}],\"inLanguage\":\"lt-LT\"}]}<\/script>\n<!-- \/ Yoast SEO plugin. -->","yoast_head_json":{"title":"Z\u00fcnd BHS \u2013 plok\u0161\u010di\u0173 padavimo sistema pramoniniam kirpimui","description":"Z\u00fcnd BHS \u2013 pusiau automatizuota plok\u0161\u010di\u0173 padavimo sistema, padedanti efektyviai tiekti ir apdoroti didelio formato plok\u0161tes gamybos linijose.","robots":{"index":"index","follow":"follow","max-snippet":"max-snippet:-1","max-image-preview":"max-image-preview:large","max-video-preview":"max-video-preview:-1"},"canonical":"https:\/\/www.ipdata.se\/lt\/zund-lt\/ploksciu-padavimo-sistema\/","og_locale":"lt_LT","og_type":"article","og_title":"Z\u00fcnd BHS \u2013 plok\u0161\u010di\u0173 padavimo sistema pramoniniam kirpimui","og_description":"Z\u00fcnd BHS \u2013 pusiau automatizuota plok\u0161\u010di\u0173 padavimo sistema, padedanti efektyviai tiekti ir apdoroti didelio formato plok\u0161tes gamybos linijose.","og_url":"https:\/\/www.ipdata.se\/lt\/zund-lt\/ploksciu-padavimo-sistema\/","og_site_name":"IP DATA GROUP","article_modified_time":"2025-05-04T15:06:55+00:00","og_image":[{"width":800,"height":800,"url":"https:\/\/www.ipdata.se\/wp-content\/uploads\/2023\/09\/zund-bhs.jpg","type":"image\/jpeg"}],"twitter_card":"summary_large_image","twitter_misc":{"Apytikslis skaitymo laikas":"2 minut\u0117s"},"schema":{"@context":"https:\/\/schema.org","@graph":[{"@type":"WebPage","@id":"https:\/\/www.ipdata.se\/lt\/zund-lt\/ploksciu-padavimo-sistema\/","url":"https:\/\/www.ipdata.se\/lt\/zund-lt\/ploksciu-padavimo-sistema\/","name":"Z\u00fcnd BHS \u2013 plok\u0161\u010di\u0173 padavimo sistema pramoniniam kirpimui","isPartOf":{"@id":"https:\/\/www.ipdata.se\/lt\/#website"},"primaryImageOfPage":{"@id":"https:\/\/www.ipdata.se\/lt\/zund-lt\/ploksciu-padavimo-sistema\/#primaryimage"},"image":{"@id":"https:\/\/www.ipdata.se\/lt\/zund-lt\/ploksciu-padavimo-sistema\/#primaryimage"},"thumbnailUrl":"https:\/\/www.ipdata.se\/wp-content\/uploads\/2023\/09\/zund-bhs.jpg","datePublished":"2023-09-05T07:16:09+00:00","dateModified":"2025-05-04T15:06:55+00:00","description":"Z\u00fcnd BHS \u2013 pusiau automatizuota plok\u0161\u010di\u0173 padavimo sistema, padedanti efektyviai tiekti ir apdoroti didelio formato plok\u0161tes gamybos linijose.","breadcrumb":{"@id":"https:\/\/www.ipdata.se\/lt\/zund-lt\/ploksciu-padavimo-sistema\/#breadcrumb"},"inLanguage":"lt-LT","potentialAction":[{"@type":"ReadAction","target":["https:\/\/www.ipdata.se\/lt\/zund-lt\/ploksciu-padavimo-sistema\/"]}]},{"@type":"ImageObject","inLanguage":"lt-LT","@id":"https:\/\/www.ipdata.se\/lt\/zund-lt\/ploksciu-padavimo-sistema\/#primaryimage","url":"https:\/\/www.ipdata.se\/wp-content\/uploads\/2023\/09\/zund-bhs.jpg","contentUrl":"https:\/\/www.ipdata.se\/wp-content\/uploads\/2023\/09\/zund-bhs.jpg","width":800,"height":800,"caption":"Z\u00fcnd BHS plok\u0161\u010di\u0173 padavimo sistema"},{"@type":"BreadcrumbList","@id":"https:\/\/www.ipdata.se\/lt\/zund-lt\/ploksciu-padavimo-sistema\/#breadcrumb","itemListElement":[{"@type":"ListItem","position":1,"name":"Hem","item":"https:\/\/www.ipdata.se\/lt\/"},{"@type":"ListItem","position":2,"name":"Shop","item":"https:\/\/www.ipdata.se\/lt\/shop\/"},{"@type":"ListItem","position":3,"name":"Plok\u0161\u010di\u0173 padavimo sistema"}]},{"@type":"WebSite","@id":"https:\/\/www.ipdata.se\/lt\/#website","url":"https:\/\/www.ipdata.se\/lt\/","name":"IP DATA GROUP","description":"","potentialAction":[{"@type":"SearchAction","target":{"@type":"EntryPoint","urlTemplate":"https:\/\/www.ipdata.se\/lt\/?s={search_term_string}"},"query-input":{"@type":"PropertyValueSpecification","valueRequired":true,"valueName":"search_term_string"}}],"inLanguage":"lt-LT"}]}},"_links":{"self":[{"href":"https:\/\/www.ipdata.se\/lt\/wp-json\/wp\/v2\/product\/4364","targetHints":{"allow":["GET"]}}],"collection":[{"href":"https:\/\/www.ipdata.se\/lt\/wp-json\/wp\/v2\/product"}],"about":[{"href":"https:\/\/www.ipdata.se\/lt\/wp-json\/wp\/v2\/types\/product"}],"replies":[{"embeddable":true,"href":"https:\/\/www.ipdata.se\/lt\/wp-json\/wp\/v2\/comments?post=4364"}],"wp:featuredmedia":[{"embeddable":true,"href":"https:\/\/www.ipdata.se\/lt\/wp-json\/wp\/v2\/media\/3852"}],"wp:attachment":[{"href":"https:\/\/www.ipdata.se\/lt\/wp-json\/wp\/v2\/media?parent=4364"}],"wp:term":[{"taxonomy":"product_brand","embeddable":true,"href":"https:\/\/www.ipdata.se\/lt\/wp-json\/wp\/v2\/product_brand?post=4364"},{"taxonomy":"product_cat","embeddable":true,"href":"https:\/\/www.ipdata.se\/lt\/wp-json\/wp\/v2\/product_cat?post=4364"},{"taxonomy":"product_tag","embeddable":true,"href":"https:\/\/www.ipdata.se\/lt\/wp-json\/wp\/v2\/product_tag?post=4364"}],"curies":[{"name":"wp","href":"https:\/\/api.w.org\/{rel}","templated":true}]}}