{"id":4381,"date":"2023-03-03T10:38:41","date_gmt":"2023-03-03T09:38:41","guid":{"rendered":"https:\/\/www.ipdata.se\/products\/pathfinder\/"},"modified":"2025-05-05T20:19:38","modified_gmt":"2025-05-05T18:19:38","slug":"daugiasluoksne-kirpimo-sistema-pathfinder","status":"publish","type":"product","link":"https:\/\/www.ipdata.se\/lt\/pathfinder-lt\/pathfinder\/","title":{"rendered":"Pathfinder"},"content":{"rendered":"<div class=\"wpb-content-wrapper\"><p>[vc_row full_width=&#8221;stretch_row&#8221; equal_height=&#8221;yes&#8221; content_placement=&#8221;top&#8221; css=&#8221;.vc_custom_1678182352581{margin-bottom: 0px !important;padding-top: 60px !important;padding-bottom: 60px !important;background-color: #f4f5f7 !important;}&#8221; woodmart_css_id=&#8221;640707c7290d2&#8243; responsive_spacing=&#8221;eyJwYXJhbV90eXBlIjoid29vZG1hcnRfcmVzcG9uc2l2ZV9zcGFjaW5nIiwic2VsZWN0b3JfaWQiOiI2NDA3MDdjNzI5MGQyIiwic2hvcnRjb2RlIjoidmNfcm93IiwiZGF0YSI6eyJ0YWJsZXQiOnt9LCJtb2JpbGUiOnt9fX0=&#8221; mobile_bg_img_hidden=&#8221;no&#8221; tablet_bg_img_hidden=&#8221;no&#8221; woodmart_parallax=&#8221;0&#8243; woodmart_gradient_switch=&#8221;no&#8221; woodmart_box_shadow=&#8221;no&#8221; wd_z_index=&#8221;no&#8221; woodmart_disable_overflow=&#8221;0&#8243; row_reverse_mobile=&#8221;0&#8243; row_reverse_tablet=&#8221;0&#8243;][vc_column width=&#8221;1\/2&#8243; css=&#8221;.vc_custom_1678112498917{padding-top: 0px !important;}&#8221; woodmart_css_id=&#8221;6405f6e9a9c83&#8243; parallax_scroll=&#8221;no&#8221; woodmart_sticky_column=&#8221;false&#8221; wd_collapsible_content_switcher=&#8221;no&#8221; wd_column_role_offcanvas_desktop=&#8221;no&#8221; wd_column_role_offcanvas_tablet=&#8221;no&#8221; wd_column_role_offcanvas_mobile=&#8221;no&#8221; wd_column_role_content_desktop=&#8221;no&#8221; wd_column_role_content_tablet=&#8221;no&#8221; wd_column_role_content_mobile=&#8221;no&#8221; mobile_bg_img_hidden=&#8221;no&#8221; tablet_bg_img_hidden=&#8221;no&#8221; woodmart_parallax=&#8221;0&#8243; woodmart_box_shadow=&#8221;no&#8221; responsive_spacing=&#8221;eyJwYXJhbV90eXBlIjoid29vZG1hcnRfcmVzcG9uc2l2ZV9zcGFjaW5nIiwic2VsZWN0b3JfaWQiOiI2NDA1ZjZlOWE5YzgzIiwic2hvcnRjb2RlIjoidmNfY29sdW1uIiwiZGF0YSI6eyJ0YWJsZXQiOnt9LCJtb2JpbGUiOnt9fX0=&#8221; mobile_reset_margin=&#8221;no&#8221; tablet_reset_margin=&#8221;no&#8221; wd_z_index=&#8221;no&#8221;]\n\t\t<div id=\"wd-64f83217c595e\" class=\"title-wrapper wd-wpb wd-set-mb reset-last-child  wd-rs-64f83217c595e wd-title-color-default wd-title-style-default text-left  wd-underline-colored\">\n\t\t\t\n\t\t\t<div class=\"liner-continer\">\n\t\t\t\t<h2 class=\"woodmart-title-container title  wd-font-weight- wd-fontsize-xxxl\" >AUTOMATINIS DAUGIASLUOKSNI\u0172 AUDINI\u0172 SUKIRPIMAS<\/h2>\n\t\t\t\t\t\t\t<\/div>\n\t\t\t\n\t\t\t\n\t\t\t\n\t\t<\/div>\n\t\t\n\t\t\t\t<div id=\"wd-64f8321e1e31f\" class=\"wd-text-block wd-wpb reset-last-child wd-rs-64f8321e1e31f text-left vc_custom_1693987364123\">\n\t\t\t<p>&#8222;Pathfinder M-Series\u00ae&#8221; automatin\u0117s audini\u0173 kirpimo ma\u0161inos pasi\u017eymi tikslumu, labai dideliu na\u0161umu ir patikimumu bei ma\u017eiausiomis energijos s\u0105naudomis. Visi 16 modeli\u0173 (4 kirpimo plo\u010dio ir 4 kirpimo ilgio variantai) yra lengvai pritaikomi \u012fvairioms sukirpimo reikm\u0117ms D\u0117l sumanaus dizaino &#8221;Pathfinder\u201c daugiasluoksn\u0117s sukirpimo sistemos reikalauja minimalios prie\u017ei\u016bros, ta\u010diau ilg\u0105 laik\u0105 u\u017etikrina i\u0161skirtin\u0119 kirpimo kokyb\u0119.<\/p>\n\t\t<\/div>\n\t\t[\/vc_column][vc_column width=&#8221;1\/2&#8243; css=&#8221;.vc_custom_1678112505141{padding-top: 0px !important;}&#8221; woodmart_css_id=&#8221;6405f6f654b33&#8243; parallax_scroll=&#8221;no&#8221; woodmart_sticky_column=&#8221;false&#8221; wd_collapsible_content_switcher=&#8221;no&#8221; wd_column_role_offcanvas_desktop=&#8221;no&#8221; wd_column_role_offcanvas_tablet=&#8221;no&#8221; wd_column_role_offcanvas_mobile=&#8221;no&#8221; wd_column_role_content_desktop=&#8221;no&#8221; wd_column_role_content_tablet=&#8221;no&#8221; wd_column_role_content_mobile=&#8221;no&#8221; mobile_bg_img_hidden=&#8221;no&#8221; tablet_bg_img_hidden=&#8221;no&#8221; woodmart_parallax=&#8221;0&#8243; woodmart_box_shadow=&#8221;no&#8221; responsive_spacing=&#8221;eyJwYXJhbV90eXBlIjoid29vZG1hcnRfcmVzcG9uc2l2ZV9zcGFjaW5nIiwic2VsZWN0b3JfaWQiOiI2NDA1ZjZmNjU0YjMzIiwic2hvcnRjb2RlIjoidmNfY29sdW1uIiwiZGF0YSI6eyJ0YWJsZXQiOnt9LCJtb2JpbGUiOnt9fX0=&#8221; mobile_reset_margin=&#8221;no&#8221; tablet_reset_margin=&#8221;no&#8221; wd_z_index=&#8221;no&#8221;][vc_single_image image=&#8221;356&#8243; img_size=&#8221;full&#8221; alignment=&#8221;center&#8221; css=&#8221;.vc_custom_1678279298808{margin-bottom: 0px !important;}&#8221; parallax_scroll=&#8221;no&#8221; woodmart_inline=&#8221;no&#8221;][\/vc_column][\/vc_row][vc_row][vc_column]\n\t\t<div id=\"wd-64f8323c459e1\" class=\"wd-tabs wd-wpb wd-rs-64f8323c459e1 tabs-design-simple \">\n\t\t\t<div class=\"wd-tabs-header\">\n\t\t\t\t\t\t\t\t\t<div class=\"tabs-name title\">\n\t\t\t\t\t\t\t\t\t\t\t\t<span class=\"tabs-text\">Ap\u017evalga<\/span>\n\t\t\t\t\t<\/div>\n\t\t\t\t\n\t\t\t\t\n\t\t\t\t<div class=\"wd-nav-wrapper wd-nav-tabs-wrapper wd-mb-action-swipe\">\n\t\t\t\t\t<ul class=\"wd-nav wd-nav-tabs wd-icon-pos-left wd-style-default font-primary wd-fontsize-s wd-font-weight-600\">\n\t\t\t\t\t\t\t\t\t\t\t\t\t\n\t\t\t\t\t\t\t<li>\n\t\t\t\t\t\t\t\t<a href=\"#\" class=\"wd-nav-link\">\n\t\t\t\t\t\t\t\t\t\t\t\t\t\t\t\t\t\t<span class=\"nav-link-text wd-tabs-title\">\n\t\t\t\t\t\t\t\t\t\tInformacija\t\t\t\t\t\t\t\t\t<\/span>\n\t\t\t\t\t\t\t\t<\/a>\n\t\t\t\t\t\t\t<\/li>\n\n\t\t\t\t\t\t\t\t\t\t\t\t\t\n\t\t\t\t\t\t\t<li>\n\t\t\t\t\t\t\t\t<a href=\"#\" class=\"wd-nav-link\">\n\t\t\t\t\t\t\t\t\t\t\t\t\t\t\t\t\t\t<span class=\"nav-link-text wd-tabs-title\">\n\t\t\t\t\t\t\t\t\t\tFunkcijos\t\t\t\t\t\t\t\t\t<\/span>\n\t\t\t\t\t\t\t\t<\/a>\n\t\t\t\t\t\t\t<\/li>\n\n\t\t\t\t\t\t\t\t\t\t\t\t\t\n\t\t\t\t\t\t\t<li>\n\t\t\t\t\t\t\t\t<a href=\"#\" class=\"wd-nav-link\">\n\t\t\t\t\t\t\t\t\t\t\t\t\t\t\t\t\t\t<span class=\"nav-link-text wd-tabs-title\">\n\t\t\t\t\t\t\t\t\t\tGamintojo svetain\u0117\t\t\t\t\t\t\t\t\t<\/span>\n\t\t\t\t\t\t\t\t<\/a>\n\t\t\t\t\t\t\t<\/li>\n\n\t\t\t\t\t\t\n\t\t\t\t\t<\/ul>\n\t\t\t\t<\/div>\n\t\t\t<\/div>\n\n\t\t\t<div class=\"wd-tabs-content-wrapper\">\n\t\t\t\t\n\t\t<div class=\"wd-tab-content\">\n\t\t\t\t\t\t\t<div class=\"wd-entry-content\">\n\t\t\t\t\t<strong>Pa\u017eangi CNC audini\u0173 sukirpimo technologija su osciliuojan\u010diais peiliais<br \/>\n<\/strong>M serijos daugiasluoksni\u0173 automatini\u0173 sukirpimo ma\u0161in\u0173 asortiment\u0105 sudaro net 16 modeli\u0173.<br \/>\nSu\u017einokite, kaip \u0161i tekstil\u0117s, audinio, pluo\u0161to daugiasluoksn\u0117 kirpimo sistema Pathfinder gali \u017eenkliai padidinti j\u016bs\u0173 gamybos na\u0161um\u0105!\t\t\t\t<\/div>\n\t\t\t\t\t<\/div>\n\n\t\t\n\t\t<div class=\"wd-tab-content\">\n\t\t\t\t\t\t\t<div class=\"wd-entry-content\">\n\t\t\t\t\t<strong>Daugyb\u0117 standartini\u0173 funkcij\u0173<\/strong><br \/>\nM serijos kirpimo sistemoje \u012fdiegtos novatori\u0161kos technologijos, u\u017etikrinan\u010dios didesn\u012f na\u0161um\u0105 ir didesn\u012f peln\u0105.<\/p>\n<ul>\n<li>&#8222;Windows\u00ae&#8221; operacin\u0117 sistema<\/li>\n<li>&#8222;PathCut\u00ae&#8221; kirptuvo valdymo programin\u0117 \u012franga<\/li>\n<li>Jutiklinio ekrano naudotojo s\u0105saja<\/li>\n<li>Stal\u010dius susid\u0117ti daiktams<\/li>\n<li>Skaitmeninis vakuumo valdymas<\/li>\n<li>Vakuuminis pakartotinis sandarinimas aklinai<\/li>\n<li>Dinaminis vakuumo steb\u0117jimas ir reguliavimas<\/li>\n<li>Vakuuminis i\u0161metimo filtras<\/li>\n<li>&#8222;Vacuum Economiser\u00ae&#8221; energijos taupymo funkcija<\/li>\n<li>&#8222;QuickDraw\u00ae&#8221; automatin\u0117 deimantinio galandinimo sistema<\/li>\n<li>Automatinis \u0161eri\u0173 valymas<\/li>\n<li>Importuokite standartinius pramon\u0117s failus &#8211; DXF, HPGL, ISO RS274d, NTV, ESSI<\/li>\n<li>Bendros eilut\u0117s i\u0161trynimas &#8211; dinami\u0161kas skai\u010diavimas<\/li>\n<li>\u012ekarpos identifikavimas ir transformacija<\/li>\n<li>Skyli\u0173 identifikavimas ir transformavimas<\/li>\n<li>Kirpimo linijos artumo suvokimas<\/li>\n<li>Automatinis kirpimo lango apskai\u010diavimas &#8211; jei \u012fmanoma, &#8222;viso gabalo sukirpimas&#8221;.<\/li>\n<li>Priartinimas ir slinkimas grafiniais pir\u0161t\u0173 gestais<\/li>\n<li>Detali\u0173 ir u\u017esakym\u0173 identifikavimas<\/li>\n<li>Savidiagnostika<\/li>\n<li>Galinis nukirpimas &#8211; programuojamas operatoriaus<\/li>\n<li>Pirmiausia i\u0161kerpamos ma\u017eos detal\u0117s &#8211; naudotojo nustatoma<\/li>\n<li>Automatinis peili\u0173 ir gal\u0105stuv\u0173 nusid\u0117v\u0117jimo kompensavimas<\/li>\n<li>I\u0161 anksto nustatyti kirpimo parametrai<\/li>\n<li>Daugiapakop\u0117 naudotojo prieiga &#8211; parametr\u0173 apsauga<\/li>\n<li>&#8222;MultiCut\u2122&#8221; \u012fterpt\u0173 fail\u0173 eil\u0117s sudarymas<\/li>\n<li>&#8222;QuickPath\u2122&#8221; automatinis kirpimo automatizavimas, siekiant suma\u017einti kirpimo laik\u0105<\/li>\n<li>Integracija &#8211; automatin\u0117 kirpimo darb\u0173 eil\u0117, kirpimo s\u0105ra\u0161o b\u016bsena ir u\u017ebaigt\u0173 detali\u0173 s\u0105ra\u0161as<\/li>\n<li>Automatinis audini\u0173 atliek\u0173 i\u0161kirpimas programuojamais intervalais<\/li>\n<li>Savaranki\u0161kai reguliuojami programin\u0117s \u012frangos parametrai, optimizuojantys kirpimo kokyb\u0119<\/li>\n<li>Lekal\u0173 manipuliavimo funkcijos, \u012fkarpos pasirinkimas, sukimas, apvertimas, gr\u0119\u017eimo praleidimas, mastelio keitimas ir t. t.<\/li>\n<li>Konvejerio jud\u0117jimo \u012f priek\u012f pauz\u0117 &#8211; automatin\u0117, vartotojo nustatoma<\/li>\n<li>Automatin\u0117 konvejerio krovos pagalba &#8211; atstumas ir laikas nustatomi vartotojo<\/li>\n<li>Automatin\u0117 pauz\u0117 ties pasirinkta detale<\/li>\n<li>Pasirinkimas nekirpti detali\u0173<\/li>\n<li>PPR &#8211; &#8222;Pathfinder Proporcingas Gr\u012f\u017etamasis Ry\u0161ys<\/li>\n<li>Automatinis sluoksni\u0173 plo\u010dio tikrinimas<\/li>\n<li>Sistemos istorij\u0173 failas &#8211; i\u0161kirpimo gamybos fail\u0173 tikrinimas<\/li>\n<li>&#8222;Power Fail Re-start&#8221; seka &#8211; intuityvi\u0173 operatoriaus nurodym\u0173 i\u0161d\u0117stymas<\/li>\n<li>&#8222;Maintenance Manager&#8221; &#8211; automatinis technin\u0117s prie\u017ei\u016bros reikalavim\u0173 ir ataskait\u0173 pateikimas<\/li>\n<li>Head parking &#8211; naudotojo nustatomas<\/li>\n<li>Vienet\u0173 pasirinkimas \u012f metrus, jardus arba colius<\/li>\n<li>Defekt\u0173 vengimas &#8211; automatinis detal\u0117s jud\u0117jimas, padedantis i\u0161vengti med\u017eiagos defekt\u0173<\/li>\n<li>Pertvarkymas &#8211; Pasirinkimas i\u0161 vienos dalies arba i\u0161 dali\u0173 numerio<\/li>\n<li>Palaikomos kelios kalbos.<\/li>\n<\/ul>\n<p>\t\t\t\t<\/div>\n\t\t\t\t\t<\/div>\n\n\t\t\n\t\t<div class=\"wd-tab-content\">\n\t\t\t\t\t\t\t<div class=\"wd-entry-content\">\n\t\t\t\t\tDaugiau informacijos rasite gamintojo svetain\u0117je<\/p>\n<p><a href=\"https:\/\/pathfindercut.com\/multi-ply-cutters\/\" target=\"_blank\" rel=\"noopener\">Pathfinder M-Linija<\/a>.\t\t\t\t<\/div>\n\t\t\t\t\t<\/div>\n\n\t\t\t\t\t<\/div>\n\t\t<\/div>\n\n\t\t[vc_separator wd_hide_on_desktop=&#8221;no&#8221; wd_hide_on_tablet=&#8221;no&#8221; wd_hide_on_mobile=&#8221;no&#8221;][\/vc_column][\/vc_row][vc_row full_width=&#8221;stretch_row&#8221; woodmart_bg_position=&#8221;right-bottom&#8221; css=&#8221;.vc_custom_1678279475377{margin-top: 40px !important;margin-bottom: 0px !important;padding-top: 0px !important;padding-bottom: 0px !important;background-image: url(https:\/\/www.ipdata.se\/wp-content\/uploads\/2023\/03\/path-bg.jpg?id=358) !important;background-position: 0 0 !important;background-repeat: no-repeat !important;}&#8221; woodmart_css_id=&#8221;640882fda910b&#8221; responsive_spacing=&#8221;eyJwYXJhbV90eXBlIjoid29vZG1hcnRfcmVzcG9uc2l2ZV9zcGFjaW5nIiwic2VsZWN0b3JfaWQiOiI2NDA4ODJmZGE5MTBiIiwic2hvcnRjb2RlIjoidmNfcm93IiwiZGF0YSI6eyJ0YWJsZXQiOnt9LCJtb2JpbGUiOnt9fX0=&#8221; mobile_bg_img_hidden=&#8221;no&#8221; tablet_bg_img_hidden=&#8221;no&#8221; woodmart_parallax=&#8221;0&#8243; woodmart_gradient_switch=&#8221;no&#8221; woodmart_box_shadow=&#8221;no&#8221; wd_z_index=&#8221;no&#8221; woodmart_disable_overflow=&#8221;0&#8243; row_reverse_mobile=&#8221;0&#8243; row_reverse_tablet=&#8221;0&#8243;][vc_column css=&#8221;.vc_custom_1678191873681{margin-top: 0px !important;margin-bottom: 0px !important;padding-top: 10vh !important;padding-bottom: 10vh !important;}&#8221; woodmart_css_id=&#8221;64072cfe59cb7&#8243; parallax_scroll=&#8221;no&#8221; woodmart_sticky_column=&#8221;false&#8221; wd_collapsible_content_switcher=&#8221;no&#8221; wd_column_role_offcanvas_desktop=&#8221;no&#8221; wd_column_role_offcanvas_tablet=&#8221;no&#8221; wd_column_role_offcanvas_mobile=&#8221;no&#8221; wd_column_role_content_desktop=&#8221;no&#8221; wd_column_role_content_tablet=&#8221;no&#8221; wd_column_role_content_mobile=&#8221;no&#8221; mobile_bg_img_hidden=&#8221;no&#8221; tablet_bg_img_hidden=&#8221;no&#8221; woodmart_parallax=&#8221;0&#8243; woodmart_box_shadow=&#8221;no&#8221; responsive_spacing=&#8221;eyJwYXJhbV90eXBlIjoid29vZG1hcnRfcmVzcG9uc2l2ZV9zcGFjaW5nIiwic2VsZWN0b3JfaWQiOiI2NDA3MmNmZTU5Y2I3Iiwic2hvcnRjb2RlIjoidmNfY29sdW1uIiwiZGF0YSI6eyJ0YWJsZXQiOnt9LCJtb2JpbGUiOnt9fX0=&#8221; mobile_reset_margin=&#8221;no&#8221; tablet_reset_margin=&#8221;no&#8221; wd_z_index=&#8221;no&#8221;][vc_row_inner woodmart_css_id=&#8221;6407082249249&#8243; responsive_spacing=&#8221;eyJwYXJhbV90eXBlIjoid29vZG1hcnRfcmVzcG9uc2l2ZV9zcGFjaW5nIiwic2VsZWN0b3JfaWQiOiI2NDA3MDgyMjQ5MjQ5Iiwic2hvcnRjb2RlIjoidmNfcm93X2lubmVyIiwiZGF0YSI6eyJ0YWJsZXQiOnt9LCJtb2JpbGUiOnt9fX0=&#8221; mobile_bg_img_hidden=&#8221;no&#8221; tablet_bg_img_hidden=&#8221;no&#8221; woodmart_parallax=&#8221;0&#8243; woodmart_gradient_switch=&#8221;no&#8221; woodmart_box_shadow=&#8221;no&#8221; wd_z_index=&#8221;no&#8221; woodmart_disable_overflow=&#8221;0&#8243; row_reverse_mobile=&#8221;0&#8243; row_reverse_tablet=&#8221;0&#8243; css=&#8221;.vc_custom_1678182439560{margin-top: 0px !important;margin-bottom: 0px !important;padding-top: 0px !important;padding-bottom: 0px !important;}&#8221;][vc_column_inner width=&#8221;1\/2&#8243; css=&#8221;.vc_custom_1677765795331{padding-top: 40px !important;padding-right: 40px !important;padding-bottom: 40px !important;padding-left: 40px !important;background-color: #264359 !important;}&#8221; woodmart_css_id=&#8221;6400ac939cd69&#8243; parallax_scroll=&#8221;no&#8221; woodmart_sticky_column=&#8221;false&#8221; wd_collapsible_content_switcher=&#8221;no&#8221; wd_column_role_offcanvas_desktop=&#8221;no&#8221; wd_column_role_offcanvas_tablet=&#8221;no&#8221; wd_column_role_offcanvas_mobile=&#8221;no&#8221; wd_column_role_content_desktop=&#8221;no&#8221; wd_column_role_content_tablet=&#8221;no&#8221; wd_column_role_content_mobile=&#8221;no&#8221; mobile_bg_img_hidden=&#8221;no&#8221; tablet_bg_img_hidden=&#8221;no&#8221; woodmart_parallax=&#8221;0&#8243; woodmart_box_shadow=&#8221;no&#8221; responsive_spacing=&#8221;eyJwYXJhbV90eXBlIjoid29vZG1hcnRfcmVzcG9uc2l2ZV9zcGFjaW5nIiwic2VsZWN0b3JfaWQiOiI2NDAwYWM5MzljZDY5Iiwic2hvcnRjb2RlIjoidmNfY29sdW1uX2lubmVyIiwiZGF0YSI6eyJ0YWJsZXQiOnt9LCJtb2JpbGUiOnt9fX0=&#8221; wd_z_index=&#8221;no&#8221;]\t\t<div id=\"wd-6818eb619b084\" class=\"wd-text-block wd-wpb reset-last-child wd-rs-6818eb619b084 text-left vc_custom_1746463599156\">\n\t\t\t<p><strong>Pritaikykite savo automatin\u0119 daugiasluoksn\u0119 tekstil\u0117s sukirpimo sistem\u0105<\/strong><br \/>\nParinktys, tinkan\u010dios kiekvienam pritaikymui<\/p>\n<p>Kiekvien\u0105 &#8222;Pathfinder&#8221; kirpimo ma\u0161in\u0105 galima papildyti pasirinktin\u0117mis galimyb\u0117mis, kad gamyba b\u016bt\u0173 nepaprastai lanksti. &#8222;Pathfinder&#8221; CNC sukirpimo stakl\u0117s naudojamos \u012fvairiose gamybos srityse, \u012fskaitant drabu\u017ei\u0173, technin\u0117s tekstil\u0117s ir kompozicini\u0173 med\u017eiag\u0173, bald\u0173 apmu\u0161al\u0173 ir automobili\u0173 s\u0117dyni\u0173 gamyb\u0105.<\/p>\n<p>Daugiasluoksnio kirpimo sistema &#8222;Pathfinder&#8221; suteikia dideli\u0173 prana\u0161um\u0173 gamintojams, kurie gamybos procese naudoja kirpim\u0105 peiliu (rankinis presas ir (arba) automatinis, rankinis peilis arba elektra varomas peilis).<\/p>\n\t\t<\/div>\n\t\t[\/vc_column_inner][vc_column_inner width=&#8221;1\/2&#8243;][\/vc_column_inner][\/vc_row_inner][\/vc_column][\/vc_row]<\/p>\n<\/div>","protected":false},"excerpt":{"rendered":"<p>[vc_row full_width=&#8221;stretch_row&#8221; equal_height=&#8221;yes&#8221; content_placement=&#8221;top&#8221; css=&#8221;.vc_custom_1678182352581{margin-bottom: 0px !important;padding-top: 60px !important;padding-bottom: 60px !important;background-color: #f4f5f7 !important;}&#8221; woodmart_css_id=&#8221;640707c7290d2&#8243; responsive_spacing=&#8221;eyJwYXJhbV90eXBlIjoid29vZG1hcnRfcmVzcG9uc2l2ZV9zcGFjaW5nIiwic2VsZWN0b3JfaWQiOiI2NDA3MDdjNzI5MGQyIiwic2hvcnRjb2RlIjoidmNfcm93IiwiZGF0YSI6eyJ0YWJsZXQiOnt9LCJtb2JpbGUiOnt9fX0=&#8221; mobile_bg_img_hidden=&#8221;no&#8221; tablet_bg_img_hidden=&#8221;no&#8221; woodmart_parallax=&#8221;0&#8243; woodmart_gradient_switch=&#8221;no&#8221; woodmart_box_shadow=&#8221;no&#8221;<\/p>\n","protected":false},"featured_media":3688,"comment_status":"closed","ping_status":"closed","template":"","meta":[],"product_brand":[],"product_cat":[51],"product_tag":[],"class_list":{"0":"post-4381","1":"product","2":"type-product","3":"status-publish","4":"has-post-thumbnail","6":"product_cat-pathfinder-lt","8":"first","9":"instock","10":"shipping-taxable","11":"product-type-simple"},"yoast_head":"<!-- This site is optimized with the Yoast SEO plugin v27.1.1 - https:\/\/yoast.com\/product\/yoast-seo-wordpress\/ -->\n<title>Daugiasluoksn\u0117 kirpimo sistema Pathfinder | IP Data Group<\/title>\n<meta name=\"description\" content=\"Daugiasluoksn\u0117 kirpimo sistema Pathfinder tekstilei, audiniui. Tikslumas, na\u0161umas ir patikimumas Baltijos ir Skandinavijos \u0161alyse.\" \/>\n<meta name=\"robots\" content=\"index, follow, max-snippet:-1, max-image-preview:large, max-video-preview:-1\" \/>\n<link rel=\"canonical\" href=\"https:\/\/www.ipdata.se\/lt\/pathfinder-lt\/pathfinder\/\" \/>\n<meta property=\"og:locale\" content=\"lt_LT\" \/>\n<meta property=\"og:type\" content=\"article\" \/>\n<meta property=\"og:title\" content=\"Daugiasluoksn\u0117 kirpimo sistema Pathfinder | IP Data Group\" \/>\n<meta property=\"og:description\" content=\"Daugiasluoksn\u0117 kirpimo sistema Pathfinder tekstilei, audiniui. Tikslumas, na\u0161umas ir patikimumas Baltijos ir Skandinavijos \u0161alyse.\" \/>\n<meta property=\"og:url\" content=\"https:\/\/www.ipdata.se\/lt\/pathfinder-lt\/pathfinder\/\" \/>\n<meta property=\"og:site_name\" content=\"IP DATA GROUP\" \/>\n<meta property=\"article:modified_time\" content=\"2025-05-05T18:19:38+00:00\" \/>\n<meta property=\"og:image\" content=\"https:\/\/www.ipdata.se\/wp-content\/uploads\/2023\/03\/pathfinder-prod.jpg\" \/>\n\t<meta property=\"og:image:width\" content=\"800\" \/>\n\t<meta property=\"og:image:height\" content=\"800\" \/>\n\t<meta property=\"og:image:type\" content=\"image\/jpeg\" \/>\n<meta name=\"twitter:card\" content=\"summary_large_image\" \/>\n<meta name=\"twitter:label1\" content=\"Apytikslis skaitymo laikas\" \/>\n\t<meta name=\"twitter:data1\" content=\"4 minut\u0117s\" \/>\n<script type=\"application\/ld+json\" class=\"yoast-schema-graph\">{\"@context\":\"https:\/\/schema.org\",\"@graph\":[{\"@type\":\"WebPage\",\"@id\":\"https:\/\/www.ipdata.se\/lt\/pathfinder-lt\/pathfinder\/\",\"url\":\"https:\/\/www.ipdata.se\/lt\/pathfinder-lt\/pathfinder\/\",\"name\":\"Daugiasluoksn\u0117 kirpimo sistema Pathfinder | IP Data Group\",\"isPartOf\":{\"@id\":\"https:\/\/www.ipdata.se\/lt\/#website\"},\"primaryImageOfPage\":{\"@id\":\"https:\/\/www.ipdata.se\/lt\/pathfinder-lt\/pathfinder\/#primaryimage\"},\"image\":{\"@id\":\"https:\/\/www.ipdata.se\/lt\/pathfinder-lt\/pathfinder\/#primaryimage\"},\"thumbnailUrl\":\"https:\/\/www.ipdata.se\/wp-content\/uploads\/2023\/03\/pathfinder-prod.jpg\",\"datePublished\":\"2023-03-03T09:38:41+00:00\",\"dateModified\":\"2025-05-05T18:19:38+00:00\",\"description\":\"Daugiasluoksn\u0117 kirpimo sistema Pathfinder tekstilei, audiniui. Tikslumas, na\u0161umas ir patikimumas Baltijos ir Skandinavijos \u0161alyse.\",\"breadcrumb\":{\"@id\":\"https:\/\/www.ipdata.se\/lt\/pathfinder-lt\/pathfinder\/#breadcrumb\"},\"inLanguage\":\"lt-LT\",\"potentialAction\":[{\"@type\":\"ReadAction\",\"target\":[\"https:\/\/www.ipdata.se\/lt\/pathfinder-lt\/pathfinder\/\"]}]},{\"@type\":\"ImageObject\",\"inLanguage\":\"lt-LT\",\"@id\":\"https:\/\/www.ipdata.se\/lt\/pathfinder-lt\/pathfinder\/#primaryimage\",\"url\":\"https:\/\/www.ipdata.se\/wp-content\/uploads\/2023\/03\/pathfinder-prod.jpg\",\"contentUrl\":\"https:\/\/www.ipdata.se\/wp-content\/uploads\/2023\/03\/pathfinder-prod.jpg\",\"width\":800,\"height\":800,\"caption\":\"Daugiasluoksnio kirpimo sistema Pathfinder odai, tekstilei, audiniui\"},{\"@type\":\"BreadcrumbList\",\"@id\":\"https:\/\/www.ipdata.se\/lt\/pathfinder-lt\/pathfinder\/#breadcrumb\",\"itemListElement\":[{\"@type\":\"ListItem\",\"position\":1,\"name\":\"Hem\",\"item\":\"https:\/\/www.ipdata.se\/lt\/\"},{\"@type\":\"ListItem\",\"position\":2,\"name\":\"Shop\",\"item\":\"https:\/\/www.ipdata.se\/lt\/shop\/\"},{\"@type\":\"ListItem\",\"position\":3,\"name\":\"Pathfinder\"}]},{\"@type\":\"WebSite\",\"@id\":\"https:\/\/www.ipdata.se\/lt\/#website\",\"url\":\"https:\/\/www.ipdata.se\/lt\/\",\"name\":\"IP DATA GROUP\",\"description\":\"\",\"potentialAction\":[{\"@type\":\"SearchAction\",\"target\":{\"@type\":\"EntryPoint\",\"urlTemplate\":\"https:\/\/www.ipdata.se\/lt\/?s={search_term_string}\"},\"query-input\":{\"@type\":\"PropertyValueSpecification\",\"valueRequired\":true,\"valueName\":\"search_term_string\"}}],\"inLanguage\":\"lt-LT\"}]}<\/script>\n<!-- \/ Yoast SEO plugin. -->","yoast_head_json":{"title":"Daugiasluoksn\u0117 kirpimo sistema Pathfinder | IP Data Group","description":"Daugiasluoksn\u0117 kirpimo sistema Pathfinder tekstilei, audiniui. Tikslumas, na\u0161umas ir patikimumas Baltijos ir Skandinavijos \u0161alyse.","robots":{"index":"index","follow":"follow","max-snippet":"max-snippet:-1","max-image-preview":"max-image-preview:large","max-video-preview":"max-video-preview:-1"},"canonical":"https:\/\/www.ipdata.se\/lt\/pathfinder-lt\/pathfinder\/","og_locale":"lt_LT","og_type":"article","og_title":"Daugiasluoksn\u0117 kirpimo sistema Pathfinder | IP Data Group","og_description":"Daugiasluoksn\u0117 kirpimo sistema Pathfinder tekstilei, audiniui. Tikslumas, na\u0161umas ir patikimumas Baltijos ir Skandinavijos \u0161alyse.","og_url":"https:\/\/www.ipdata.se\/lt\/pathfinder-lt\/pathfinder\/","og_site_name":"IP DATA GROUP","article_modified_time":"2025-05-05T18:19:38+00:00","og_image":[{"width":800,"height":800,"url":"https:\/\/www.ipdata.se\/wp-content\/uploads\/2023\/03\/pathfinder-prod.jpg","type":"image\/jpeg"}],"twitter_card":"summary_large_image","twitter_misc":{"Apytikslis skaitymo laikas":"4 minut\u0117s"},"schema":{"@context":"https:\/\/schema.org","@graph":[{"@type":"WebPage","@id":"https:\/\/www.ipdata.se\/lt\/pathfinder-lt\/pathfinder\/","url":"https:\/\/www.ipdata.se\/lt\/pathfinder-lt\/pathfinder\/","name":"Daugiasluoksn\u0117 kirpimo sistema Pathfinder | IP Data Group","isPartOf":{"@id":"https:\/\/www.ipdata.se\/lt\/#website"},"primaryImageOfPage":{"@id":"https:\/\/www.ipdata.se\/lt\/pathfinder-lt\/pathfinder\/#primaryimage"},"image":{"@id":"https:\/\/www.ipdata.se\/lt\/pathfinder-lt\/pathfinder\/#primaryimage"},"thumbnailUrl":"https:\/\/www.ipdata.se\/wp-content\/uploads\/2023\/03\/pathfinder-prod.jpg","datePublished":"2023-03-03T09:38:41+00:00","dateModified":"2025-05-05T18:19:38+00:00","description":"Daugiasluoksn\u0117 kirpimo sistema Pathfinder tekstilei, audiniui. Tikslumas, na\u0161umas ir patikimumas Baltijos ir Skandinavijos \u0161alyse.","breadcrumb":{"@id":"https:\/\/www.ipdata.se\/lt\/pathfinder-lt\/pathfinder\/#breadcrumb"},"inLanguage":"lt-LT","potentialAction":[{"@type":"ReadAction","target":["https:\/\/www.ipdata.se\/lt\/pathfinder-lt\/pathfinder\/"]}]},{"@type":"ImageObject","inLanguage":"lt-LT","@id":"https:\/\/www.ipdata.se\/lt\/pathfinder-lt\/pathfinder\/#primaryimage","url":"https:\/\/www.ipdata.se\/wp-content\/uploads\/2023\/03\/pathfinder-prod.jpg","contentUrl":"https:\/\/www.ipdata.se\/wp-content\/uploads\/2023\/03\/pathfinder-prod.jpg","width":800,"height":800,"caption":"Daugiasluoksnio kirpimo sistema Pathfinder odai, tekstilei, audiniui"},{"@type":"BreadcrumbList","@id":"https:\/\/www.ipdata.se\/lt\/pathfinder-lt\/pathfinder\/#breadcrumb","itemListElement":[{"@type":"ListItem","position":1,"name":"Hem","item":"https:\/\/www.ipdata.se\/lt\/"},{"@type":"ListItem","position":2,"name":"Shop","item":"https:\/\/www.ipdata.se\/lt\/shop\/"},{"@type":"ListItem","position":3,"name":"Pathfinder"}]},{"@type":"WebSite","@id":"https:\/\/www.ipdata.se\/lt\/#website","url":"https:\/\/www.ipdata.se\/lt\/","name":"IP DATA GROUP","description":"","potentialAction":[{"@type":"SearchAction","target":{"@type":"EntryPoint","urlTemplate":"https:\/\/www.ipdata.se\/lt\/?s={search_term_string}"},"query-input":{"@type":"PropertyValueSpecification","valueRequired":true,"valueName":"search_term_string"}}],"inLanguage":"lt-LT"}]}},"_links":{"self":[{"href":"https:\/\/www.ipdata.se\/lt\/wp-json\/wp\/v2\/product\/4381","targetHints":{"allow":["GET"]}}],"collection":[{"href":"https:\/\/www.ipdata.se\/lt\/wp-json\/wp\/v2\/product"}],"about":[{"href":"https:\/\/www.ipdata.se\/lt\/wp-json\/wp\/v2\/types\/product"}],"replies":[{"embeddable":true,"href":"https:\/\/www.ipdata.se\/lt\/wp-json\/wp\/v2\/comments?post=4381"}],"wp:featuredmedia":[{"embeddable":true,"href":"https:\/\/www.ipdata.se\/lt\/wp-json\/wp\/v2\/media\/3688"}],"wp:attachment":[{"href":"https:\/\/www.ipdata.se\/lt\/wp-json\/wp\/v2\/media?parent=4381"}],"wp:term":[{"taxonomy":"product_brand","embeddable":true,"href":"https:\/\/www.ipdata.se\/lt\/wp-json\/wp\/v2\/product_brand?post=4381"},{"taxonomy":"product_cat","embeddable":true,"href":"https:\/\/www.ipdata.se\/lt\/wp-json\/wp\/v2\/product_cat?post=4381"},{"taxonomy":"product_tag","embeddable":true,"href":"https:\/\/www.ipdata.se\/lt\/wp-json\/wp\/v2\/product_tag?post=4381"}],"curies":[{"name":"wp","href":"https:\/\/api.w.org\/{rel}","templated":true}]}}